{"id":43519,"date":"2022-07-20T21:00:03","date_gmt":"2022-07-20T20:00:03","guid":{"rendered":"https:\/\/urbex.direct\/?post_type=product&#038;p=43519"},"modified":"2025-05-22T17:37:59","modified_gmt":"2025-05-22T16:37:59","slug":"carte-de-localisation-italie-toutes-les-regions","status":"publish","type":"product","link":"https:\/\/urbex.direct\/fr\/product\/location-map-italy-all-regions\/","title":{"rendered":"Urbex Map Italie : Toutes les r\u00e9gions (1 ou 2 ans d'acc\u00e8s)"},"content":{"rendered":"<p>Cette carte contient les lieux suivants : <ul><li>Casa Mysteria<\/li><li>Convento SM<\/li><li>H\u00f4pital CS \/ Ospedale CS<\/li><li>Centro Termale<\/li><li>Villa Ranalli<\/li><li>Vilaaggio Perduto Fara<\/li><li>La nuit du village abandonn\u00e9<\/li><li>Villa Atelier Della Scultrice<\/li><li>Palazzo del Cardinale<\/li><li>Ex Istituto Geso Devino Operaio<\/li><li>Convento B<\/li><li>Monastero Di Fara<\/li><li>Villa Ponam<\/li><li>Pista D&#039;oro<\/li><li>Orfanotrofio Marcigliana<\/li><li>Villa Mario<\/li><li>Manicomio Psichiatrico<\/li><li>\u00c9lixir du village perdu<\/li><li>Petit zoo \/ Piccolo zoo<\/li><li>Scuola di giganti<\/li><li>Villa Status Quo<\/li><li>Ippodromo di Lafuente<\/li><li>Casa Sperimentale<\/li><li>Cin\u00e9ma avec statues<\/li><li>Fabricca SIA<\/li><li>H\u00f4tel Bonifacev<\/li><li>Cimenterie Cerrano<\/li><li>Raffineria di zucchero<\/li><li>Fabrique d'abbigments<\/li><li>Casa Scarpa<\/li><li>Ch\u00e2teau des Ciclopi<\/li><li>Capannone envahi par la v\u00e9g\u00e9tation<\/li><li>Serre Aurelia 1<\/li><li>Serre Aurelia 2<\/li><li>Colonie Pyrgi<\/li><li>Octogone<\/li><li>Mercati Centrali con gru<\/li><li>Moulin \u00c0 Huile<\/li><li>Grand H\u00f4tel Primus<\/li><li>Central Hydro Electricity<\/li><li>Fabrique de produits m\u00e9dicinaux<\/li><li>Usine Cecconi<\/li><li>Villa su Strada<\/li><li>Piscina bianco<\/li><li>Saponificio<\/li><li>Campo Interno<\/li><li>Colonia Firenza<\/li><li>Fabbrica di Teschi<\/li><li>H\u00f4tel Nico<\/li><li>Ch\u00e2teau dans la for\u00eat<\/li><li>Fabrique Mistral<\/li><li>Ferme Aux Pigeons<\/li><li>Fabricca di Mira<\/li><li>Ex Cartiera AP<\/li><li>Allocations des travailleurs<\/li><li>Le monast\u00e8re abandonn\u00e9 \u00e0 l'eau<\/li><li>Fabbrica Vita<\/li><li>Carri\u00e8re et centre de congr\u00e8s<\/li><li>Aquapark G<\/li><li>Casa Romano<\/li><li>Ruine de l'\u00e9glise de Satan<\/li><li>Doppia Fabbrica<\/li><li>Villa non finita<\/li><li>Le vecchie terme<\/li><li>Villa Pasa<\/li><li>Villa Vina<\/li><li>Villa Botticelli<\/li><li>Chiesa del Parocco<\/li><li>Convento Corridonia<\/li><li>Aquaparc Adriatico<\/li><li>Villa Vespa<\/li><li>Villa Dei Volatili<\/li><li>Villa Milanov<\/li><li>Villa Dei Poeti<\/li><li>Chiesa degli Angeli<\/li><li>Disco Sophistica<\/li><li>La mise en place d'un syst\u00e8me d'alerte pour le football<\/li><li>Chiesa Verde \/ Chiesa del cane pazzo<\/li><li>L'\u00e9glise \u00e0 la maison<\/li><li>La chiesa rimane<\/li><li>Monastero nella nebbia<\/li><li>Disco Frank<\/li><li>Convento di F<\/li><li>Ospedale Gallo<\/li><li>Ristorante Della Nave<\/li><li>L&#039;h\u00f4tel con 2 torri<\/li><li>Groupe motopropulseur V<\/li><li>Centrale elettrica ENEL<\/li><li>Chiesa di A<\/li><li>Villa Palma<\/li><li>La Casa Della Nonna<\/li><li>Villa Compresso<\/li><li>Magazzini stazione<\/li><li>La vecchia scuola di aviazione<\/li><li>H\u00f4tel Torre<\/li><li>Convento Verde<\/li><li>Abbaye Angelo<\/li><li>Fabrique de poudres<\/li><li>Chiesa rosa verde<\/li><li>Fortezza Ginevra<\/li><li>Village de la double \u00e9glise<\/li><li>Abattoir de pigeons<\/li><li>Le Burgage perdu<\/li><li>\u00c9cole de biologie<\/li><li>Fabbrica Olio d&amp;#039 ; Oliva<\/li><li>Villa Agora<\/li><li>Fabbrica la Biancheria Sporca<\/li><li>Fabrique CPT<\/li><li>Villa Coni<\/li><li>Villa Uva<\/li><li>Ferme abandonn\u00e9e<\/li><li>Distilleria Nuova<\/li><li>T\u00e9tanique<\/li><li>Acquapark grec<\/li><li>Istituto Psicopedagogico<\/li><li>Villa Ferrero<\/li><li>O sole mio<\/li><li>Village rural abandonn\u00e9<\/li><li>Miragica<\/li><li>Coll\u00e8ge naval<\/li><li>Villa Cerulli Bozzi Corso<\/li><li>Chiesa San Giorgio Degli Armeni<\/li><li>Sacar<\/li><li>Casa Di Molla<\/li><li>H\u00f4tel M<\/li><li>H\u00f4tel A<\/li><li>H\u00f4tel Golden<\/li><li>Villaggio Normanna<\/li><li>Villagio Iverna<\/li><li>Piscina crollata<\/li><li>Couvent Episcopal<\/li><li>Impianto Chimico<\/li><li>H\u00f4tel Piana<\/li><li>Abbandono del terreno<\/li><li>Casa senza finestre<\/li><li>L'oliveto<\/li><li>Fabrique de ciment C<\/li><li>Le grand site de l'industrie<\/li><li>Les appartements non finis<\/li><li>L'albergo dei rifiuti \/ The Waste Hotel<\/li><li>Casa Avati<\/li><li>Fabrique Peu de visibilit\u00e9<\/li><li>La fabbrica delle arance<\/li><li>L'appartamento vuoto<\/li><li>Villa Pazza<\/li><li>Fabbrica tra le strade<\/li><li>Villaggio Tocco<\/li><li>Chiessa C<\/li><li>Garder \u00e0 l'esprit<\/li><li>Fabbrica Tetto Ruggine<\/li><li>Villa Inaspettato<\/li><li>Casa Mo<\/li><li>Ruderi C<\/li><li>Fabbrica A<\/li><li>Vall\u00e9e des moulins<\/li><li>Casa di Cal<\/li><li>Casa Viti<\/li><li>Villaggio Provinciale<\/li><li>H\u00f4tel de la V\u00e9suve<\/li><li>Base Nato<\/li><li>Ville fant\u00f4me AV<\/li><li>Chiesseta Agreste<\/li><li>Chiesa Sant Antuono<\/li><li>Chiessa Madonna dil Ponte<\/li><li>Chiesa Largo Capuccini<\/li><li>La ville abandonn\u00e9e, dans la ville abandonn\u00e9e<\/li><li>Villas green paradise<\/li><li>Undead Asylum Campania<\/li><li>Prison Break Campania<\/li><li>Piscine du Paradis perdu<\/li><li>Couvent m\u00e9di\u00e9val<\/li><li>Palais Ducal<\/li><li>Ancienne Fabrique NSS<\/li><li>H\u00f4tel Eremo<\/li><li>Casa Di Spinola<\/li><li>Village perdu Pog<\/li><li>Minera di solfiti<\/li><li>Usine Coso<\/li><li>Ch\u00e2teau de Catarina<\/li><li>Le Sea Club<\/li><li>Ospedale Clearblue<\/li><li>La fattoria dimenticata<\/li><li>Casa Kasko<\/li><li>Fabrique \u00e0 la ferme<\/li><li>Rovina della fattoria<\/li><li>Rovina della fattoria 2<\/li><li>La rovina en montagne<\/li><li>Abandon du pont et du tunnel de Potter<\/li><li>Casa Lofaro<\/li><li>Le spa en crescita<\/li><li>Casa dell'autostrada<\/li><li>Chiesa Baro<\/li><li>Caserma Ruin Strand<\/li><li>Grand H\u00f4tel Templi<\/li><li>Ch\u00e2teau de Somersault<\/li><li>Fabbrica Xi&#039;an<\/li><li>Dark School of Music<\/li><li>Discoth\u00e8que Divina<\/li><li>Manicomio di Racconigi<\/li><li>Ospedale Bargnetta \/ La Bertagnetta<\/li><li>Asile V<\/li><li>Villa Trendy<\/li><li>Villa Luciano<\/li><li>Ultimo Impero<\/li><li>Institut Giuseppini<\/li><li>Ospedale della Croce Rossa<\/li><li>Monast\u00e8re MG<\/li><li>Villa Sottos<\/li><li>Castello Novi<\/li><li>Villa Dante<\/li><li>Chiesa CM<\/li><li>Villa Margherita<\/li><li>Ch\u00e2teau de Savi<\/li><li>Villa Corinna<\/li><li>Villa Melano<\/li><li>Fabrique Fantasia<\/li><li>Villa Martiri<\/li><li>Orfanotrofio S<\/li><li>Village perdu de Camillio<\/li><li>Castello Di V<\/li><li>Rovina Nella Foresta<\/li><li>Villa Albero delle Scimmie<\/li><li>Villa Abbettere<\/li><li>Fabrique Grande et Vuoto<\/li><li>Casa Frazione<\/li><li>Villa Lm<\/li><li>Distributeur de benzine abbandonn\u00e9<\/li><li>Fabbrica T<\/li><li>Fabbrica Angolo<\/li><li>Chiesa Madrina<\/li><li>Usine de couleurs<\/li><li>Chiesa SC<\/li><li>La Furnasetta<\/li><li>Palazzo L<\/li><li>Passo Dopo Passo<\/li><li>Oriental Gem Palace<\/li><li>Castello di L<\/li><li>Ectoplasme<\/li><li>Villa Becker<\/li><li>Ch\u00e2teau de Re Claudio<\/li><li>Ospedale Pronto Scorsso<\/li><li>Villa Conchiglia<\/li><li>Cin\u00e9ma Enal<\/li><li>Santuario Bertha Gifford<\/li><li>Villa Donato Bilancia<\/li><li>Castello Mirafiori \/ Castello del Drosso<\/li><li>Villa Grazia<\/li><li>L'\u00e9cole Globe<\/li><li>Pr\u00e9vention infantile<\/li><li>Disco Cesar Palace<\/li><li>Villa Artom<\/li><li>\u00c9cole de Tofana<\/li><li>Chiesa Bosco<\/li><li>Villa Solita<\/li><li>Villa Flavia<\/li><li>Manoir Duchessa<\/li><li>Casa Nella Foresta<\/li><li>Segreti di Cotone \/ La Filature effiloch\u00e9e \/ La filature arlequine<\/li><li>Palazzo Sciure \/ Il Sanatorio Maledetto Di Bioglio<\/li><li>Villa Ron<\/li><li>Villa Rice<\/li><li>Casa di Bambola<\/li><li>Casa Baobicala<\/li><li>Villa B<\/li><li>Albergo S<\/li><li>Villa del cacciatore<\/li><li>Casa Vara<\/li><li>Ferme Scina<\/li><li>Usine de production<\/li><li>Chiesa Rhogama<\/li><li>Fattoria Gazzurlo<\/li><li>Le Globe Club<\/li><li>Le manoir 8K<\/li><li>Discoth\u00e8que Aphro<\/li><li>La fattoria in montagna<\/li><li>Casa Ast<\/li><li>La tour de l'\u00e9glise de Pise<\/li><li>Azienda agricola ASL<\/li><li>La ferme de la cl\u00e9 \/ La fattoria chiave<\/li><li>Villa Mandela<\/li><li>La ferme nucl\u00e9aire \/ La fattoria nucleare<\/li><li>L'\u00e9glise bien cach\u00e9e \/ La chiesa ben nascosta<\/li><li>Les grandes salles des squelettes \/ Le grandi sale degli scheletri<\/li><li>Casa colonica sulla strada \/ Casa colonica sulla strada<\/li><li>La fabrique de saxophone \/ La fabbrica di sassofoni<\/li><li>Manicomio psichiatrico<\/li><li>La maison du loup de mer<\/li><li>Ch\u00e2teau Kippy<\/li><li>Villaggio fantasma<\/li><li>H\u00f4tel Alberghetti<\/li><li>Capella di Villa Durazzo<\/li><li>Chiesa Edio<\/li><li>Colonia Antonia Devoto<\/li><li>Colonia Fara<\/li><li>Manicomio di Quarto<\/li><li>Palazzo Bordoni<\/li><li>Villa Caelum<\/li><li>Villa Sultana<\/li><li>Villa Zan<\/li><li>H\u00f4tel Pigna<\/li><li>\u00c9lectricit\u00e9 centrale<\/li><li>H\u00f4tel Coloniale<\/li><li>Mausol\u00e9e Crespi<\/li><li>Villa Ardesia<\/li><li>\u00c9glise des origines<\/li><li>Ospedale Mediterraneo<\/li><li>Manicomio di Cogoleto<\/li><li>Zone d'exploration lunaire<\/li><li>Villa Puma<\/li><li>Forte C<\/li><li>Forte T<\/li><li>Chiesa Bianca<\/li><li>Chiesa Verde<\/li><li>Fabbrica Sub<\/li><li>Villa Romano<\/li><li>Thermes de Battaglione<\/li><li>Antenne de F1<\/li><li>Ristorante dell&#039;aereo<\/li><li>Villa Miari<\/li><li>Isola del Veneto<\/li><li>Discoth\u00e8que Miro<\/li><li>Villa della Contessa Impazzita<\/li><li>Vieille Lancia<\/li><li>Discoth\u00e8que Madruga<\/li><li>Villa Cabia<\/li><li>Chiessetta Nobiliare<\/li><li>H\u00f4tel Spa<\/li><li>Chiesa O<\/li><li>Maison Alice \/ Maison Diane<\/li><li>Centre commercial Esso<\/li><li>Villa Alfred Ogwang<\/li><li>Teatro Evoluzione<\/li><li>Palais de la Sorpresa<\/li><li>Albergo Simpson<\/li><li>Camp de hippies<\/li><li>Asile Granzette<\/li><li>Fabbrica Forti<\/li><li>Stoccaggio Alibaba<\/li><li>Fabbrica-citt\u00e0<\/li><li>Base missilistica<\/li><li>Il grande albergo ricco<\/li><li>H\u00f4tel Cristallo<\/li><li>Villa Astronomica<\/li><li>Casa con balcone<\/li><li>Le Monast\u00e8re Solaire<\/li><li>Auto Dome<\/li><li>Vita di un monaco<\/li><li>Maison De L&#039;Impagliatore<\/li><li>Base del ladro<\/li><li>La fabrique des tr\u00e9sors<\/li><li>Fabbrica s<\/li><li>Villa Nebbiosa<\/li><li>Ancienne \u00e9glise de San Marziala<\/li><li>Casa Malcazine<\/li><li>Villa Reliquia<\/li><li>Cappella nella foresta \/ Cappella Bianchi<\/li><li>Fabbrica Branco<\/li><li>Ospedale Al Mare<\/li><li>La regina della seta<\/li><li>Il campo proibito<\/li><li>Cas Nosedo<\/li><li>Villa Castelnuovo<\/li><li>Usine de cantines sociales<\/li><li>Poudri\u00e8re abandonn\u00e9e<\/li><li>Ch\u00e2teau de Ghostories<\/li><li>Kinderheim<\/li><li>Monast\u00e8re de Santa Croce<\/li><li>Stabilimento Alluminio<\/li><li>Albergo Montano<\/li><li>Auberge de jeunesse<\/li><li>Bagni a tre Cime<\/li><li>Le g\u00e9ant des bois<\/li><li>La maison divine<\/li><li>La fabbrica di salsicce<\/li><li>Casa Petrol<\/li><li>H\u00f4tel Maria Auxi<\/li><li>3 Case sulla roccia<\/li><li>Complexe de batteries<\/li><li>Station de t\u00e9l\u00e9ph\u00e9rique de l'OTAN<\/li><li>Villa Gemona<\/li><li>Cacciatori delle Alpi<\/li><li>Sorelle \u00e0 Miseria<\/li><li>Maison Ikonik<\/li><li>Bellezza industriale<\/li><li>Chiesa mani di Dio<\/li><li>Villa Stefani<\/li><li>Ristorante viola<\/li><li>Mine Argentiera<\/li><li>H\u00f4tel Eden Beach<\/li><li>Palazzo Palm<\/li><li>Casa di Direttore<\/li><li>Cappella AU<\/li><li>Prigione H29<\/li><li>Casa Cedrino<\/li><li>Sardocalce<\/li><li>Fabbrica PT<\/li><li>Casa Angello<\/li><li>Green Park Hotel<\/li><li>Fornace di calce<\/li><li>H\u00f4tel C<\/li><li>Villa della contessa<\/li><li>Le village des mineurs<\/li><li>Villaggio Abbandonato A<\/li><li>Complesso turistico<\/li><li>Albergo di mare<\/li><li>Baiser disco<\/li><li>Cimenterie Felice<\/li><li>H\u00f4pital d'Abergo<\/li><li>H\u00f4tel Velico<\/li><li>Cementi Alba<\/li><li>Albergo Ferroviario<\/li><li>\u00c9nergie disco<\/li><li>Mini\u00e8re de Frodon<\/li><li>Cartaria Atax<\/li><li>Discoteca dei sacerdoti<\/li><li>Seggiovia Abbandonata \/ T\u00e9l\u00e9si\u00e8ge perdu<\/li><li>Abbandonato il mio villaggio<\/li><li>Station de radio de la guerre froide<\/li><li>Villa Skeleton<\/li><li>H\u00f4tel Exit<\/li><li>Sanatorium Nove<\/li><li>Locomotives oubli\u00e9es<\/li><li>Cas d'une coupole<\/li><li>Villa Stangoni<\/li><li>Villa Mug<\/li><li>Grand Club<\/li><li>H\u00f4tel Benve<\/li><li>Centrale \u00e9lectrique Caterina<\/li><li>Fabbrica di calce<\/li><li>Villa Ginestra \/ Villa Idina<\/li><li>Ville fant\u00f4me mini\u00e8re<\/li><li>Mensa mineraria<\/li><li>Villa Weber<\/li><li>Fabrique de meubles<\/li><li>Fabrique du g\u00e9ant du fer<\/li><li>Centre commercial de Robien<\/li><li>Fabbrica di Sapone<\/li><li>La Diga Dimenticata<\/li><li>Camp militaire des l\u00e9gendes \/ Radar Sardina<\/li><li>Le Mountain Sport Club<\/li><li>Observatoire astronomique<\/li><li>Disco Tsunami<\/li><li>Ospedale M<\/li><li>Albergo dei birilli<\/li><li>H\u00f4tel Capo Taleuda<\/li><li>La mine du technicien<\/li><li>Fabbrica Kork<\/li><li>Institut ENAP<\/li><li>La Colonia nuda<\/li><li>Impianto di trattamento delle acque reflue<\/li><li>Stazione di Molinas<\/li><li>Casa Capo<\/li><li>Villa M<\/li><li>Le dortoir de la centrale \u00e9lectrique<\/li><li>Villaggio del sesso abbandonato<\/li><li>Le dernier morceau<\/li><li>Campo di minzione<\/li><li>Villa Pietri<\/li><li>Capella Pietri<\/li><li>Latticini U<\/li><li>Village Tropica<\/li><li>Colonie des enfants perdus<\/li><li>Carri\u00e8re B<\/li><li>Le village sur la digue<\/li><li>La Casa Fantasma Diga<\/li><li>Caserma L<\/li><li>Les cas de la centrale \u00e9lectrique<\/li><li>Il vecchio villaggio militare<\/li><li>Colonie de chevaux du roi<\/li><li>L'ancienne pizzeria<\/li><li>La zone mini\u00e8re abandonn\u00e9e<\/li><li>Camp Polv<\/li><li>Usine Picci<\/li><li>Miniera Sed<\/li><li>Les ruines d'une petite ville<\/li><li>Village du toit manquant<\/li><li>Stade \u00e0 la retraite \/ Stadio in pensione<\/li><li>Sanatorium Fantasmo<\/li><li>5 in a row \/ 5 di fila<\/li><li>Earthquake Bridge \/ Ponte del terremoto<\/li><li>Villa Falcone<\/li><li>Bo\u00eete de nuit Otto<\/li><li>Scuola invasa SL<\/li><li>Maison \u00e0 trois piliers<\/li><li>Le vieux bar dans les champs<\/li><li>Fours romains<\/li><li>Ferme de l'arbre Oreda<\/li><li>Solo le bellissime pareti<\/li><li>Sala delle Macchine<\/li><li>Tout le monde \u00e0 l'envers<\/li><li>Le rovine sulla collina<\/li><li>H\u00f4tel particulier Conte di Cavour<\/li><li>Fabbrica d'argento<\/li><li>Casa sforzo finale<\/li><li>Chapelle bleue<\/li><li>Grand Hotel et de Milan<\/li><li>Preventorio di R<\/li><li>Tour Oculus<\/li><li>Villa L<\/li><li>Villa V<\/li><li>Acquazzurra Parco<\/li><li>Villa Prati<\/li><li>Discoth\u00e8que Topkapi<\/li><li>Villa Buenos Airos<\/li><li>Discoth\u00e8que Quaresimo<\/li><li>Carcere Maria<\/li><li>Fabrique Zincata<\/li><li>Villa Infestato<\/li><li>Asilo Aguscello<\/li><li>Parc industriel<\/li><li>Scuola Mezzo<\/li><li>Cin\u00e9ma Embassy<\/li><li>Sanatorio Catone<\/li><li>Clinique Bereta<\/li><li>Funivia<\/li><li>Fabrique gigantesque<\/li><li>Fabrique Gezani<\/li><li>Universit\u00e0 Casalec<\/li><li>H\u00f4tel Olmatello<\/li><li>Cartiera ER<\/li><li>Discoth\u00e8que Woodpecker<\/li><li>Villa Ferri<\/li><li>Statue de la Villa Delle<\/li><li>Villa Alessia<\/li><li>Capella Novi<\/li><li>Villa Voleno<\/li><li>H\u00f4tel Gabriele<\/li><li>Hotel a 5 Stelle<\/li><li>Teatro C<\/li><li>La scuola di Frankenstein \/ Scoula de Manequies<\/li><li>Villa Zodiaco<\/li><li>Palazzo dei dieci pianoforti \/ Villa 10 Pianos (Uniquement avec autorisation)<\/li><li>Ex Manicomio Di Colorno<\/li><li>Disco Diana<\/li><li>\u00c9cole Dimenticata<\/li><li>La Casa Gialla<\/li><li>Villa del Cavallo<\/li><li>Fabbrica Gorizia<\/li><li>Casale del artista<\/li><li>Chiesa Giuseppe e Maria<\/li><li>Villa Arcobaleno<\/li><li>La villa della Volpe \/ Casa Della Volpe<\/li><li>\u00c9glise de Rigo<\/li><li>Villa Catini<\/li><li>Nouveau Cin\u00e9ma<\/li><li>Chiesa Monte Cavalloro<\/li><li>Villa del cavaliere \/ Villa Vorkona<\/li><li>Villa Jumanji<\/li><li>Naufrages en Russie<\/li><li>Batiment Z<\/li><li>Silo Cereali<\/li><li>Maxio Fridgeria<\/li><li>Casa Santa Claus<\/li><li>Casa del relitto<\/li><li>Casa rosso edera<\/li><li>La Casa alla stazione<\/li><li>Sucrerie E<\/li><li>Casa Maria<\/li><li>La comunit\u00e0 abbandonata \/ La communaut\u00e9 abandonn\u00e9e<\/li><li>Base militaire dans la ville \/ Army Base in the city<\/li><li>La casa stregata \/ La maison hant\u00e9e<\/li><li>Casa con fienile pianeggiante \/ Maison avec grange plate<\/li><li>La possente Villa \/ The mighty Villa<\/li><li>La fattoria e la cappella \/ La ferme et la chapelle<\/li><li>Fattoria Storica \/ Ferme historique<\/li><li>Une autre ferme en ruine \/ Un'altra fattoria fatiscente<\/li><li>Vecchia purificazione dell'acqua \/ Ancienne purification de l'eau<\/li><li>La piccola stazione \/ La petite gare<\/li><li>La ristrutturazione fallita \/ La r\u00e9novation rat\u00e9e<\/li><li>Il rifugio per cani abbandonati \/ Le refuge pour chiens abandonn\u00e9s<\/li><li>Casino Palacia<\/li><li>H\u00f4tel Thermale<\/li><li>Fattoria in pista \/ Ferme sur le chemin de fer<\/li><li>Piscina sulla spiaggia \/ Piscine sur la plage<\/li><li>Fabbrica dell'aviazione \/ Aviation Factory<\/li><li>La casa fantasma \/ La maison fant\u00f4me<\/li><li>Villa Animali \/ Villa Animals<\/li><li>La casa dei dimenticati<\/li><li>Maison Ulisse<\/li><li>Casa in rovina<\/li><li>Piccolo casale abbandonato<\/li><li>La mezza chiesa<\/li><li>Fabbrica Mattei<\/li><li>Chiesa iconica<\/li><li>Cimitero parrocchiale<\/li><li>Une maison envahie par la v\u00e9g\u00e9tation<\/li><li>Villa Maz<\/li><li>Manicomio di Volterra<\/li><li>Terme Del Corallo<\/li><li>Sanatorio Lucia<\/li><li>Villa Viale<\/li><li>Le z\u00e8bre des glaciers<\/li><li>Villa EB<\/li><li>H\u00f4tel Zano<\/li><li>Annesso di Zano<\/li><li>Villa GM<\/li><li>Bo\u00eete de nuit Ozgur Dengiz<\/li><li>Villa Sbertoli<\/li><li>Sanatorio Bellavista<\/li><li>Borgo di Villa S Village perdu<\/li><li>Piscine de la jungle<\/li><li>Villa Delle Virtu<\/li><li>Casa Della Nonna<\/li><li>Villa Condom<\/li><li>Serre Steampunk<\/li><li>Villa Del Dottore LG<\/li><li>Villa Canneto<\/li><li>Villa del Farmacista<\/li><li>Residenza signorile<\/li><li>Villa delle statue<\/li><li>Casa Solitario<\/li><li>Convento delle monache felice<\/li><li>Istituto Salesiano<\/li><li>H\u00f4pital vert \/ Colosso Grigio<\/li><li>La Serra Thermale \/ Bagno Thermale<\/li><li>Capella M<\/li><li>Il bagno sulfureo abbandonato<\/li><li>GP de Spa<\/li><li>Castello Zano \/ Non Plus Ultra<\/li><li>Monast\u00e8re de Tassa<\/li><li>Villa Pappagaio<\/li><li>Villa Carduci<\/li><li>Scuola Giovanni<\/li><li>Ch\u00e2teau de Montepescini<\/li><li>Usine D'outils<\/li><li>Villa della carrozzina \/ Villa della Resistenza<\/li><li>Il castello senza Re nel borgo di Nessuno<\/li><li>Therme BG<\/li><li>Casas Gialla Infestata<\/li><li>Villa Mirabella<\/li><li>Al Trotto Ippodromo<\/li><li>Incubation dans la cuisine<\/li><li>Villa Hansel &amp; Gretel<\/li><li>Poussi\u00e8re d'\u00e9toiles<\/li><li>Usine de c\u00e9ramique<\/li><li>H\u00f4tel Madonna<\/li><li>H\u00f4tel Eagle<\/li><li>Casa di Rosa<\/li><li>Vecchio e ruggine<\/li><li>Rosso Chimico<\/li><li>Casa della ferrovia<\/li><li>For\u00eat dans la for\u00eat<\/li><li>March\u00e9 de la jungle<\/li><li>Brillance de l'usine<\/li><li>Forte PR<\/li><li>Fattoria Didi<\/li><li>Chiesa Dimentica<\/li><li>Groenland<\/li><li>Labo du m\u00e2le<\/li><li>Manicomio di Mombello<\/li><li>Orphelinat Mono<\/li><li>Villa Camilla<\/li><li>Villa Mira<\/li><li>Parc Republica<\/li><li>Centre commercial Milano<\/li><li>La ville de Fantasma<\/li><li>Grand H\u00f4tel P \/ Campo Estivo<\/li><li>Villa Di Vecchi<\/li><li>Discoth\u00e8que Xo<\/li><li>Villa R Spazio<\/li><li>Impianto Idroelettrico<\/li><li>Sanatorio Divo Carolo Dicatum<\/li><li>Palazzo D'Oro \/ Villa Gold<\/li><li>Ch\u00e2teau Sorpresa<\/li><li>Th\u00e9\u00e2tre Politeama<\/li><li>Villa Delle Cennere<\/li><li>Chiesa Delle Galline<\/li><li>Villa di Vetro<\/li><li>Palais de l'Alchimiste<\/li><li>Palazzo Piccione \/ Villa Pittore \/ Villa Madame Bovary<\/li><li>Centre commercial Pyramid<\/li><li>Villa Micia<\/li><li>Aller \u00e0 l'h\u00e9lico<\/li><li>Vecchi autobus e vecchie auto<\/li><li>Villa Redentore \/ Palazzo Conte V<\/li><li>Villa Targaryen<\/li><li>Castello del Pittore<\/li><li>Villa Fattore<\/li><li>Miniera T \/ Fluorietmijn<\/li><li>Villa Weiss<\/li><li>Maison Grifiando<\/li><li>Ferme Rosto<\/li><li>Villa Exelia<\/li><li>Usine Nozo<\/li><li>Cin\u00e9ma Rose<\/li><li>La Villa de l'amour avec la fabrique<\/li><li>Casa Bionda<\/li><li>Casa dell'usura<\/li><li>Fabrique d'autosuffisance<\/li><li>Piatto Architettura Brutalista<\/li><li>Villa Glicine<\/li><li>Villa Monticel<\/li><li>Villa Giovanni<\/li><li>La casa Bambini<\/li><li>Fabricca 27<\/li><li>La Villa della Notte<\/li><li>Castello Del Oasi<\/li><li>La Scuola della Paura<\/li><li>Pub Up and Down<\/li><li>Chiesa con cortile giardino<\/li><li>Villa Verderio<\/li><li>La grande fabrique de cartons<\/li><\/ul><\/p>","protected":false},"excerpt":{"rendered":"<p>Cette carte de l'urbex vous fournit tous les lieux d'exploration urbaine (urbex) dans les pays suivants<strong> Italie, Toutes les r\u00e9gions.<\/strong> Cette carte des lieux perdus restera mise \u00e0 jour et accessible pendant au moins 365 jours apr\u00e8s l'achat.<\/p>\n<p>Cette carte contient actuellement 702 des lieux d'exploration urbaine les plus uniques d'Italie : Toutes les r\u00e9gions et est accessible depuis n'importe o\u00f9 gr\u00e2ce \u00e0 notre carte facile \u00e0 utiliser.<strong>.<\/p>\n<p><\/strong><strong>Si vous avez d\u00e9j\u00e0 ce pack, vous pouvez y acc\u00e9der via <a href=\"\/fr\/mon-compte-2-2\/espace-membres\/43905\/le-contenu-de-mon-adhesion\/\">Mes cartes &gt; Afficher.<\/a><\/strong><strong><\/p>\n<p><\/strong><a href=\"#tab-description\">Liste de tous les sites Urbex sur cette carte.<\/a><\/p>","protected":false},"featured_media":48125,"template":"","meta":[],"product_brand":[],"product_cat":[243,322,1137],"product_tag":[],"class_list":{"0":"post-43519","1":"product","2":"type-product","3":"status-publish","4":"has-post-thumbnail","6":"product_cat-italy","7":"product_cat-location-packs","8":"product_cat-maps-italy","10":"first","11":"instock","12":"taxable","13":"shipping-taxable","14":"purchasable","15":"product-type-variable"},"jetpack_sharing_enabled":true,"_links":{"self":[{"href":"https:\/\/urbex.direct\/fr\/wp-json\/wp\/v2\/product\/43519","targetHints":{"allow":["GET"]}}],"collection":[{"href":"https:\/\/urbex.direct\/fr\/wp-json\/wp\/v2\/product"}],"about":[{"href":"https:\/\/urbex.direct\/fr\/wp-json\/wp\/v2\/types\/product"}],"wp:featuredmedia":[{"embeddable":true,"href":"https:\/\/urbex.direct\/fr\/wp-json\/wp\/v2\/media\/48125"}],"wp:attachment":[{"href":"https:\/\/urbex.direct\/fr\/wp-json\/wp\/v2\/media?parent=43519"}],"wp:term":[{"taxonomy":"product_brand","embeddable":true,"href":"https:\/\/urbex.direct\/fr\/wp-json\/wp\/v2\/product_brand?post=43519"},{"taxonomy":"product_cat","embeddable":true,"href":"https:\/\/urbex.direct\/fr\/wp-json\/wp\/v2\/product_cat?post=43519"},{"taxonomy":"product_tag","embeddable":true,"href":"https:\/\/urbex.direct\/fr\/wp-json\/wp\/v2\/product_tag?post=43519"}],"curies":[{"name":"wp","href":"https:\/\/api.w.org\/{rel}","templated":true}]}}