{"id":39328,"date":"2022-01-12T09:12:00","date_gmt":"2022-01-12T09:12:00","guid":{"rendered":"https:\/\/urbex.direct\/product\/skytech-helicopters-get-to-the-chopper\/"},"modified":"2022-03-07T19:38:49","modified_gmt":"2022-03-07T19:38:49","slug":"skytech-helicopters-get-to-the-chopper","status":"publish","type":"product","link":"https:\/\/urbex.direct\/fr\/product\/skytech-helicopters-get-to-the-chopper\/","title":{"rendered":"Skytech Helicopters \/ Acc\u00e9der \u00e0 l'h\u00e9licopt\u00e8re"},"content":{"rendered":"","protected":false},"excerpt":{"rendered":"<p>Supprim\u00e9<\/p>","protected":false},"featured_media":41536,"template":"","meta":[],"product_brand":[],"product_cat":[198,197],"product_tag":[44],"class_list":{"0":"post-39328","1":"product","2":"type-product","3":"status-publish","4":"has-post-thumbnail","6":"product_cat-antwerp","7":"product_cat-belgium","8":"product_tag-geenurbex","10":"first","11":"outofstock","12":"downloadable","13":"taxable","14":"shipping-taxable","15":"purchasable","16":"product-type-simple"},"jetpack_sharing_enabled":true,"_links":{"self":[{"href":"https:\/\/urbex.direct\/fr\/wp-json\/wp\/v2\/product\/39328","targetHints":{"allow":["GET"]}}],"collection":[{"href":"https:\/\/urbex.direct\/fr\/wp-json\/wp\/v2\/product"}],"about":[{"href":"https:\/\/urbex.direct\/fr\/wp-json\/wp\/v2\/types\/product"}],"wp:featuredmedia":[{"embeddable":true,"href":"https:\/\/urbex.direct\/fr\/wp-json\/wp\/v2\/media\/41536"}],"wp:attachment":[{"href":"https:\/\/urbex.direct\/fr\/wp-json\/wp\/v2\/media?parent=39328"}],"wp:term":[{"taxonomy":"product_brand","embeddable":true,"href":"https:\/\/urbex.direct\/fr\/wp-json\/wp\/v2\/product_brand?post=39328"},{"taxonomy":"product_cat","embeddable":true,"href":"https:\/\/urbex.direct\/fr\/wp-json\/wp\/v2\/product_cat?post=39328"},{"taxonomy":"product_tag","embeddable":true,"href":"https:\/\/urbex.direct\/fr\/wp-json\/wp\/v2\/product_tag?post=39328"}],"curies":[{"name":"wp","href":"https:\/\/api.w.org\/{rel}","templated":true}]}}