{"id":382,"date":"2021-03-02T15:18:06","date_gmt":"2021-03-02T15:18:06","guid":{"rendered":"https:\/\/urbex.direct\/product\/cuartel-de-flechas\/"},"modified":"2023-02-06T19:45:15","modified_gmt":"2023-02-06T19:45:15","slug":"cuartel-de-flechas","status":"publish","type":"product","link":"https:\/\/urbex.direct\/fr\/product\/cuartel-de-flechas\/","title":{"rendered":"Cuartel de Flechas \/ K55 \/ Caserne White Bison"},"content":{"rendered":"","protected":false},"excerpt":{"rendered":"<p>Le Cuartel de Flechas, ou encore le K55, est une base militaire normale, tr\u00e8s utilis\u00e9e. Des gangues longues, beaucoup de vert\u00e9br\u00e9s, de la pourriture et un nom ruineux de la nature sont ici d'une grande utilit\u00e9.<\/p>\n<p>D\u00e9moli<\/p>","protected":false},"featured_media":370,"template":"","meta":[],"product_brand":[],"product_cat":[197,201],"product_tag":[41,44],"class_list":{"0":"post-382","1":"product","2":"type-product","3":"status-publish","4":"has-post-thumbnail","6":"product_cat-belgium","7":"product_cat-liege","8":"product_tag-coordinaten","9":"product_tag-geenurbex","11":"first","12":"outofstock","13":"downloadable","14":"taxable","15":"shipping-taxable","16":"purchasable","17":"product-type-simple"},"jetpack_sharing_enabled":true,"_links":{"self":[{"href":"https:\/\/urbex.direct\/fr\/wp-json\/wp\/v2\/product\/382","targetHints":{"allow":["GET"]}}],"collection":[{"href":"https:\/\/urbex.direct\/fr\/wp-json\/wp\/v2\/product"}],"about":[{"href":"https:\/\/urbex.direct\/fr\/wp-json\/wp\/v2\/types\/product"}],"wp:featuredmedia":[{"embeddable":true,"href":"https:\/\/urbex.direct\/fr\/wp-json\/wp\/v2\/media\/370"}],"wp:attachment":[{"href":"https:\/\/urbex.direct\/fr\/wp-json\/wp\/v2\/media?parent=382"}],"wp:term":[{"taxonomy":"product_brand","embeddable":true,"href":"https:\/\/urbex.direct\/fr\/wp-json\/wp\/v2\/product_brand?post=382"},{"taxonomy":"product_cat","embeddable":true,"href":"https:\/\/urbex.direct\/fr\/wp-json\/wp\/v2\/product_cat?post=382"},{"taxonomy":"product_tag","embeddable":true,"href":"https:\/\/urbex.direct\/fr\/wp-json\/wp\/v2\/product_tag?post=382"}],"curies":[{"name":"wp","href":"https:\/\/api.w.org\/{rel}","templated":true}]}}