{"id":37593,"date":"2021-12-19T16:49:08","date_gmt":"2021-12-19T16:49:08","guid":{"rendered":"https:\/\/urbex.direct\/?post_type=product&#038;p=37593"},"modified":"2025-05-17T00:01:40","modified_gmt":"2025-05-16T23:01:40","slug":"carte-de-localisation-es-catalonia","status":"publish","type":"product","link":"https:\/\/urbex.direct\/fr\/product\/location-map-es-catalonia\/","title":{"rendered":"Urbex Map Espagne : Catalogne (1 ou 2 ans d'acc\u00e8s)"},"content":{"rendered":"<p>Cette carte contient les lieux suivants : <ul><li>Casa del M\u00e9dico<\/li><li>Bunkeranlage<\/li><li>H\u00f4tel Miramar<\/li><li>Villa Olivera<\/li><li>Bo\u00eete de nuit Lapsus<\/li><li>Mas Carles<\/li><li>Castillo Jov\u00e9<\/li><li>C-65 Restaurant \/ Resto R<\/li><li>Castillo Torre<\/li><li>Manufacture de tabac<\/li><li>Pr\u00e9vention de la grippe aviaire<\/li><li>Karting<\/li><li>H\u00f4tel Les Ferreses<\/li><li>Palais C\u00e9leste<\/li><li>Balneario Termas la Puda<\/li><li>Colonia Cementera<\/li><li>El pueblo del Japon\u00e9s \/ Japan Town<\/li><li>Base militaire Loran<\/li><li>Puti Club de Carretera<\/li><li>Plaza de Toros<\/li><li>Fabrica AP<\/li><li>Hostal del Gato Momificado<\/li><li>Masia del Soldado<\/li><li>Ruina Can Busquets<\/li><li>Gazoline A<\/li><li>Coches mimetizados con la Naturaleza \/ Voitures camoufl\u00e9es<\/li><li>H\u00f4tel Panik<\/li><li>H\u00f4tel de los Ciervos<\/li><li>Villa Josefa<\/li><li>Casa Lila<\/li><li>La mansi\u00f3n del Crimen<\/li><li>El Moli Vell<\/li><li>Antiguo Matadero Tordera<\/li><li>Castillo Mas Rissech<\/li><li>Masia de las Fantas<\/li><li>Maison des 100 ans<\/li><li>Teneria Moderna Franco Espa\u00f1ola<\/li><li>Le d\u00e9part de l'artiste<\/li><li>Mansion del Conde<\/li><li>Abandon de l'\u00e9tablissement<\/li><li>Textil La Blava<\/li><li>Club Nautico<\/li><li>Radio Liberty<\/li><li>Mansion de la Mariona<\/li><li>L'optique des piliers<\/li><li>Aquapark Sitges<\/li><li>Cementera de la Gran Cupula<\/li><li>Site de Vallcarca<\/li><li>Discoth\u00e8que centrale<\/li><li>Ville des Muchachos<\/li><li>Fabrica de Harina Gualda<\/li><li>Chalet de la rata Muerta<\/li><li>Colonia Textil<\/li><li>Village perdu A<\/li><li>Casa del Piano<\/li><li>Casa Carro Blanco<\/li><li>Colonia Minera<\/li><li>Iglesia Perfecto<\/li><li>Citro\u00ebn 2cv<\/li><li>Masia Numero 20<\/li><li>Masia del 1817<\/li><li>Manutention \u00e0 l'aide d'une estanque<\/li><li>Mutua Abandonada<\/li><li>Piscines avec Futbolin<\/li><li>Masia de las Monedas<\/li><li>La fabrication des cartouches<\/li><li>La mansu\u00e9tude d'Anabelle<\/li><li>Discoth\u00e8que Pach\u00e1<\/li><li>Piscinas Canad\u00e1 Park<\/li><li>Mansion de las ratas muertas<\/li><li>Masia de los Templarios<\/li><li>Urbanisation Abandonada<\/li><li>Masia 1909<\/li><li>H\u00f4tel de los horrores<\/li><li>H\u00f4tel Prost\u00edbulo<\/li><li>Chiringuito de la Piscina<\/li><li>Terrain de sport avec piscine<\/li><li>Les Bunes<\/li><li>Petit panier de pisos<\/li><li>Maison de ma\u00eetre et maison des ma\u00eetres<\/li><li>Casa de los espectros<\/li><li>Cuarteles<\/li><li>H\u00f4tel particulier avec discoth\u00e8que<\/li><li>Discoth\u00e8que P<\/li><li>Casa de el Torero<\/li><li>Corbera de l'Ebre<\/li><li>Campo de golf<\/li><li>Fabrica Abandonada<\/li><li>La mansu\u00e9tude<\/li><li>Fabrica EC<\/li><li>Castillo Abuelo<\/li><li>Pueblo abandonado M<\/li><li>Discoth\u00e8que LV<\/li><li>Carruajes<\/li><li>Hangar Coches Lekar<\/li><li>Fabrications abandonn\u00e9es<\/li><li>Pueblo Abandonado NT<\/li><li>Restaurant Arrasado<\/li><li>Station d'\u00e9puration des eaux us\u00e9es<\/li><li>Fabrica de Tejidos<\/li><li>Casa de molino abandonada<\/li><li>Mas\u00eda Palomas<\/li><li>Fabrication de la machine \u00e0 imprimer<\/li><li>Casa Gioconda<\/li><li>Gran Hotel de la A<\/li><li>Chalet del Acantilado<\/li><li>H\u00f4tel Abandonado<\/li><li>La casa Fantasma<\/li><li>Restaurant El Gran Ca\u00f1on<\/li><li>Restaurant de banquets<\/li><li>Discoth\u00e8que Tutan<\/li><li>Torre del Fang<\/li><li>Masia can Ballot<\/li><li>Police Pirine<\/li><li>Harinera F.O.R.<\/li><li>Apeadero Torrebonica<\/li><li>Masia del Vendedor<\/li><li>Colonia La Farinera<\/li><li>H\u00f4tel Colonia Puig<\/li><li>Mas\u00eda La Vall<\/li><li>Masia Castellnou de la Plana<\/li><li>Mansion del suicida \/ El Tint<\/li><li>Poblado SR<\/li><li>Masia Decay<\/li><li>Masia Losing Zorrillo<\/li><li>Masia Camas Voladorad<\/li><li>Ermita<\/li><li>Mini Falangista<\/li><li>Disco MF<\/li><li>Teatre Bel<\/li><li>Agriculture + Baln\u00e9aire<\/li><li>Mas\u00eda y Capilla Blanca<\/li><li>Fabrication d'armatures<\/li><li>Fabrica Ortopedia<\/li><li>Entreprise d'Embutidos<\/li><li>Fabrica Quimicos<\/li><li>EL Pueblo Conejo<\/li><li>G\u00e9riatrie de l'oubli<\/li><li>Fabrica Intorfrisa<\/li><li>Fabrica Siniestra<\/li><li>Industrie textile<\/li><li>H\u00f4tel playa<\/li><li>Fabrica Textil Abandonada<\/li><li>L'Institut abandonne GenCat<\/li><li>Restaurante \/ Mas\u00eda abandonado<\/li><li>Discoth\u00e8que Petada<\/li><li>Mas Lost Village<\/li><li>Colonia Soldevilla<\/li><li>Cabaret las Aguilas<\/li><li>Fabrica del plazon<\/li><li>\u00c9cole du se\u00f1or Antonio<\/li><li>La fabrica de la Grua<\/li><li>Discoth\u00e8que Arcus<\/li><li>Fabrica del Incidente<\/li><li>Discoth\u00e8que H<\/li><li>Villa del 1949<\/li><li>Fabrica Textil Doble<\/li><li>Fabrica del Coche<\/li><li>Fabrica piso Unico<\/li><li>H\u00f4pital del Carmen<\/li><li>Fabrica quimica el Peligro<\/li><li>Hostal Solitario<\/li><li>Fabrica de las Variedades<\/li><li>Fabrica ladrillos Premium<\/li><li>H\u00f4tel Cabaret<\/li><li>Polvor\u00edn<\/li><li>Fabrica Metalera<\/li><li>Piso con fitness<\/li><li>Petite maison de Monta\u00f1a<\/li><li>Masia del noble<\/li><li>Masia de la serpiente<\/li><li>Granja historica<\/li><li>3 Cazas - MIG<\/li><li>La maison du soleil<\/li><li>Autocares Abandonados \/ Taller<\/li><li>Masia de las Verduras<\/li><li>Masia Murcielagos<\/li><li>Piscina abandonada y canchas de tenis<\/li><li>Hermita Tumbas Abandonadas<\/li><li>Maison Urbex<\/li><li>Masias Gurb<\/li><li>Colonia Textil + Casas<\/li><li>Masias Oris<\/li><li>Masia Voltrega<\/li><li>Viviendas Colonia<\/li><li>Masia Hermita<\/li><li>Masia Salort<\/li><li>Masia de las Ollas<\/li><li>Finca La Porxada<\/li><li>Termica centrale<\/li><li>Antigue Casa Bodega<\/li><li>Masia Barriles<\/li><li>Casas de los comisarios<\/li><li>Guide Motos Clasicas<\/li><li>Casa de las cristaleras<\/li><li>Casa de los gatos<\/li><li>Biof\u00e1brica<\/li><li>Castillo moderno<\/li><li>Can Rosis<\/li><li>Can Sol<\/li><li>La mas\u00eda del cuchillo<\/li><li>Fabrica pl\u00e1sticos del incidente<\/li><li>H\u00f4tel del Fallecido<\/li><li>Viviendas Oscuras<\/li><li>Carruaje abandonado<\/li><li>Orfanato Intacto<\/li><li>Tuneladora Metro<\/li><li>Cementerio Real Abanadonado<\/li><li>Centre de lutte contre la tuberculose<\/li><li>Hibernadero Abandonado<\/li><li>Colonia Textil H<\/li><li>Campo Golf Abandonado<\/li><li>Casa de los senyores montgros<\/li><li>Casa de los abuelos<\/li><li>Piscina P<\/li><li>Casas de viejos trabajadores<\/li><li>L'\u00e9tonnante villa<\/li><\/ul><\/p>","protected":false},"excerpt":{"rendered":"<p>Cette carte de l'urbex vous fournit tous les lieux d'exploration urbaine (urbex) dans les pays suivants<strong> Espagne, Catalogne. <\/strong>Cette carte des lieux perdus restera mise \u00e0 jour et accessible pendant au moins 365 jours apr\u00e8s l'achat. <\/p>\n<p>Cette carte contient actuellement 217 des lieux d'exploration urbaine les plus uniques d'Espagne : Catalogne et est accessible depuis n'importe o\u00f9 gr\u00e2ce \u00e0 notre carte facile \u00e0 utiliser.<strong>. <\/p>\n<p><\/strong><strong>Si vous avez d\u00e9j\u00e0 ce pack, vous pouvez y acc\u00e9der via <a href=\"\/fr\/mon-compte-2-2\/espace-membres\/43905\/le-contenu-de-mon-adhesion\/\">Mes cartes &gt; Afficher.<\/a><\/strong> <\/p>\n<p><a href=\"#tab-description\">Liste de tous les sites Urbex sur cette carte.<\/a><\/p>","protected":false},"featured_media":43244,"template":"","meta":[],"product_brand":[],"product_cat":[288,322,1139,282],"product_tag":[323],"class_list":{"0":"post-37593","1":"product","2":"type-product","3":"status-publish","4":"has-post-thumbnail","6":"product_cat-catalonia","7":"product_cat-location-packs","8":"product_cat-maps-spain","9":"product_cat-spain","10":"product_tag-locationpack","12":"first","13":"instock","14":"taxable","15":"shipping-taxable","16":"purchasable","17":"product-type-variable"},"jetpack_sharing_enabled":true,"_links":{"self":[{"href":"https:\/\/urbex.direct\/fr\/wp-json\/wp\/v2\/product\/37593","targetHints":{"allow":["GET"]}}],"collection":[{"href":"https:\/\/urbex.direct\/fr\/wp-json\/wp\/v2\/product"}],"about":[{"href":"https:\/\/urbex.direct\/fr\/wp-json\/wp\/v2\/types\/product"}],"wp:featuredmedia":[{"embeddable":true,"href":"https:\/\/urbex.direct\/fr\/wp-json\/wp\/v2\/media\/43244"}],"wp:attachment":[{"href":"https:\/\/urbex.direct\/fr\/wp-json\/wp\/v2\/media?parent=37593"}],"wp:term":[{"taxonomy":"product_brand","embeddable":true,"href":"https:\/\/urbex.direct\/fr\/wp-json\/wp\/v2\/product_brand?post=37593"},{"taxonomy":"product_cat","embeddable":true,"href":"https:\/\/urbex.direct\/fr\/wp-json\/wp\/v2\/product_cat?post=37593"},{"taxonomy":"product_tag","embeddable":true,"href":"https:\/\/urbex.direct\/fr\/wp-json\/wp\/v2\/product_tag?post=37593"}],"curies":[{"name":"wp","href":"https:\/\/api.w.org\/{rel}","templated":true}]}}