{"id":37585,"date":"2021-12-19T16:45:37","date_gmt":"2021-12-19T16:45:37","guid":{"rendered":"https:\/\/urbex.direct\/?post_type=product&#038;p=37585"},"modified":"2025-05-27T19:43:58","modified_gmt":"2025-05-27T18:43:58","slug":"location-map-fr-bretagne","status":"publish","type":"product","link":"https:\/\/urbex.direct\/fr\/product\/location-map-fr-bretagne\/","title":{"rendered":"Urbex Map France : Bretagne (1 ou 2 ans d'acc\u00e8s)"},"content":{"rendered":"<p>Cette carte contient les lieux suivants :<\/p>\n\n\n\n<ul><li>L&#039;ancienne maison de retraite<\/li><li>Club de squash<\/li><li>Restaurant du Relais<\/li><li>Centre Spatial Bretagne<\/li><li>Ch\u00e2teau Morgane<\/li><li>Centrale \u00e9lectrique de Totem<\/li><li>Ecole du Moulin<\/li><li>Manoir Pegasus<\/li><li>Club Forestier<\/li><li>Centre Culturel<\/li><li>Manoir K Braz \/ The K Braz Manor<\/li><li>Maison Seaview \/ Maison Chalkie<\/li><li>Maison Hantee Ros<\/li><li>Les maisons de la carri\u00e8re \/ Maison Pommerit<\/li><li>Manoir Raveparty \/ Manoir Kermar<\/li><li>Maison Misere \/ Maison Plem<\/li><li>Bar Le Colombo<\/li><li>H\u00f4tel Bon repos<\/li><li>Mini Gare Tuber<\/li><li>Maison du Capitaine<\/li><li>Garage et station de pompage<\/li><li>Manoir Rave Party 2<\/li><li>Centre Aeree plouf<\/li><li>Ch\u00e2teau Ilan<\/li><li>Ferme de Sable<\/li><li>Sanatorium Dangih \/ Huelgoat<\/li><li>R\u00e9parateur Automobile<\/li><li>Ch\u00e2teau Gargouilles<\/li><li>Parc Jurastel<\/li><li>Prison de Pontaniou Frankreich<\/li><li>Maison de l'Architecte<\/li><li>H\u00f4tel Beausejour<\/li><li>Navires fant\u00f4mes<\/li><li>Le Cimeti\u00e8re de Bateaux<\/li><li>Gite Roz Trefeux<\/li><li>Ch\u00e2teau Jaycee Dugard \/ Jaycee Dugard Castle<\/li><li>Ecole Papa Denke<\/li><li>Couvent des n\u00e9cessiteux<\/li><li>Maison Folles<\/li><li>Sanatoriums grand air<\/li><li>Maison du d\u00e9molisseur<\/li><li>Ch\u00e2teau des Druides<\/li><li>R\u00e9sidence mal\u00e9fique<\/li><li>Maison Derniere Danse<\/li><li>Usine sur la plage<\/li><li>Maison de l'anglais en for\u00eat<\/li><li>Maison vide pontla<\/li><li>\u00c9pave verte<\/li><li>Beaucoup de Forts avec un tank 1<\/li><li>Beaucoup de Forts avec un char 2<\/li><li>Beaucoup de Forts avec un tank 3 - Le Tank<\/li><li>Beaucoup de Forts avec un tank 4<\/li><li>Beaucoup de Forts avec un tank 5<\/li><li>Beaucoup de Forts avec un char 6<\/li><li>Beaucoup de Forts avec un char 7<\/li><li>20 ans de naufrages<\/li><li>Maison Palm<\/li><li>Bateaux oubli\u00e9s<\/li><li>The Red Wrecks \/ The two survivors \/ Les deux survivants<\/li><li>Zoo Perdue<\/li><li>Ecurie du moulin<\/li><li>Maison Perdu dans la nature<\/li><li>Ch\u00e2teau Panda<\/li><li>Maison du cur\u00e9<\/li><li>Ch\u00e2teau Bicolore<\/li><li>Camp de vacances pour enfants<\/li><li>Bus Graveyard \/ Cimentiere de bus<\/li><li>Ch\u00e2teau Tasher \/ Ch\u00e2teau T-Rex<\/li><li>Ch\u00e2teau du Marais<\/li><li>Maison autre monde \/ Maison Nonais<\/li><li>Maison Verdaulais<\/li><li>Cimeti\u00e8re de Bateaux<\/li><li>Ecole Pierre<\/li><li>Abattoirs<\/li><li>Moulin du marais<\/li><li>Ch\u00e2teau Brel<\/li><li>Barques d\u00e9barquement<\/li><li>Ch\u00e2teau Illuminati<\/li><li>Maison Onyx<\/li><li>Maison Symphonique<\/li><li>La grande ferme des f\u00e9es \/ The large Fairy Farm<\/li><li>Cimeti\u00e8re d'\u00e9paves<\/li><li>Manoir Yves Dandonneau \/ Yves Dandonneau Manor<\/li><li>Ch\u00e2teau Sequoia<\/li><li>Clinique SC<\/li><li>Maison de Lac<\/li><li>Cimeti\u00e8re de Bateaux Rivi\u00e8re<\/li><li>Jardin Aux Papillons \/ The Butterfly Garden<\/li><li>Le cimeti\u00e8re d'un autre navire fait naufrage<\/li><li>\u00c9paves de squelettes<\/li><li>Le parc \u00e9olien<\/li><li>Maison et \u00e9glise abandonn\u00e9es<\/li><li>Maisons de vacances au bord du lac<\/li><li>Maison Tourelle Nord<\/li><li>Base fluviale<\/li><li>Manoir Piano 56<\/li><\/ul>","protected":false},"excerpt":{"rendered":"<p>Cette carte de l'urbex vous fournit tous les lieux d'exploration urbaine (urbex) dans les pays suivants<strong> France, Bretagne.<\/strong> Cette carte des lieux perdus restera mise \u00e0 jour et accessible pendant au moins 365 jours apr\u00e8s l'achat.<\/p>\n<p>Cette carte contient actuellement 96 des lieux d'exploration urbaine les plus uniques de France et de Bretagne. Elle est accessible depuis n'importe quel endroit gr\u00e2ce \u00e0 notre carte facile \u00e0 utiliser.<strong>.<\/p>\n<p><\/strong><strong>Si vous avez d\u00e9j\u00e0 ce pack, vous pouvez y acc\u00e9der via <a href=\"\/fr\/mon-compte-2-2\/espace-membres\/43905\/le-contenu-de-mon-adhesion\/\">Mes cartes &gt; Afficher.<\/a><\/strong><strong><\/p>\n<p><\/strong><a href=\"#tab-description\">Liste de tous les sites Urbex sur cette carte.<\/a><\/p>","protected":false},"featured_media":48145,"template":"","meta":[],"product_brand":[],"product_cat":[229,226,322,1339,1135],"product_tag":[323],"class_list":{"0":"post-37585","1":"product","2":"type-product","3":"status-publish","4":"has-post-thumbnail","6":"product_cat-bretagne","7":"product_cat-france","8":"product_cat-location-packs","9":"product_cat-maps-bretagne","10":"product_cat-maps-france","11":"product_tag-locationpack","13":"first","14":"instock","15":"taxable","16":"shipping-taxable","17":"purchasable","18":"product-type-variable"},"jetpack_sharing_enabled":true,"_links":{"self":[{"href":"https:\/\/urbex.direct\/fr\/wp-json\/wp\/v2\/product\/37585","targetHints":{"allow":["GET"]}}],"collection":[{"href":"https:\/\/urbex.direct\/fr\/wp-json\/wp\/v2\/product"}],"about":[{"href":"https:\/\/urbex.direct\/fr\/wp-json\/wp\/v2\/types\/product"}],"wp:featuredmedia":[{"embeddable":true,"href":"https:\/\/urbex.direct\/fr\/wp-json\/wp\/v2\/media\/48145"}],"wp:attachment":[{"href":"https:\/\/urbex.direct\/fr\/wp-json\/wp\/v2\/media?parent=37585"}],"wp:term":[{"taxonomy":"product_brand","embeddable":true,"href":"https:\/\/urbex.direct\/fr\/wp-json\/wp\/v2\/product_brand?post=37585"},{"taxonomy":"product_cat","embeddable":true,"href":"https:\/\/urbex.direct\/fr\/wp-json\/wp\/v2\/product_cat?post=37585"},{"taxonomy":"product_tag","embeddable":true,"href":"https:\/\/urbex.direct\/fr\/wp-json\/wp\/v2\/product_tag?post=37585"}],"curies":[{"name":"wp","href":"https:\/\/api.w.org\/{rel}","templated":true}]}}