{"id":37577,"date":"2021-12-19T16:38:28","date_gmt":"2021-12-19T16:38:28","guid":{"rendered":"https:\/\/urbex.direct\/?post_type=product&#038;p=37577"},"modified":"2025-05-27T19:41:54","modified_gmt":"2025-05-27T18:41:54","slug":"location-map-fr-bourgogne-franche-comte","status":"publish","type":"product","link":"https:\/\/urbex.direct\/fr\/product\/location-map-fr-bourgogne-franche-comte\/","title":{"rendered":"Urbex Map France, Bourgogne-Franche-Comt\u00e9 (Acc\u00e8s 1 ou 2 ans)"},"content":{"rendered":"<p>Cette carte contient les lieux suivants :<\/p>\n\n\n\n<ul><li>Villa Anjo Perdido Ch\u00e2teau Marianne Maison Roland Moog<\/li><li>Gallias Oppidum<\/li><li>Maison Piscine<\/li><li>Maison des Poupees 2.0<\/li><li>Ancienne \u00e9glise et son atelier<\/li><li>H\u00f4pital des Cygnes \/ H\u00f4pital Fonfdon<\/li><li>Manoir Ludy<\/li><li>Boite de Nuit Piscine<\/li><li>CFA Center \/ Formation Agricole<\/li><li>\u00c9tablissement de formation<\/li><li>Ambush Club<\/li><li>Cimentiere de Tracteurs \/ Rusty Tractors<\/li><li>Villa de r\u00eave en b\u00e9ton<\/li><li>Usine Car \/ Factory Berte<\/li><li>La Ferme du chasseur<\/li><li>Maison Fox<\/li><li>H\u00f4tel Christine<\/li><li>Usine Marcel Besson<\/li><li>Fort M<\/li><li>Ch\u00e2teau de la duchesse Brigitte<\/li><li>Manoir du bonheur<\/li><li>Le Ch\u00e2teau de la Vierge<\/li><li>Maison Vert<\/li><li>Maison Dans Les Orties<\/li><li>Arch\u00e9odrome<\/li><li>Maison aux Jouets<\/li><li>Usine la Roche<\/li><li>Maison et Scierie<\/li><li>Maison du th\u00e9sauriseur<\/li><li>Maison Puzzlegame<\/li><li>Maison Sans dessus dessous<\/li><li>Ch\u00e2teau Larrey<\/li><li>Maison grin\u00e7ante<\/li><li>Ch\u00e2teau Rom\u00e9o et Juliette<\/li><li>Le Cimeti\u00e8re de voitures de l'infirme<\/li><li>H\u00f4pital de la vierge<\/li><li>Maison Concessionnaire de voitures<\/li><li>Resevoir a Gorilles<\/li><li>Usine de Carrelage<\/li><li>Ford Second<\/li><li>Maison Pierre Blanche<\/li><li>Restaurant du pique<\/li><li>Village des Templier \/ Ch\u00e2teau belle au bois dormant<\/li><li>Ferme Risoux<\/li><li>Labyrinthe de voitures<\/li><li>Le Moulin Vehicule Et Machine \/ Moulin Vieilles voitures<\/li><li>Ecole Evang\u00e9lique<\/li><li>Carri\u00e8re WC<\/li><li>H\u00f4tel du Lac<\/li><li>Resto Truckstop<\/li><li>Maison De La Veuve Brulee<\/li><li>Fort Militaire<\/li><li>Ch\u00e2teau Secret<\/li><li>Ferme Diogene<\/li><li>Ch\u00e2teau Solucamphre<\/li><li>Manoir des Biches<\/li><li>Paranormal CNRS<\/li><li>Usine Mergine<\/li><li>Commissaire de Course<\/li><li>Maison des croyants<\/li><li>Maison Papy et Mamie 1969<\/li><li>H\u00f4tel de la R\u00e9sistance<\/li><li>Ecole des Infirmi\u00e8res<\/li><li>Maison rasoir<\/li><li>Maison Bertin<\/li><li>Maison Errante<\/li><li>Maison Sour<\/li><li>Minigolf oubli\u00e9<\/li><li>Cin\u00e9ma REX<\/li><li>Ch\u00e2teau Karine Torchi<\/li><li>Chambre D&#039;Agry<\/li><li>Chambre des M\u00e9tiers<\/li><li>L'Hostellerie<\/li><li>Maison Pauvre<\/li><li>Trajet simple<\/li><li>Club Skeleton<\/li><li>Cimeti\u00e8re de voitures<\/li><li>Ferme Des Templiers<\/li><li>Garage Poussette<\/li><li>Maison Faucheuse<\/li><li>Ch\u00e2teau MB<\/li><li>Bateaux et voitures<\/li><li>Cimeti\u00e8re des Faons<\/li><li>H\u00f4tel du Parc<\/li><li>Ch\u00e2teau Porcelaine \/ Manoir Porcelaine<\/li><li>Maison Laiss\u00e9e pour compte<\/li><li>Maison Simple<\/li><li>Trains Multicolores<\/li><li>Ferme Ingalls<\/li><li>Les vieilles tombes<\/li><li>Scierie D<\/li><li>Maison Vroom \/ Maison Dreamcatcher<\/li><li>Maison Pellerat<\/li><li>Ch\u00e2teau du Pilote \/ Pilot's Castle<\/li><li>La ferme du tapissier<\/li><li>L'h\u00f4tel au cimeti\u00e8re de voitures<\/li><li>Manoir d'Art<\/li><li>Ch\u00e2teau Billard<\/li><li>Chapelle des Dieux<\/li><li>Centrale Electrique Gigantesque<\/li><li>Maison du Mal<\/li><li>Train de la for\u00eat<\/li><li>Maison des poiriers<\/li><li>Chapelle anciennes pri\u00e8res<\/li><li>Maison Cabanon<\/li><li>Laverie \u00e0 Charbon C<\/li><li>Ch\u00e2teau Bleuet<\/li><li>Manoir Mandragore<\/li><li>Maison Rivi\u00e8re Double<\/li><li>Ch\u00e2teau du Val S<\/li><li>Ferme du Chateau G<\/li><li>Maison Gouffy<\/li><li>Chapelle et Chateau Ermitage<\/li><li>La maison fait le coin<\/li><li>Casernes du Roman<\/li><li>Usine H<\/li><\/ul>","protected":false},"excerpt":{"rendered":"<p>Cette carte de l'urbex vous fournit tous les lieux d'exploration urbaine (urbex) dans les pays suivants<strong> France, Bourgogne-Franche-Comt\u00e9.<\/strong> Cette carte des lieux perdus restera mise \u00e0 jour et accessible pendant au moins 365 jours apr\u00e8s l'achat.<\/p>\n<p>This map has currently 116 of the most unique urban exploring locations in France, Bourgogne-Franche-Comt\u00e9 and is accessible from anywhere with our easy to use map<strong>.<\/p>\n<p><\/strong><strong>Si vous avez d\u00e9j\u00e0 ce pack, vous pouvez y acc\u00e9der via <a href=\"\/fr\/mon-compte-2-2\/espace-membres\/43905\/le-contenu-de-mon-adhesion\/\">Mes cartes &gt; Afficher.<\/a><\/strong><strong><\/p>\n<p><\/strong><a href=\"#tab-description\">Liste de tous les sites Urbex sur cette carte.<\/a><\/p>","protected":false},"featured_media":48146,"template":"","meta":[],"product_brand":[],"product_cat":[228,226,322,1338,1135],"product_tag":[323],"class_list":{"0":"post-37577","1":"product","2":"type-product","3":"status-publish","4":"has-post-thumbnail","6":"product_cat-bourgogne-franche-comte","7":"product_cat-france","8":"product_cat-location-packs","9":"product_cat-maps-bourgogne-franche-comte","10":"product_cat-maps-france","11":"product_tag-locationpack","13":"first","14":"instock","15":"taxable","16":"shipping-taxable","17":"purchasable","18":"product-type-variable"},"jetpack_sharing_enabled":true,"_links":{"self":[{"href":"https:\/\/urbex.direct\/fr\/wp-json\/wp\/v2\/product\/37577","targetHints":{"allow":["GET"]}}],"collection":[{"href":"https:\/\/urbex.direct\/fr\/wp-json\/wp\/v2\/product"}],"about":[{"href":"https:\/\/urbex.direct\/fr\/wp-json\/wp\/v2\/types\/product"}],"wp:featuredmedia":[{"embeddable":true,"href":"https:\/\/urbex.direct\/fr\/wp-json\/wp\/v2\/media\/48146"}],"wp:attachment":[{"href":"https:\/\/urbex.direct\/fr\/wp-json\/wp\/v2\/media?parent=37577"}],"wp:term":[{"taxonomy":"product_brand","embeddable":true,"href":"https:\/\/urbex.direct\/fr\/wp-json\/wp\/v2\/product_brand?post=37577"},{"taxonomy":"product_cat","embeddable":true,"href":"https:\/\/urbex.direct\/fr\/wp-json\/wp\/v2\/product_cat?post=37577"},{"taxonomy":"product_tag","embeddable":true,"href":"https:\/\/urbex.direct\/fr\/wp-json\/wp\/v2\/product_tag?post=37577"}],"curies":[{"name":"wp","href":"https:\/\/api.w.org\/{rel}","templated":true}]}}