{"id":37559,"date":"2021-12-19T16:04:11","date_gmt":"2021-12-19T16:04:11","guid":{"rendered":"https:\/\/urbex.direct\/?post_type=product&#038;p=37559"},"modified":"2025-05-27T19:55:19","modified_gmt":"2025-05-27T18:55:19","slug":"location-map-fr-ile-de-france","status":"publish","type":"product","link":"https:\/\/urbex.direct\/fr\/product\/location-map-fr-ile-de-france\/","title":{"rendered":"Urbex Map France, \u00cele-de-France (1 ou 2 ans d'acc\u00e8s)"},"content":{"rendered":"<p>Cette carte contient les lieux suivants :<\/p>\n\n\n\n<ul><li>Supermarch\u00e9 P<\/li><li>Le Petite Ceinture<\/li><li>Usine Meltingburg<\/li><li>Ch\u00e2teau Baia<\/li><li>Le Poisson Dore<\/li><li>Industries abandonn\u00e9es<\/li><li>Piscine<\/li><li>Ch\u00e2teau Tennis<\/li><li>Manoir Colima\u00e7on<\/li><li>H\u00f4pital MJ<\/li><li>Maison de Clinique \/ Maison Cham<\/li><li>Batterie de Guerre<\/li><li>Ch\u00e2teau des Faisans<\/li><li>Ch\u00e2teau Popkov<\/li><li>Ch\u00e2teau Gryffondor \/ Ch\u00e2teau Social<\/li><li>Domaine de la Renaissance<\/li><li>Maison Jungle<\/li><li>La Soupe Aux Choux<\/li><li>Garage pittoresque \/ Garage Rolls<\/li><li>Cimeti\u00e8re de Bateaux Madelaine<\/li><li>Maison Skyzo<\/li><li>Sans toit<\/li><li>Ch\u00e2teau Mesrine<\/li><li>Stockage hospitalier<\/li><li>Cimeti\u00e8re de bus<\/li><li>Eglise Indiana Jones<\/li><li>Ch\u00e2teau Bien-\u00eatre<\/li><li>Ferme avec grandes serres<\/li><li>Piscine la Plage<\/li><li>Usine d&#039;usinage<\/li><li>Usine judiciaire<\/li><li>Chapelle de la Princesse Titine<\/li><li>Ch\u00e2teau Bonifatius<\/li><li>Villa Melodie \/ Maison Docteur du Harp<\/li><li>Parc Aquatique<\/li><li>Bordel Allemand<\/li><li>Villa Popova<\/li><li>Ch\u00e2teau des Cr\u00eapes<\/li><li>Fort HB<\/li><li>Manoir de Mr Hugo<\/li><li>L'h\u00f4tel des damn\u00e9s<\/li><li>La Maison du Preux<\/li><li>Maison de retraite Israel Lipski<\/li><li>Chapelle bleue dans la for\u00eat<\/li><li>Maison Tonnerre<\/li><li>Maison du lapin Rose<\/li><li>Tour perdue<\/li><li>Jardinerie<\/li><li>Usine Viardoss<\/li><li>Maison Sentier<\/li><li>Camp Air Force<\/li><li>Maison de l'\u00e9clusier<\/li><li>Hangar d&#039;Orgie<\/li><li>Maison Norman<\/li><li>Station de Pompage<\/li><li>Bureaux Libert\u00e9s<\/li><li>Usine JK<\/li><li>H\u00f4pital CB<\/li><li>Maxi morgue<\/li><li>HippoDr\u00f4me<\/li><li>Maison Alphonse Daudet<\/li><li>Manoir H\u00e9l\u00e8ne<\/li><li>Ch\u00e2teau Barbusse<\/li><li>Ch\u00e2teau du Chat Mort<\/li><li>Gare Atrigo \/ Gare Wissous<\/li><li>Piscine Abandonn\u00e9e<\/li><li>Abattoir<\/li><li>Gril perdu<\/li><li>Centre d&#039;artiste<\/li><li>Cirque V \/ \u00c9cole de cirque<\/li><li>Manoir Trois Colonnes<\/li><li>Ch\u00e2teau Foss\u00e9<\/li><li>Ch\u00e2teau \u00e0 L&#039;horloge<\/li><li>Ch\u00e2teau Hitler<\/li><li>Zoo du G\u00e9n\u00e9ral<\/li><li>L'avenir d'Orphelinat<\/li><li>Villa Barby<\/li><li>Francs etoupes<\/li><li>Ch\u00e2teau \u00e9toupes<\/li><li>Villa voisine<\/li><li>Syst\u00e8me Usine X<\/li><li>Villa Ongaria<\/li><li>Monast\u00e8re au Moine<\/li><li>Morgue Dead \/ Morgue Braindead \/ Morgue mort c\u00e9r\u00e9brale<\/li><li>Ch\u00e2teau Malfrat \/ Ch\u00e2teau au buste rouge<\/li><li>Centre a\u00e9r\u00e9<\/li><li>Villa tour de contr\u00f4le<\/li><li>Enfance de GIF<\/li><li>Maison des marais<\/li><li>Manoir Casanova<\/li><li>Petit Pavillon<\/li><li>Maison Champion<\/li><li>\u00c9paves de bateaux fluviaux<\/li><li>Gare Perdue ES<\/li><li>Gare abandonn\u00e9e<\/li><li>Ecole d'Architecture<\/li><li>Maison Confiture \/ Maison du Pauvre<\/li><li>Ch\u00e2teau de la Solitude \/ Ch\u00e2teau Chocolat<\/li><li>Manoir de l'Artiste<\/li><li>Usine Nobel<\/li><li>Asile Tillie Klimek \/ Asile Tillie Klimek<\/li><li>Pr\u00e9lude \u00e0 la morgue<\/li><li>Labo CNRS<\/li><li>Conservatoire Atrigo<\/li><li>Morgue de la Cervelle<\/li><li>Maison des Cardinaux<\/li><li>Ruine G<\/li><li>Sanatorium du Vexin 2<\/li><li>Usine De Tourteaux<\/li><li>Sanatorium Carnelle<\/li><li>Mirapolis<\/li><li>Distillerie<\/li><li>5 Cin\u00e9ma<\/li><li>Maison de l'Estropi\u00e9<\/li><li>Villa Scarface<\/li><li>Manoir de l'institutrice<\/li><li>Manoir Salon Jaune<\/li><li>Manoir aux fleurs<\/li><li>H\u00f4pital Priv\u00e9<\/li><li>Maisons Twiny<\/li><li>Auberge Clos-Tourelle<\/li><li>Carri\u00e8re avec \u00e9paves<\/li><li>Carri\u00e8res V2<\/li><li>Usine Antoine<\/li><li>Maison Haravilliers<\/li><li>Ferme R2087 \/ Urbex ferme Go\u00e9lette<\/li><li>Maison Tuile bleue<\/li><li>Maison Rhus<\/li><li>Maison Autre<\/li><li>Piscine Hasard<\/li><li>Le manoir des enfants d'Oise<\/li><li>Maison twin bis<\/li><li>Premi\u00e8re Maison<\/li><li>2e Maison<\/li><li>Villa Chanterive<\/li><li>Maison Horloge<\/li><li>Cimeti\u00e8re de voitures<\/li><li>La grande maison de campagne oubli\u00e9e<\/li><li>Villa Coco<\/li><li>Ch\u00e2teau de Tarzan<\/li><\/ul>","protected":false},"excerpt":{"rendered":"<p>Cette carte de l'urbex vous fournit tous les lieux d'exploration urbaine (urbex) dans les pays suivants<strong> France, <\/strong><strong>\u00cele-de-France<\/strong><strong>.<\/strong> Cette carte des lieux perdus restera mise \u00e0 jour et accessible pendant au moins 365 jours apr\u00e8s l'achat.<\/p>\n<p>Cette carte pr\u00e9sente actuellement 140 des lieux d'exploration urbaine les plus uniques en France, en \u00cele-de-France, et est accessible depuis n'importe quel endroit gr\u00e2ce \u00e0 notre carte facile \u00e0 utiliser.<strong>.<\/p>\n<p><\/strong><strong>Si vous avez d\u00e9j\u00e0 ce pack, vous pouvez y acc\u00e9der via <a href=\"\/fr\/mon-compte-2-2\/espace-membres\/43905\/le-contenu-de-mon-adhesion\/\">Mes cartes &gt; Afficher.<\/a><\/strong><strong><\/p>\n<p><\/strong><a href=\"#tab-description\">Liste de tous les sites Urbex sur cette carte.<\/a><\/p>","protected":false},"featured_media":48148,"template":"","meta":[],"product_brand":[],"product_cat":[226,233,322,1135,1343],"product_tag":[323],"class_list":{"0":"post-37559","1":"product","2":"type-product","3":"status-publish","4":"has-post-thumbnail","6":"product_cat-france","7":"product_cat-ile-de-france","8":"product_cat-location-packs","9":"product_cat-maps-france","10":"product_cat-maps-ile-de-france","11":"product_tag-locationpack","13":"first","14":"instock","15":"taxable","16":"shipping-taxable","17":"purchasable","18":"product-type-variable"},"jetpack_sharing_enabled":true,"_links":{"self":[{"href":"https:\/\/urbex.direct\/fr\/wp-json\/wp\/v2\/product\/37559","targetHints":{"allow":["GET"]}}],"collection":[{"href":"https:\/\/urbex.direct\/fr\/wp-json\/wp\/v2\/product"}],"about":[{"href":"https:\/\/urbex.direct\/fr\/wp-json\/wp\/v2\/types\/product"}],"wp:featuredmedia":[{"embeddable":true,"href":"https:\/\/urbex.direct\/fr\/wp-json\/wp\/v2\/media\/48148"}],"wp:attachment":[{"href":"https:\/\/urbex.direct\/fr\/wp-json\/wp\/v2\/media?parent=37559"}],"wp:term":[{"taxonomy":"product_brand","embeddable":true,"href":"https:\/\/urbex.direct\/fr\/wp-json\/wp\/v2\/product_brand?post=37559"},{"taxonomy":"product_cat","embeddable":true,"href":"https:\/\/urbex.direct\/fr\/wp-json\/wp\/v2\/product_cat?post=37559"},{"taxonomy":"product_tag","embeddable":true,"href":"https:\/\/urbex.direct\/fr\/wp-json\/wp\/v2\/product_tag?post=37559"}],"curies":[{"name":"wp","href":"https:\/\/api.w.org\/{rel}","templated":true}]}}