{"id":37079,"date":"2021-12-07T18:24:57","date_gmt":"2021-12-07T18:24:57","guid":{"rendered":"https:\/\/urbex.direct\/?post_type=product&#038;p=37079"},"modified":"2025-05-27T19:52:27","modified_gmt":"2025-05-27T18:52:27","slug":"location-map-fr-hauts-de-france","status":"publish","type":"product","link":"https:\/\/urbex.direct\/fr\/product\/location-map-fr-hauts-de-france\/","title":{"rendered":"Urbex Map France, Hauts-de-France (1 ou 2 ans d'acc\u00e8s)"},"content":{"rendered":"<p>Cette carte contient les lieux suivants :<\/p>\n\n\n\n<ul><li>Le champ de Voitures Abandonn\u00e9es<\/li><li>Ch\u00e2teau Crazy Angelais Ch\u00e2teau du camion bleu<\/li><li>Maison Renault \/ Maison Twingo<\/li><li>Maison Sucrerie<\/li><li>Maison Thierry<\/li><li>Boite de Nuit Imp\u00e9riale<\/li><li>Anis Fort<\/li><li>Hirsbex<\/li><li>La gare de man\u0153uvre ronde \/ The round shunting station<\/li><li>L&#039;abbaye Incendi\u00e9e<\/li><li>Le manoir de la for\u00eat<\/li><li>Maison du Trappeur\/ Maison Lucienne \/ Maison De La Fouine<\/li><li>Ch\u00e2teau Chasseur<\/li><li>Maison Syntropique<\/li><li>Maison Gregory<\/li><li>Bunker CS<\/li><li>Maison Outils<\/li><li>Maisons voleuse d'\u00e2me<\/li><li>Maison BB<\/li><li>Maison Soap<\/li><li>Maison de la confr\u00e9rie<\/li><li>Tour de Babel<\/li><li>Maison du Boucher<\/li><li>Tomb\u00e9e dans l'oublie<\/li><li>Maison Red Grandma<\/li><li>Manoir 1800<\/li><li>Maison Queue de Faisan<\/li><li>Usine Tropica<\/li><li>Fabrique de canards<\/li><li>Villa Alphonse<\/li><li>Usine de Bi\u00e8res<\/li><li>Maison Leko<\/li><li>Usine de 1932<\/li><li>El\u00e9phant de la m\u00e9moire \/ Lost Elephant<\/li><li>Usine Standart S A<\/li><li>Clinique du Maternit\u00e9<\/li><li>Chapel La Barbe \/ Beard Chapel<\/li><li>Brickyard fum\u00e9<\/li><li>Ch\u00e2teau de l&#039;Empire \/ Ch\u00e2teau du G\u00e9n\u00e9ral Vandamme<\/li><li>Manoir Porsche<\/li><li>Ferme Aux Obus \/ Ferme Quality Street<\/li><li>H\u00f4pital G<\/li><li>Ferme Crucifix<\/li><li>Brasserie C<\/li><li>Avion bleu 2.0<\/li><li>Disco Silo<\/li><li>Usine Camus<\/li><li>Maison Horizon<\/li><li>Maison Meunier<\/li><li>Ch\u00e2teau Frakacet<\/li><li>Maison Calmette<\/li><li>Train Graveyard \/ Trains d'un autre monde<\/li><li>Eglise de la d\u00e9solation<\/li><li>Discoth\u00e8que antique<\/li><li>Maison Mickey<\/li><li>Maison FlipFlop<\/li><li>Maison disparue<\/li><li>Entrep\u00f4t dans la for\u00eat<\/li><li>Maison Fleury<\/li><li>Maison Gestapo<\/li><li>Maison Volt<\/li><li>L'ancienne usine ferroviaire<\/li><li>Manoir Bourgeois<\/li><li>Ferme Nationale<\/li><li>Maison Salva<\/li><li>Maison des chemins de fer<\/li><li>Maison avec probl\u00e8me de construction<\/li><li>Ch\u00e2teau des Douaniers<\/li><li>Fort M<\/li><li>Fort M 2<\/li><li>Fort M 3<\/li><li>Fort M 4<\/li><li>Centre Cultura<\/li><li>Garage Fina<\/li><li>Maison du P\u00eacheur<\/li><li>Piscine Tournesol 4<\/li><li>Centrale H<\/li><li>Maison des chatons<\/li><li>Maison au milieu<\/li><li>Bowling dans l'espace<\/li><li>Maison Cloch<\/li><li>Maison de fer<\/li><li>Entrepot d\u00e9labr\u00e9<\/li><li>La maison de r\u00eave blanche<\/li><li>Maison Watchtower<\/li><li>Maisons tordues<\/li><li>L'attaque du titan<\/li><li>Maison fig\u00e9e dans le temps<\/li><li>Ferme Cibloy<\/li><li>Ch\u00e2teau du Monaca<\/li><li>Maison des Livres<\/li><li>Ch\u00e2teau De Fruminet<\/li><li>Sanatorium Delirium Sanatorium Nestor Pirotte<\/li><li>Monast\u00e8re Mor<\/li><li>Manoir du Pharmacien<\/li><li>Ch\u00e2teau MM<\/li><li>Cimeti\u00e8re Profan\u00e9<\/li><li>Manoir aux milles livres<\/li><li>Ch\u00e2teau O<\/li><li>Ferme du Collectionneur<\/li><li>Maison Menthe<\/li><li>Manoir Da Vinci<\/li><li>\u00c9curie H<\/li><li>Ch\u00e2teau du Menillet<\/li><li>Ch\u00e2teau Piano<\/li><li>Chaufferie Prison<\/li><li>Administration p\u00e9nitentiaire<\/li><li>Champ de Tir<\/li><li>Piscine Eau Verte<\/li><li>Disco Fightclub<\/li><li>Chapelle Mello<\/li><li>Chapelle Messie<\/li><li>Villa Safari<\/li><li>Maison du Nudiste<\/li><li>Maison machiav\u00e9lique<\/li><li>Ferme du Moyen \u00c2ge<\/li><li>Ferme avec mini maison<\/li><li>Maison N-Zelande<\/li><li>Camp de nudiste<\/li><li>Le cimeti\u00e8re de voitures<\/li><li>Usine Fondrax<\/li><li>Comit\u00e9 Jacob<\/li><li>Manoir Jacqueline<\/li><li>Maison de la Pointe<\/li><li>Grande maison avec anciennes voitures abandonn\u00e9es<\/li><li>Manoir B\u00e9b\u00e9<\/li><li>Maison des ann\u00e9es 70<\/li><li>Ferme de Champagne<\/li><li>Maison du Fumeur<\/li><li>Le manoir du Meurtre<\/li><li>Le Piano Fant\u00f4me<\/li><li>Car-Tune<\/li><li>Ch\u00e2teau de l&amp;#039 ; Elan<\/li><li>La fi\u00e8vre des fibres<\/li><li>Lord Grey<\/li><li>Maison aux Plantes<\/li><li>Manoir Grano<\/li><li>Oncle Donald<\/li><li>Veste Maison<\/li><li>Ferme Leclerc<\/li><li>H\u00f4pital du B\u00e9b\u00e9 qui Pleure<\/li><li>Ferme Lam<\/li><li>Chapelle du Roy<\/li><li>Maison du d\u00e9pressif<\/li><li>Manoir Pendulum<\/li><li>Maison Marionenettes<\/li><li>Villa Anglais<\/li><li>Maison Papillon Bleu<\/li><li>Manoir de l&#039;Aristocrate \/ Ferme d&#039;Agatha<\/li><li>Manoir de Gotna<\/li><li>Ferme Paradise<\/li><li>Ch\u00e2teau Jonquille<\/li><li>Mine du Grimpeur<\/li><li>Maison Tacot<\/li><li>La Morgue de Dieu<\/li><li>La Ferme Paradis<\/li><li>Maison Gepetto<\/li><li>Manoir R\u00e9surrection<\/li><li>Voiture Tetris \/ Tetris Cars<\/li><li>Ferme Merlier<\/li><li>Maison Seimreh<\/li><li>Maison du Table<\/li><li>Restaurant Tipi<\/li><li>Usine Verte<\/li><li>Garde \u00e0 vue<\/li><li>Les anciens b\u00e2timents miniers<\/li><li>Maison Bies<\/li><li>Maison Tartar<\/li><li>La maison d'hiver<\/li><li>Manoir Jeu de Dames<\/li><li>Maison de la nature<\/li><li>Maison Groundkeeper<\/li><li>Les champs de bunkers<\/li><li>Ferme Cornet \/ Van Farm<\/li><li>Club Osmose<\/li><li>Ferme de l'oncle Joe<\/li><li>Clinique de maternit\u00e9<\/li><li>La Vache Folle<\/li><li>Maison Arlette \/ Chez Artlette<\/li><li>Ferme Montiers<\/li><li>Manoir Malediction<\/li><li>Ferme Philo<\/li><li>Villa de la Plage<\/li><li>Ch\u00e2teau de la Biche<\/li><li>Manoir Orland<\/li><li>Ch\u00e2teau Martin P\u00eacheur<\/li><li>Ch\u00e2teau Colo<\/li><li>Usine Coop<\/li><li>Sucrerie B<\/li><li>Usine Feuille de Trefle<\/li><li>Ecole B<\/li><li>Usine DP<\/li><li>La Maison Effeuillage \/ The Room<\/li><li>Concession SAAB<\/li><li>Eglise de l'Alien (avec autorisation)<\/li><li>Maison Damier<\/li><li>La Maison du Renard<\/li><li>Manoir Scolaire \/ Manoir Fire<\/li><li>Maison Valines<\/li><li>Piscine Tournesol 8<\/li><li>Plage d'Usine<\/li><li>Le g\u00e9ant du b\u00e9ton<\/li><li>Maison Accident de voiture \/ Car Wreck House<\/li><li>L'autre manoir Jumani<\/li><\/ul>","protected":false},"excerpt":{"rendered":"<p>Cette carte de l'urbex vous fournit tous les lieux d'exploration urbaine (urbex) dans les pays suivants<strong> France, <\/strong><strong>Hauts-de-France<\/strong><strong>.<\/strong> Cette carte des lieux perdus restera mise \u00e0 jour et accessible pendant au moins 365 jours apr\u00e8s l'achat.<\/p>\n<p>Cette carte contient actuellement 204 des lieux d'exploration urbaine les plus uniques en France, dans les Hauts-de-France, et est accessible depuis n'importe quel endroit gr\u00e2ce \u00e0 notre carte facile \u00e0 utiliser.<strong>.<\/p>\n<p><\/strong><strong>Si vous avez d\u00e9j\u00e0 ce pack, vous pouvez y acc\u00e9der via <a href=\"\/fr\/mon-compte-2-2\/espace-membres\/43905\/le-contenu-de-mon-adhesion\/\">Mes cartes &gt; Afficher.<\/a><\/strong><strong><\/p>\n<p><\/strong><a href=\"#tab-description\">Liste de tous les sites Urbex sur cette carte.<\/a><\/p>","protected":false},"featured_media":48141,"template":"","meta":[],"product_brand":[],"product_cat":[226,232,322,1135,1342],"product_tag":[323],"class_list":{"0":"post-37079","1":"product","2":"type-product","3":"status-publish","4":"has-post-thumbnail","6":"product_cat-france","7":"product_cat-hauts-de-france","8":"product_cat-location-packs","9":"product_cat-maps-france","10":"product_cat-maps-hauts-de-france","11":"product_tag-locationpack","13":"first","14":"instock","15":"taxable","16":"shipping-taxable","17":"purchasable","18":"product-type-variable"},"jetpack_sharing_enabled":true,"_links":{"self":[{"href":"https:\/\/urbex.direct\/fr\/wp-json\/wp\/v2\/product\/37079","targetHints":{"allow":["GET"]}}],"collection":[{"href":"https:\/\/urbex.direct\/fr\/wp-json\/wp\/v2\/product"}],"about":[{"href":"https:\/\/urbex.direct\/fr\/wp-json\/wp\/v2\/types\/product"}],"wp:featuredmedia":[{"embeddable":true,"href":"https:\/\/urbex.direct\/fr\/wp-json\/wp\/v2\/media\/48141"}],"wp:attachment":[{"href":"https:\/\/urbex.direct\/fr\/wp-json\/wp\/v2\/media?parent=37079"}],"wp:term":[{"taxonomy":"product_brand","embeddable":true,"href":"https:\/\/urbex.direct\/fr\/wp-json\/wp\/v2\/product_brand?post=37079"},{"taxonomy":"product_cat","embeddable":true,"href":"https:\/\/urbex.direct\/fr\/wp-json\/wp\/v2\/product_cat?post=37079"},{"taxonomy":"product_tag","embeddable":true,"href":"https:\/\/urbex.direct\/fr\/wp-json\/wp\/v2\/product_tag?post=37079"}],"curies":[{"name":"wp","href":"https:\/\/api.w.org\/{rel}","templated":true}]}}