{"id":36647,"date":"2021-11-24T22:05:03","date_gmt":"2021-11-24T22:05:03","guid":{"rendered":"https:\/\/urbex.direct\/?post_type=product&#038;p=36647"},"modified":"2025-05-27T20:11:09","modified_gmt":"2025-05-27T19:11:09","slug":"location-map-fr-nouvelle-aquitaine","status":"publish","type":"product","link":"https:\/\/urbex.direct\/fr\/product\/location-map-fr-nouvelle-aquitaine\/","title":{"rendered":"Urbex Map France, Nouvelle-Aquitaine (1 ou 2 ans d'acc\u00e8s)"},"content":{"rendered":"<p>Cette carte contient les lieux suivants :<\/p>\n\n\n\n<ul><li>Maison de retraite Dennis Nilsen<\/li><li>Ch\u00e2teau Repaire<\/li><li>Ch\u00e2teau L<\/li><li>Ch\u00e2teau du Tatou\u00e9<\/li><li>Ch\u00e2teau Herm<\/li><li>Maisons Dronne<\/li><li>Bo\u00eete de Nuit Le Scoop<\/li><li>Usine Couze<\/li><li>Ch\u00e2teau de la Lyre<\/li><li>H\u00f4tel des Suites<\/li><li>Horror Hospital \/ H\u00f4pital de l'horreur<\/li><li>Maison de l&#039;Eglise<\/li><li>Maison Nains Jaune<\/li><li>H\u00f4pital nazi<\/li><li>H\u00f4tel Laurent \/ H\u00f4tel du Canard<\/li><li>Eglise Ruine Gothique<\/li><li>Maison Sans Pareil<\/li><li>Ch\u00e2teau\nPigeon<\/li><li>Streetart Factory<\/li><li>Parc La Guinguette<\/li><li>Centre de vacances Sombre<\/li><li>Manoir Asian Hornet \/ Manoir Frelon Asiatique<\/li><li>Ferme FRTE<\/li><li>Ch\u00e2teau indien<\/li><li>Maison Bernier<\/li><li>Ch\u00e2teau Corrida<\/li><li>Villa Bel Sito<\/li><li>Ch\u00e2teau JQ<\/li><li>Ch\u00e2teau Disney<\/li><li>Manoir jeu de Dames \/ Manoir Capsule<\/li><li>Maison Bernadette<\/li><li>Maison la Foret<\/li><li>Maison du Peintre<\/li><li>Pap\u00e8terie NA<\/li><li>Ch\u00e2teau Grand Cru<\/li><li>H\u00f4tel Luis Garavito<\/li><li>Manoir Antoinette Scieri<\/li><li>Villa La Roseraie<\/li><li>R\u00e9sidence Le Signal<\/li><li>Ch\u00e2teau Edward Gein<\/li><li>Manoir John Christie<\/li><li>Ch\u00e2teau de l'Acteur \/ Guy Rampillon<\/li><li>Maison du Poltergeist<\/li><li>Villa Carte Blanche<\/li><li>Maison du Bachelier<\/li><li>Maison Ruche<\/li><li>Maison Villarbille<\/li><li>Ch\u00e2teau Babylon<\/li><li>Sanatorium des Mimosas<\/li><li>Maison Aquatique<\/li><li>Maison de l'otage<\/li><li>Ch\u00e2teau H\u00e9l\u00e8ne Jegado<\/li><li>H\u00f4tel Jane Reth<\/li><li>Ch\u00e2teau le Scrill<\/li><li>Manoir Mystique<\/li><li>Ch\u00e2teau de l'hermitage \/ Ch\u00e2teau Trudeau<\/li><li>Maison d\u00e9tente<\/li><li>Maison de la bourgeoisie<\/li><li>Manoir Libert\u00e9<\/li><li>Petite maison aux roses<\/li><li>La ferme du vieil Albert<\/li><li>Sanatorium Wal<\/li><li>Ch\u00e2teau Bois-Fleuri<\/li><li>Ch\u00e2teau Bennet<\/li><li>Usine du Bois<\/li><li>Ballade du Bois<\/li><li>La Carri\u00e8re de C<\/li><li>Usine Renault<\/li><li>Base Amiral<\/li><li>Maison Vignes<\/li><li>La Banque<\/li><li>Maison Popo<\/li><li>Manoir des viticulteurs<\/li><li>Maison des oisillons<\/li><li>L'ancien orphelinat<\/li><li>Maison du bon vieux temps<\/li><li>Piscine VT<\/li><li>Le stockage dans la for\u00eat<\/li><li>Vestiges de la grande ferme<\/li><li>Maison Lilli<\/li><li>Maison du Trappeur<\/li><li>Ch\u00e2teau Peter Dupas<\/li><li>Ch\u00e2teau de l'Empereur<\/li><li>Ch\u00e2teau Gordon Hay<\/li><li>Maison Lugubre<\/li><li>Sportissima<\/li><li>Centre de Vacance<\/li><li>Manoir Astronome<\/li><li>Maison Minimoys<\/li><li>Maison Raymond<\/li><li>Ch\u00e2teau Ferron<\/li><li>Manoir CD \/ CD Manor<\/li><li>Bo\u00eete de Nuit 47<\/li><li>Maison Sable Mouvant<\/li><li>Maison Canal<\/li><li>Maison Grass<\/li><li>L&#039;usine de Cigarettes<\/li><li>Le fort aux 2 tours<\/li><li>Maison Citro\u00ebn, \u00e9pave et usine<\/li><li>Domaine Woodpacker<\/li><li>Ferme APN<\/li><li>Poussi\u00e8re et bibelot<\/li><li>Ferme spirituelle<\/li><li>Maison du g\u00e9nie<\/li><li>Ferme Mira<\/li><li>Maison Charlie<\/li><li>Ferme du temps qui passe<\/li><li>H\u00f4tel des travaux forc\u00e9s<\/li><li>Le cordonnier<\/li><li>La m\u00e9moire qui s'\u00e9tiole<\/li><li>H\u00f4tel du disparu<\/li><li>For\u00eat UTZ<\/li><li>Ch\u00e2teau Bijoux<\/li><li>H\u00f4tel d'Angleterre<\/li><li>Usine L\u00e9on<\/li><li>Ch\u00e2teau Affranchis \/ Ch\u00e2teau Aristo \/ Ch\u00e2teau Mirador<\/li><li>Ch\u00e2teau NP<\/li><li>H\u00f4tel des Princes<\/li><li>Ch\u00e2teau Matti Haapoja<\/li><li>Sanatorium Thierry Paulin<\/li><li>Maison Rouge<\/li><li>Bo\u00eete de Nuit Jalousie<\/li><li>Ch\u00e2teau du mage blanc<\/li><li>La Belle Maison<\/li><li>Maison Plague<\/li><li>Maison unseen<\/li><li>Villa Winsti<\/li><li>Maison Les Flots<\/li><li>Ferme Fifi<\/li><li>Maison Pissenlit<\/li><li>Maison 7 jumelles<\/li><li>Clinique Beaulieu<\/li><li>Maison Hidden Corner<\/li><li>Maison du Chien<\/li><li>Maison du Pleurs<\/li><li>Sanatorium dus Enfants<\/li><li>L'usine Easy Factory<\/li><li>Diable Rouge<\/li><li>La Tour<\/li><li>Ch\u00e2teau Bazena<\/li><li>Ch\u00e2teau du petit poucet<\/li><li>Maison du barrage<\/li><li>Maison Bibelots<\/li><li>Maison Catastrophe<\/li><li>Le S\u00e9minaire<\/li><li>Maison Gambetta<\/li><li>Maison 979<\/li><li>Maison Baby<\/li><li>Maisons des ronces<\/li><li>L'avion oubli\u00e9<\/li><li>Les tours vertes \/ The Green Towers<\/li><li>Serres V\u00e9drine<\/li><li>Manoir Melomane<\/li><li>Ch\u00e2teau de Bagnac<\/li><li>Ch\u00e2teau S\u00e9r\u00e9nade<\/li><li>H\u00f4pital Thomas<\/li><li>Usine Vienne<\/li><li>Maison Scorpial<\/li><li>La Demeure l\u00e9gion d'horreur\/ Manoir La Femme Qui Pleure \/ House Of The Screaming Lady<\/li><li>H\u00f4tel \u00e0 c\u00f4t\u00e9 de l&#039;autoroute<\/li><li>Ch\u00e2teau Dystopia<\/li><li>Sanatorium Eug\u00e8ne Aram<\/li><li>Clinique Emma \/ Clinique Emma Olivier \/ Clinique Soyaux<\/li><li>Ch\u00e2teau Rohan<\/li><li>H\u00f4tel CH<\/li><li>Chapelle du marquis<\/li><li>Chapelle aux oiseaux<\/li><li>Maison Ventilation<\/li><li>Ferme la Vache<\/li><li>Usine Roche Rouge<\/li><li>Centre commercial Leclerc<\/li><li>H\u00f4pital Barri\u00e8re<\/li><li>H\u00f4tel Angely<\/li><li>H\u00f4pital Roch<\/li><li>Ch\u00e2teau Edgar Boulai<\/li><li>Maison de retraite SG<\/li><li>Manoir Bamboo<\/li><li>Abattoir S<\/li><li>Maison Helipad<\/li><li>Colonie des Tricolos<\/li><li>Colonie Lombric<\/li><li>Colonie Domino<\/li><li>Maison Galards<\/li><li>Attaque des Alertes<\/li><li>Concessionnaire automobile<\/li><li>Ch\u00e2teau L\u00e9ger<\/li><li>Ecole de l'instituteur<\/li><li>Ch\u00e2teau Pont-Levis<\/li><li>Eglise Mothe<\/li><li>B\u00eate Noir<\/li><li>La villa de l'explorateur<\/li><li>Manoir Sanitol<\/li><li>Maison des Merveilles du Monde<\/li><li>Manoir Mort-Vivant<\/li><li>Maison La Famille Addams<\/li><li>Maison Blink<\/li><li>Maison Sint<\/li><li>Maison de retraite Gauguin<\/li><li>Maison mur de vert<\/li><\/ul>","protected":false},"excerpt":{"rendered":"<p>Cette carte de l'urbex vous fournit tous les lieux d'exploration urbaine (urbex) dans les pays suivants<strong> France, Nouvelle-Aquitaine.<\/strong> Cette carte des lieux perdus restera mise \u00e0 jour et accessible pendant au moins 365 jours apr\u00e8s l'achat.<\/p>\n<p>Cette carte pr\u00e9sente actuellement 199 des lieux d'exploration urbaine les plus uniques de France, Nouvelle-Aquitaine et est accessible depuis n'importe o\u00f9 gr\u00e2ce \u00e0 notre carte facile \u00e0 utiliser.<strong>.<\/p>\n<p><\/strong><strong>Si vous avez d\u00e9j\u00e0 ce pack, vous pouvez y acc\u00e9der via <a href=\"\/fr\/mon-compte-2-2\/espace-membres\/43905\/le-contenu-de-mon-adhesion\/\">Mes cartes &gt; Afficher.<\/a><\/strong><strong><\/p>\n<p><\/strong><a href=\"#tab-description\">Liste de tous les sites Urbex sur cette carte.<\/a><\/p>","protected":false},"featured_media":48142,"template":"","meta":[],"product_brand":[],"product_cat":[226,322,1135,1349,235],"product_tag":[323],"class_list":{"0":"post-36647","1":"product","2":"type-product","3":"status-publish","4":"has-post-thumbnail","6":"product_cat-france","7":"product_cat-location-packs","8":"product_cat-maps-france","9":"product_cat-maps-nouvelle-aquitaine","10":"product_cat-nouvelle-aquitaine","11":"product_tag-locationpack","13":"first","14":"instock","15":"taxable","16":"shipping-taxable","17":"purchasable","18":"product-type-variable"},"jetpack_sharing_enabled":true,"_links":{"self":[{"href":"https:\/\/urbex.direct\/fr\/wp-json\/wp\/v2\/product\/36647","targetHints":{"allow":["GET"]}}],"collection":[{"href":"https:\/\/urbex.direct\/fr\/wp-json\/wp\/v2\/product"}],"about":[{"href":"https:\/\/urbex.direct\/fr\/wp-json\/wp\/v2\/types\/product"}],"wp:featuredmedia":[{"embeddable":true,"href":"https:\/\/urbex.direct\/fr\/wp-json\/wp\/v2\/media\/48142"}],"wp:attachment":[{"href":"https:\/\/urbex.direct\/fr\/wp-json\/wp\/v2\/media?parent=36647"}],"wp:term":[{"taxonomy":"product_brand","embeddable":true,"href":"https:\/\/urbex.direct\/fr\/wp-json\/wp\/v2\/product_brand?post=36647"},{"taxonomy":"product_cat","embeddable":true,"href":"https:\/\/urbex.direct\/fr\/wp-json\/wp\/v2\/product_cat?post=36647"},{"taxonomy":"product_tag","embeddable":true,"href":"https:\/\/urbex.direct\/fr\/wp-json\/wp\/v2\/product_tag?post=36647"}],"curies":[{"name":"wp","href":"https:\/\/api.w.org\/{rel}","templated":true}]}}