{"id":36643,"date":"2021-11-24T22:03:25","date_gmt":"2021-11-24T22:03:25","guid":{"rendered":"https:\/\/urbex.direct\/?post_type=product&#038;p=36643"},"modified":"2025-05-27T20:00:34","modified_gmt":"2025-05-27T19:00:34","slug":"location-map-fr-occitanie","status":"publish","type":"product","link":"https:\/\/urbex.direct\/fr\/product\/location-map-fr-occitanie\/","title":{"rendered":"Urbex Map France, Occitanie (1 ou 2 ans d'acc\u00e8s)"},"content":{"rendered":"<p>Cette carte contient les lieux suivants :<\/p>\n\n\n\n<ul><li>Resto Kowloon<\/li><li>Morgue de l'h\u00f4pital<\/li><li>Restaurant le Bistrot \/ H\u00f4tel capitaine Haddock<\/li><li>Maison Museum\/ Maison Gendarmerie<\/li><li>Les mines d'or<\/li><li>Ch\u00e2teau Ecole<\/li><li>Ch\u00e2teau Valgros<\/li><li>Villa des Orangers<\/li><li>Voitures Rouill\u00e9es<\/li><li>Discoth\u00e8que\nBon<\/li><li>Manoir RBNSD<\/li><li>Maison Champignon<\/li><li>Manoir Escalier<\/li><li>La Chapelle de L'ange au Violon<\/li><li>Spa Isis \/ Therme Isis<\/li><li>Ancienne Gare SML<\/li><li>Ruines du bunker dans les dunes<\/li><li>H\u00f4tel Eleven<\/li><li>Car Junkyard<\/li><li>Maison Bosch<\/li><li>Manoir vitrail<\/li><li>Maison Vide<\/li><li>Maisons du Monde<\/li><li>Ch\u00e2teau Horus<\/li><li>Anciennes serres \u00e0 raisins<\/li><li>Karting Perdue<\/li><li>Appartements Castellas<\/li><li>H\u00f4pital Erno Soto<\/li><li>Maison R<\/li><li>Maison Poup\u00e9es Voodoo<\/li><li>Maison des Serpents<\/li><li>Ch\u00e2teau Petit<\/li><li>H\u00f4pital Rochelle<\/li><li>Disco orientale<\/li><li>Maison de la Mine<\/li><li>La colonne militaire<\/li><li>Restaurant et Club D<\/li><li>Gare en for\u00eat \/ Forest station<\/li><li>Le four \u00e0 chaux oubli\u00e9 \/ The Forgotten Lime Kiln<\/li><li>Les anciens thermes dans la for\u00eat \/ The Old Therme in the Forest<\/li><li>Ch\u00e2teau de Sauvage<\/li><li>Ruine Argen<\/li><li>Les 3 ruines ensemble \/ The 3 ruins together<\/li><li>Sanatorium Michel Peiry<\/li><li>Cave Coop\u00e9ratie<\/li><li>Ch\u00e2teau Halabi<\/li><li>Pensionnat Joseph Vacher<\/li><li>Maison de l'Inventeur<\/li><li>Maison Hant\u00e9e<\/li><li>Ch\u00e2teau BN<\/li><li>Usine x D\u00e9pollution<\/li><li>Les pianos du champ<\/li><li>Usine Vieille Voitures<\/li><li>Centre de r\u00e9\u00e9ducation<\/li><li>Maison RIP<\/li><li>Usine Hold<\/li><li>Redidence Rose<\/li><li>Manoir de la tour<\/li><li>V\u00e9hicules de la police am\u00e9ricaine<\/li><li>Les ruines du moulin<\/li><li>Ville fant\u00f4me 34<\/li><li>Colonie Lod<\/li><li>Une autre ville fant\u00f4me 34<\/li><li>Domaine Espa \/ Le domaine des Fusiliers<\/li><li>Le vieux village<\/li><li>Maison Croix<\/li><li>La maison de montagne abandonn\u00e9e<\/li><li>Ruine de la for\u00eat<\/li><li>H\u00f4tel Tropical<\/li><li>H\u00f4tel KQPRS<\/li><li>Fort Amelie<\/li><li>H\u00f4tel Alexandra<\/li><li>H\u00f4pital Thermal<\/li><li>Avion Falaise<\/li><li>H\u00f4tel Estamariu 66<\/li><li>La villa du Pr\u00eatre<\/li><li>Camping en for\u00eat<\/li><li>Gare mini\u00e8re 1<\/li><li>Gare mini\u00e8re 2<\/li><li>Gare mini\u00e8re 3<\/li><li>Ruine de Spa<\/li><li>Village fant\u00f4me Vieux<\/li><li>Petite ville fant\u00f4me 66<\/li><li>La Laiterie<\/li><li>H\u00f4tel Delta<\/li><li>Usine Rivera<\/li><li>Piscine Grande<\/li><li>Usine Teint<\/li><li>Ch\u00e2teau Taureau<\/li><li>La 4L cach\u00e9e<\/li><li>La mine criminelle<\/li><li>Maison aux \u00e9cureuils<\/li><li>Manoir N<\/li><li>Ch\u00e2teau de Bouillac<\/li><li>Le couvent de la repentance<\/li><li>For\u00eat \u00e9pave<\/li><li>Disco Papillon<\/li><li>Maison des chuchotements<\/li><li>Maison 1896<\/li><li>Maison en lisi\u00e8re de for\u00eat<\/li><li>Maison avec les \u00e9paves de voitures<\/li><li>Maison tristesse<\/li><li>La grange tordue<\/li><li>L'\u00c9glise pardonn\u00e9e<\/li><li>La maison de campagne n'est pas en vue<\/li><li>M\u00e9decine d'apr\u00e8s guerre<\/li><li>Camping Tob<\/li><li>Ruines Agla<\/li><li>La maison au sel<\/li><li>Maison B<\/li><li>Garage OH MY G<\/li><li>Ch\u00e2teau Marguerite \/ Ch\u00e2teau Joachim Toro<\/li><li>Clinique Wisteria Hos<\/li><li>Usine Hirondelles<\/li><li>La Serre du Chirurgien<\/li><li>Ch\u00e2teau du Colonel<\/li><li>H\u00f4pital du Ch\u00e2teau<\/li><li>Ch\u00e2teau Voiture<\/li><li>Usine Plus<\/li><li>Manoir du Sud<\/li><li>Bateau Pirate \/ Le Bateau Restaurant<\/li><li>La maison des serpents<\/li><li>Maison G<\/li><li>Le Ch\u00e2teau aux fen\u00eatres condamn\u00e9es<\/li><li>Voitures anciennes<\/li><li>H\u00f4tel des Soeurs Papins<\/li><li>Usine de Bruss<\/li><li>L'orphelinat Color\u00e9 \/ The Colorful Orphanage<\/li><li>Hunter's House \/ Maison des Chasseurs<\/li><li>Chalet CLF \/ Le Chalet du Biologiste<\/li><li>Manoir du capitaliste<\/li><li>Casino de la Montagne<\/li><li>Vieux et bien rouill\u00e9<\/li><li>Maison Astro<\/li><li>Maison Autoroute<\/li><li>Maison du roi<\/li><li>Maison enfouie<\/li><li>L'ornithorynque<\/li><li>Maison Lofi<\/li><li>Maison TB<\/li><li>Le Pub<\/li><li>Maison Mari<\/li><li>Maison de la cirrhose<\/li><li>Maison Deglingo<\/li><li>Ruine du Prince<\/li><li>Le vieux Moulin<\/li><li>Le grill abandonn\u00e9<\/li><li>Vieux hangar<\/li><li>Usine de chaux<\/li><li>Usine des Libres<\/li><li>Effondrement de la maison<\/li><li>Jacquy Haddouche Castle \/ Ch\u00e2teau blancard<\/li><li>Maison Journaux \/ Ch\u00e2teau Baldaquin \/ Ch\u00e2teau Marie Noe<\/li><li>Tourn\u00e9e de M. Gaston<\/li><li>Manoir Atenas<\/li><li>Chapelle Pessebre<\/li><li>Maison qui\u00e8tude<\/li><li>H\u00f4tel Daisy de Melker<\/li><li>Domaine de la cobra<\/li><li>Disco Boom<\/li><li>Maison Bianch<\/li><li>La maison d'\u00e0 c\u00f4t\u00e9<\/li><li>Maison Razera<\/li><li>Usine Kiss<\/li><li>Eglise du p\u00each\u00e9<\/li><li>Ch\u00e2teau Martial \/ Ch\u00e2teau Napol\u00e9on<\/li><li>Ch\u00e2teau Cube<\/li><li>Manoir des bois<\/li><li>Le camp des exp\u00e9riences<\/li><li>Maison Sans Parents<\/li><li>H\u00f4tel des sourciers<\/li><li>Maison Maxou<\/li><li>Maison Stranger Things<\/li><li>Discoth\u00e8que MyLord<\/li><li>T\u00e9l\u00e9ph\u00e9rique des Pyr\u00e9n\u00e9es<\/li><li>Manoir Madame B<\/li><li>H\u00f4tel Clo Clo<\/li><li>Temple franc ma\u00e7on<\/li><li>Couvent Christine Malevre<\/li><li>Maison au palmier<\/li><li>H\u00f4tel Restaurant West Virginia<\/li><li>Colonie De Caneilles<\/li><li>Maison Jumelles 1<\/li><li>Maison Jumelles 2<\/li><li>Usine TT<\/li><li>Maison Neste<\/li><li>Petite clinique<\/li><li>Collecte de voitures au pont<\/li><li>H\u00f4tel de la musique<\/li><li>Eglise P<\/li><li>Ch\u00e2teau de L\u00e9z<\/li><li>Ch\u00e2teau la B<\/li><li>Usine du Seigneur<\/li><li>Manoir de la Rivi\u00e8re<\/li><li>Usine Infierno<\/li><li>Usine Migro<\/li><li>Villa Cubac<\/li><li>Maison du Roucan<\/li><li>Le Lavoir \u00e0 Charbon<\/li><li>Gendarmerie<\/li><li>Chapelle Arlequin<\/li><li>Maison Triangle<\/li><li>Restaurant Catalan<\/li><li>Ch\u00e2teau du V\u00e9t\u00e9rinaire<\/li><li>L'ancienne caserne<\/li><li>Mineurs d'entrep\u00f4ts<\/li><li>Usine Naudy<\/li><li>Maison Bug<\/li><li>Maison Alzheimer<\/li><li>Usine Chatlana \/ Usine PZM<\/li><li>Ch\u00e2teau de Montpinier<\/li><li>Moulin sur la berge<\/li><li>Parc aquatique des oiseaux<\/li><li>Le bistrot \u00e0 tapas<\/li><li>Manoir Jade<\/li><\/ul>\n\n\n\n<p><\/p>","protected":false},"excerpt":{"rendered":"<p>Cette carte de l'urbex vous fournit tous les lieux d'exploration urbaine (urbex) dans les pays suivants<strong> France, <\/strong><strong>Occitanie<\/strong><strong>.<\/strong> Cette carte des lieux perdus restera mise \u00e0 jour et accessible pendant au moins 365 jours apr\u00e8s l'achat.<\/p>\n<p>Cette carte contient actuellement 215 des lieux d'exploration urbaine les plus uniques en France, en Occitanie et est accessible depuis n'importe o\u00f9 gr\u00e2ce \u00e0 notre carte facile \u00e0 utiliser.<strong>.<\/p>\n<p><\/strong><strong>Si vous avez d\u00e9j\u00e0 ce pack, vous pouvez y acc\u00e9der via <a href=\"\/fr\/mon-compte-2-2\/espace-membres\/43905\/le-contenu-de-mon-adhesion\/\">Mes cartes &gt; Afficher.<\/a><\/strong><strong><\/p>\n<p><\/strong><a href=\"#tab-description\">Liste de tous les sites Urbex sur cette carte.<\/a><\/p>","protected":false},"featured_media":48143,"template":"","meta":[],"product_brand":[],"product_cat":[226,322,1135,1346,236],"product_tag":[323],"class_list":{"0":"post-36643","1":"product","2":"type-product","3":"status-publish","4":"has-post-thumbnail","6":"product_cat-france","7":"product_cat-location-packs","8":"product_cat-maps-france","9":"product_cat-maps-occitanie","10":"product_cat-occitanie","11":"product_tag-locationpack","13":"first","14":"instock","15":"taxable","16":"shipping-taxable","17":"purchasable","18":"product-type-variable"},"jetpack_sharing_enabled":true,"_links":{"self":[{"href":"https:\/\/urbex.direct\/fr\/wp-json\/wp\/v2\/product\/36643","targetHints":{"allow":["GET"]}}],"collection":[{"href":"https:\/\/urbex.direct\/fr\/wp-json\/wp\/v2\/product"}],"about":[{"href":"https:\/\/urbex.direct\/fr\/wp-json\/wp\/v2\/types\/product"}],"wp:featuredmedia":[{"embeddable":true,"href":"https:\/\/urbex.direct\/fr\/wp-json\/wp\/v2\/media\/48143"}],"wp:attachment":[{"href":"https:\/\/urbex.direct\/fr\/wp-json\/wp\/v2\/media?parent=36643"}],"wp:term":[{"taxonomy":"product_brand","embeddable":true,"href":"https:\/\/urbex.direct\/fr\/wp-json\/wp\/v2\/product_brand?post=36643"},{"taxonomy":"product_cat","embeddable":true,"href":"https:\/\/urbex.direct\/fr\/wp-json\/wp\/v2\/product_cat?post=36643"},{"taxonomy":"product_tag","embeddable":true,"href":"https:\/\/urbex.direct\/fr\/wp-json\/wp\/v2\/product_tag?post=36643"}],"curies":[{"name":"wp","href":"https:\/\/api.w.org\/{rel}","templated":true}]}}