{"id":36610,"date":"2021-11-24T19:11:30","date_gmt":"2021-11-24T19:11:30","guid":{"rendered":"https:\/\/urbex.direct\/?post_type=product&#038;p=36610"},"modified":"2025-05-22T20:38:52","modified_gmt":"2025-05-22T19:38:52","slug":"carte-auvergne-rhone-alpes","status":"publish","type":"product","link":"https:\/\/urbex.direct\/fr\/product\/location-map-auvergne-rhone-alpes\/","title":{"rendered":"Urbex Map France, Auvergne-Rh\u00f4ne-Alpes (1 ou 2 ans d'acc\u00e8s)"},"content":{"rendered":"<p>Cette carte contient les lieux suivants :<\/p>\n\n\n\n<ul><li>Manoir aux fant\u00f4mes<\/li><li>Maison Bollirison<\/li><li>Ch\u00e2teau TH<\/li><li>Centre Multisport<\/li><li>Sanatorium du Lac gel\u00e9<\/li><li>Maison Jungle \/ Maison du sauvage<\/li><li>Ch\u00e2teau Bellevue<\/li><li>H\u00f4tel de la Faucille<\/li><li>Usine Vulcain \/ Mercantile Factory<\/li><li>Cimeti\u00e8re de train Mergeais<\/li><li>The Unknow Factory \/ Wasteland I<\/li><li>Ch\u00e2teau Bellesyri<\/li><li>Le manoir jouets<\/li><li>Discoth\u00e8que Titanic \/ Discoth\u00e8que aux Facettes<\/li><li>Ch\u00e2teau Blanc 2.0<\/li><li>Ch\u00e2teau de Bohas<\/li><li>Manoir Flipper \/ Mansion Pinball<\/li><li>Maison Panda<\/li><li>Le garage aux \u00e9paves<\/li><li>Manoir Horloge<\/li><li>Usine Mister Django<\/li><li>Maison Paucod<\/li><li>Les voitures du Kraken<\/li><li>Ch\u00e2teau Versanne<\/li><li>Ch\u00e2teau Bayrou \/ Ch\u00e2teau Formica<\/li><li>Ch\u00e2teau Symphonie<\/li><li>Manoir Mercedes<\/li><li>Ch\u00e2teau Portrait<\/li><li>Ch\u00e2teau Minuit<\/li><li>Piscine Tropical<\/li><li>Hopitools<\/li><li>Usine Meldrague<\/li><li>Lotissement du D\u00e9sert \/ AB House<\/li><li>Ch\u00e2teau Paysan \/ Ch\u00e2teau Roffcho<\/li><li>Ecole La Vache \/ Ecole Napol\u00e9on<\/li><li>Le couvent des experts Couvent Des Experts<\/li><li>Ch\u00e2teau Cafards \/ The Cockroach Castle<\/li><li>Manoir Bobo<\/li><li>Ch\u00e2teau Chrysanth\u00e8me \/ Manoir Archie<\/li><li>Ch\u00e2teau de Valtan<\/li><li>H\u00f4tel Arrondi<\/li><li>2 Fermes Pluvieuses<\/li><li>H\u00f4pital de guerre<\/li><li>Usine La Pas Lisse<\/li><li>Manoir Sainte Th\u00e9r\u00e8se<\/li><li>Maison Orange<\/li><li>Ferme de l'illettr\u00e9<\/li><li>La ferme contre tout<\/li><li>Maison Martine<\/li><li>Petite Chapelle des voyageurs<\/li><li>Ferme Allemande<\/li><li>Usine The Last of Us<\/li><li>AP Rocket<\/li><li>Maison de retraite Mo\u00efse<\/li><li>Manoir de l&#039;Artisan<\/li><li>The Daudau Pool \/ Piscine Daudau<\/li><li>Maison Baleine<\/li><li>Ruine Du Moulin<\/li><li>Le coiffeur de Walt Disney<\/li><li>Ch\u00e2teau d&#039;\u00e9dra<\/li><li>Ch\u00e2teau Acad\u00e9micien<\/li><li>H\u00f4tel Terminus<\/li><li>Ch\u00e2teau du Hiboux<\/li><li>Ch\u00e2teau de Branzac<\/li><li>Club des Nymphes \/ Disco \u00e9l\u00e9phant<\/li><li>Universit\u00e9 Uzi<\/li><li>Bo\u00eete de nuit Freya<\/li><li>The Boogie Train \/ Abandoned Trains II<\/li><li>Motel M \/ Motel des Vignes<\/li><li>Usine Gary Ridgway<\/li><li>Manoir des Vignes<\/li><li>L'usine Avrela \/ Usine Gangster<\/li><li>Bateau de l'apocalypse \/ Bateau rouill\u00e9<\/li><li>Ferme 1800<\/li><li>Manoir du Coureur \/ Manoir Renault<\/li><li>Bo\u00eete de Nuit 1862<\/li><li>L'infirmi\u00e8re sexy<\/li><li>H\u00f4tel Parker<\/li><li>Usine Jourdan<\/li><li>Ancienne usine d&#039;\u00e9l\u00e9ctro-chimie<\/li><li>Saut \u00e0 ski olympique abandonn\u00e9 \/ Grand Saut<\/li><li>Maison Angus<\/li><li>Couvent Pierre Dufour<\/li><li>Cimenterie Hulk<\/li><li>Villa Hestia<\/li><li>Institut G\u00e9ographique Geographic Institut<\/li><li>Maison Le Port<\/li><li>Ch\u00e2teau Helix<\/li><li>Usine Siner<\/li><li>La parfumerie<\/li><li>Ch\u00e2teau Carre<\/li><li>For\u00eat \u00e9nerg\u00e9tique<\/li><li>Maison Coeur<\/li><li>H\u00f4tel Perlinpinpin<\/li><li>Usine Belle Croix<\/li><li>Usine Ruby<\/li><li>Usine Hock<\/li><li>Villa Bob&#039;s Legs<\/li><li>Ch\u00e2teau des Allem<\/li><li>Usine 38<\/li><li>Voleur d'usine<\/li><li>La brasserie dans les bois<\/li><li>Centrale Vintage<\/li><li>Tunnel fant\u00f4me<\/li><li>Ch\u00e2teau Versa Pique<\/li><li>Thermes Bleus<\/li><li>Ch\u00e2teau des Fables<\/li><li>Usine du Sable<\/li><li>H\u00f4pital du Cheval<\/li><li>Maison de la Mine<\/li><li>Maison Papy &amp; Mamie<\/li><li>Village de vacances<\/li><li>Maison Vignoble<\/li><li>Maison Croix de Guerre<\/li><li>Manoir sauvage<\/li><li>Ch\u00e2teau au toit de verre<\/li><li>The Dam \/ Le colosse d\u00e9chu<\/li><li>Usine Abasourdix<\/li><li>Malterie<\/li><li>Ecole des Merveilles<\/li><li>Auberge Onouris<\/li><li>Ch\u00e2teau Mercure<\/li><li>Usine OVR \/ The OVR Factory<\/li><li>Garage M \/ La Maison de l'arbre<\/li><li>Western fran\u00e7ais<\/li><li>Les Thermes Verts \/ The Green Spa<\/li><li>Maison Martre<\/li><li>Les Thermes Rose<\/li><li>Discoth\u00e8que The Lem<\/li><li>Ch\u00e2teau Exodus<\/li><li>Ch\u00e2teau Contorsionniste \/ Ch\u00e2teau Heracles \/ Ch\u00e2teau Cordiste<\/li><li>H\u00f4tel Capitole<\/li><li>Camp de Vacance La Roche<\/li><li>Les Bains Romains<\/li><li>H\u00f4tel Voiture Rouge \/ Hotel Rouge<\/li><li>Maison de repos Montagnarde<\/li><li>Piscine Percer<\/li><li>Ecole des Couteaux<\/li><li>Usine sur la montagne<\/li><li>Coutellerie et Papeterie<\/li><li>La ruine Industrie<\/li><li>Le paradis du ski<\/li><li>Garage \u00e0 voitures cach\u00e9<\/li><li>Maison du chauffeur<\/li><li>Maison Elfes des bois<\/li><li>Restaurant Bara<\/li><li>Maison R\u00e9novation rat\u00e9e<\/li><li>H\u00f4tel Gilbert<\/li><li>Eglise Demi-Lune<\/li><li>Usine du Lion<\/li><li>Maison Belleroche<\/li><li>Petit de zone Industrielle<\/li><li>Lidl perdu<\/li><li>Manoir Immense<\/li><li>Grand Ancienne Maison de Retraite<\/li><li>H\u00f4tel du Monarque<\/li><li>Quitter l'\u00e9cole<\/li><li>V\u00e9randa de V\u00e9g\u00e9tation<\/li><li>Ancienne Maison de Retraite<\/li><li>Restaurant LR<\/li><li>Mini Maison<\/li><li>Maison D\u00e9pottiore<\/li><li>Vieille Petite Gare Abandonn\u00e9e<\/li><li>Grande Gare Abandonn\u00e9e<\/li><li>Maison Super Maman<\/li><li>Ch\u00e2teau Acide<\/li><li>L'usine automobile<\/li><li>Grand garage sans toit<\/li><li>The Last Stand \/ Le Dernier Combat<\/li><li>Villa Mourir<\/li><li>Maison de la R\u00e9publique<\/li><li>Maison Ouadjet<\/li><li>Station Radio DD<\/li><li>Maison Brouette<\/li><li>Trains du Rh\u00f4ne<\/li><li>Thermes Multicolore<\/li><li>Mine du canal<\/li><li>Ch\u00e2teau Brumeux<\/li><li>Cimenterie Jacob \/ Jacob Cement Factory<\/li><li>T\u00e9l\u00e9ph\u00e9rique des Alpes<\/li><li>H\u00f4tel BS<\/li><li>Manoir Ozan Selamet<\/li><li>Villa Parteyi<\/li><li>H\u00f4pital des Alpes<\/li><li>La vraie villa<\/li><li>H\u00f4tel Minister HS<\/li><li>Maison Interstellar \/ Tower House<\/li><li>H\u00f4pital la ligne verte \/ Green Line Hospital<\/li><li>Centre de loisirs<\/li><li>Salle d'exposition<\/li><\/ul>","protected":false},"excerpt":{"rendered":"<p>Cette carte de l'urbex vous fournit tous les lieux d'exploration urbaine (urbex) dans les pays suivants<strong> France, Auvergne-Rh\u00f4ne-Alpes.<\/strong> Cette carte des lieux perdus restera mise \u00e0 jour et accessible pendant au moins 365 jours apr\u00e8s l'achat.<\/p>\n<p>Cette carte contient actuellement 190 des lieux d'exploration urbaine les plus uniques de France, d'Auvergne-Rh\u00f4ne-Alpes et est accessible depuis n'importe quel endroit gr\u00e2ce \u00e0 notre carte facile \u00e0 utiliser.<strong>.<\/p>\n<p><\/strong><strong>Si vous avez d\u00e9j\u00e0 ce pack, vous pouvez y acc\u00e9der via <a href=\"\/fr\/mon-compte-2-2\/espace-membres\/43905\/le-contenu-de-mon-adhesion\/\">Mes cartes &gt; Afficher.<\/a><\/strong><strong><\/p>\n<p><\/strong><a href=\"#tab-description\">Liste de tous les sites Urbex sur cette carte.<\/a><\/p>","protected":false},"featured_media":48139,"template":"","meta":[],"product_brand":[],"product_cat":[227,226,322,1336,1135],"product_tag":[323],"class_list":{"0":"post-36610","1":"product","2":"type-product","3":"status-publish","4":"has-post-thumbnail","6":"product_cat-auvergne-rhone-alps","7":"product_cat-france","8":"product_cat-location-packs","9":"product_cat-maps-auvergne-rhone-alps","10":"product_cat-maps-france","11":"product_tag-locationpack","13":"first","14":"instock","15":"taxable","16":"shipping-taxable","17":"purchasable","18":"product-type-variable"},"jetpack_sharing_enabled":true,"_links":{"self":[{"href":"https:\/\/urbex.direct\/fr\/wp-json\/wp\/v2\/product\/36610","targetHints":{"allow":["GET"]}}],"collection":[{"href":"https:\/\/urbex.direct\/fr\/wp-json\/wp\/v2\/product"}],"about":[{"href":"https:\/\/urbex.direct\/fr\/wp-json\/wp\/v2\/types\/product"}],"wp:featuredmedia":[{"embeddable":true,"href":"https:\/\/urbex.direct\/fr\/wp-json\/wp\/v2\/media\/48139"}],"wp:attachment":[{"href":"https:\/\/urbex.direct\/fr\/wp-json\/wp\/v2\/media?parent=36610"}],"wp:term":[{"taxonomy":"product_brand","embeddable":true,"href":"https:\/\/urbex.direct\/fr\/wp-json\/wp\/v2\/product_brand?post=36610"},{"taxonomy":"product_cat","embeddable":true,"href":"https:\/\/urbex.direct\/fr\/wp-json\/wp\/v2\/product_cat?post=36610"},{"taxonomy":"product_tag","embeddable":true,"href":"https:\/\/urbex.direct\/fr\/wp-json\/wp\/v2\/product_tag?post=36610"}],"curies":[{"name":"wp","href":"https:\/\/api.w.org\/{rel}","templated":true}]}}