{"id":19154,"date":"2021-09-01T14:06:54","date_gmt":"2021-09-01T13:06:54","guid":{"rendered":"https:\/\/urbex.direct\/product\/wok-e-all-you-can-weed\/"},"modified":"2024-11-04T20:47:31","modified_gmt":"2024-11-04T20:47:31","slug":"wok-e-all-you-can-weed","status":"publish","type":"product","link":"https:\/\/urbex.direct\/fr\/product\/wok-e-all-you-can-weed\/","title":{"rendered":"Wok E \/ Weed \u00e0 volont\u00e9"},"content":{"rendered":"","protected":false},"excerpt":{"rendered":"<p>Incendi\u00e9<\/p>","protected":false},"featured_media":59249,"template":"","meta":[],"product_brand":[],"product_cat":[263,259],"product_tag":[44],"class_list":{"0":"post-19154","1":"product","2":"type-product","3":"status-publish","4":"has-post-thumbnail","6":"product_cat-gelderland-2","7":"product_cat-the-netherlands","8":"product_tag-geenurbex","10":"first","11":"outofstock","12":"downloadable","13":"taxable","14":"shipping-taxable","15":"purchasable","16":"product-type-simple"},"jetpack_sharing_enabled":true,"_links":{"self":[{"href":"https:\/\/urbex.direct\/fr\/wp-json\/wp\/v2\/product\/19154","targetHints":{"allow":["GET"]}}],"collection":[{"href":"https:\/\/urbex.direct\/fr\/wp-json\/wp\/v2\/product"}],"about":[{"href":"https:\/\/urbex.direct\/fr\/wp-json\/wp\/v2\/types\/product"}],"wp:featuredmedia":[{"embeddable":true,"href":"https:\/\/urbex.direct\/fr\/wp-json\/wp\/v2\/media\/59249"}],"wp:attachment":[{"href":"https:\/\/urbex.direct\/fr\/wp-json\/wp\/v2\/media?parent=19154"}],"wp:term":[{"taxonomy":"product_brand","embeddable":true,"href":"https:\/\/urbex.direct\/fr\/wp-json\/wp\/v2\/product_brand?post=19154"},{"taxonomy":"product_cat","embeddable":true,"href":"https:\/\/urbex.direct\/fr\/wp-json\/wp\/v2\/product_cat?post=19154"},{"taxonomy":"product_tag","embeddable":true,"href":"https:\/\/urbex.direct\/fr\/wp-json\/wp\/v2\/product_tag?post=19154"}],"curies":[{"name":"wp","href":"https:\/\/api.w.org\/{rel}","templated":true}]}}