{"id":1725,"date":"2021-03-02T20:57:05","date_gmt":"2021-03-02T20:57:05","guid":{"rendered":"https:\/\/urbex.direct\/product\/manoir-ultra-violet\/"},"modified":"2023-12-18T19:54:11","modified_gmt":"2023-12-18T19:54:11","slug":"manoir-ultra-violet","status":"publish","type":"product","link":"https:\/\/urbex.direct\/fr\/product\/manoir-ultra-violet\/","title":{"rendered":"Manoir Ultra Violet"},"content":{"rendered":"","protected":false},"excerpt":{"rendered":"<p>Br\u00fbl\u00e9 \u00e0 mort<\/p>","protected":false},"featured_media":49866,"template":"","meta":[],"product_brand":[],"product_cat":[226,232,1054],"product_tag":[41,44],"class_list":{"0":"post-1725","1":"product","2":"type-product","3":"status-publish","4":"has-post-thumbnail","6":"product_cat-france","7":"product_cat-hauts-de-france","8":"product_cat-pas-de-calais-62","9":"product_tag-coordinaten","10":"product_tag-geenurbex","12":"first","13":"outofstock","14":"downloadable","15":"taxable","16":"shipping-taxable","17":"purchasable","18":"product-type-simple"},"jetpack_sharing_enabled":true,"_links":{"self":[{"href":"https:\/\/urbex.direct\/fr\/wp-json\/wp\/v2\/product\/1725","targetHints":{"allow":["GET"]}}],"collection":[{"href":"https:\/\/urbex.direct\/fr\/wp-json\/wp\/v2\/product"}],"about":[{"href":"https:\/\/urbex.direct\/fr\/wp-json\/wp\/v2\/types\/product"}],"wp:featuredmedia":[{"embeddable":true,"href":"https:\/\/urbex.direct\/fr\/wp-json\/wp\/v2\/media\/49866"}],"wp:attachment":[{"href":"https:\/\/urbex.direct\/fr\/wp-json\/wp\/v2\/media?parent=1725"}],"wp:term":[{"taxonomy":"product_brand","embeddable":true,"href":"https:\/\/urbex.direct\/fr\/wp-json\/wp\/v2\/product_brand?post=1725"},{"taxonomy":"product_cat","embeddable":true,"href":"https:\/\/urbex.direct\/fr\/wp-json\/wp\/v2\/product_cat?post=1725"},{"taxonomy":"product_tag","embeddable":true,"href":"https:\/\/urbex.direct\/fr\/wp-json\/wp\/v2\/product_tag?post=1725"}],"curies":[{"name":"wp","href":"https:\/\/api.w.org\/{rel}","templated":true}]}}