{"id":14649,"date":"2021-07-03T16:22:08","date_gmt":"2021-07-03T15:22:08","guid":{"rendered":"https:\/\/urbex.direct\/?post_type=product&#038;p=14649"},"modified":"2025-05-16T23:36:20","modified_gmt":"2025-05-16T22:36:20","slug":"location-map-be-liege","status":"publish","type":"product","link":"https:\/\/urbex.direct\/fr\/product\/location-map-be-liege\/","title":{"rendered":"Urbex Map Belgique : Li\u00e8ge (1 ou 2 ans d'acc\u00e8s)"},"content":{"rendered":"<p>Cette carte contient les lieux suivants : <ul><li>Agnus Dei<\/li><li>Usine CHR<\/li><li>Epaves du baron<\/li><li>\u00c9glise du Christ bleu<\/li><li>Bunker CDF<\/li><li>Charbonnage du Renard<\/li><li>Ch\u00e2teau de la Montagne<\/li><li>Ch\u00e2teau Elise<\/li><li>Ch\u00e2teau Louva<\/li><li>Ch\u00e2teau Robe Rouge<\/li><li>Ch\u00e2teau Montagne<\/li><li>Salle de contr\u00f4le L<\/li><li>Salle de contr\u00f4le S<\/li><li>Eglise S<\/li><li>Usine S<\/li><li>Ferme du Sergent<\/li><li>Garage inond\u00e9<\/li><li>Fort de La Chartreuse<\/li><li>Het Trein Seinhuis \/ La bo\u00eete de signalisation du train<\/li><li>HFB<\/li><li>Carri\u00e8re d'Indiana Jones<\/li><li>Petite maison verte<\/li><li>Camping solitaire<\/li><li>Lost Mig<\/li><li>Tennis perdu<\/li><li>Maison aux Chapeaux<\/li><li>Maison Boveroth<\/li><li>Maison de la Dessinatrice<\/li><li>Maison du Banquier<\/li><li>Maison du B\u00fbcheron<\/li><li>Maison Mafiusso<\/li><li>Maison Mini<\/li><li>Maison River<\/li><li>Maison Sualem<\/li><li>Maison Tuur<\/li><li>Manoir Limo<\/li><li>Monast\u00e8re Antoinette<\/li><li>Ancienne station-service<\/li><li>Vieux fer CS<\/li><li>Pinokkio \/ L'usine de calcaire<\/li><li>Prison H11<\/li><li>Racing Hotel F<\/li><li>Radar Love<\/li><li>Course sur les toits<\/li><li>Ruine A<\/li><li>Ruines du Chateau d&#039;Ambleve<\/li><li>Schooltje R<\/li><li>Station Montzen<\/li><li>Usine Truffaut<\/li><li>Usine Vieille Montagne<\/li><li>Villa Mistral<\/li><li>Villa Recteur Dubuisson<\/li><li>Lieu de travail de Woodpacker<\/li><li>Fabrique de laine<\/li><li>Locomotive d'atelier<\/li><li>For\u00eat BMW<\/li><li>Rasoir Usine<\/li><li>Maison Alfa Romeo<\/li><li>Tunnel de la Seconde Guerre mondiale<\/li><li>Arm\u00e9e de voitures<\/li><li>Energie Centrale JC \/ Power Plant JC<\/li><li>Voitures accident\u00e9es<\/li><li>\u00c9glise des mannequins<\/li><li>Maison Maria Rossa<\/li><li>L'\u00e9cole du graffiti<\/li><li>La Morgue 2.0<\/li><li>Le Chinois<\/li><li>Maison de la chaussure verte<\/li><li>Gare Fantome \/ Spooktreinen<\/li><li>Cercueil Morgeu<\/li><li>Ch\u00e2teau SS<\/li><li>Four \u00e0 Chaux H<\/li><li>Eglise de Medecine<\/li><li>Ch\u00e2teau Vincent<\/li><li>Maison de poup\u00e9e<\/li><li>Piscine Primus<\/li><li>Usine HSL<\/li><li>Bus Dame Blanche<\/li><li>Voiture \u00e0 pantalon<\/li><li>Maison Burning Man<\/li><li>Carri\u00e8re de Blue Lake<\/li><li>Hasard Cheratte \/ Charbonnage du Hasard<\/li><li>Piscine Kayak<\/li><li>Le hangar \u00e0 jeeps<\/li><li>Maison Pink Teddy<\/li><li>Ferme \u00e0 probl\u00e8me<\/li><li>La ruine color\u00e9e de la chapelle<\/li><li>Descente aux Enfers<\/li><li>Illu garage<\/li><li>Garage noy\u00e9<\/li><li>Ecole Fouarage<\/li><li>Maison Loax<\/li><li>Maison Anouchka<\/li><li>Le temple vert<\/li><li>Le silence sacr\u00e9<\/li><li>Maison de repos D ]<\/li><li>Maison de l'architecte<\/li><li>H\u00f4tel de la b<\/li><\/ul><\/p>","protected":false},"excerpt":{"rendered":"<p>Cette carte de l'urbex vous fournit tous les lieux d'exploration urbaine (urbex) dans les pays suivants<strong> Belgique, Li\u00e8ge.<\/strong> <\/p>\n<p>Cette carte des lieux perdus restera mise \u00e0 jour et accessible pendant au moins 365 jours apr\u00e8s l'achat. Cette carte contient actuellement 98 des lieux d'exploration urbaine les plus uniques de Belgique : Li\u00e8ge et est accessible depuis n'importe o\u00f9 gr\u00e2ce \u00e0 notre carte facile \u00e0 utiliser.<strong>. <\/p>\n<p><\/strong><strong>Si vous avez d\u00e9j\u00e0 ce pack, vous pouvez y acc\u00e9der via <a href=\"\/fr\/mon-compte-2-2\/espace-membres\/43905\/le-contenu-de-mon-adhesion\/\">Mes cartes &gt; Afficher.<\/a><\/strong> <\/p>\n<p><a href=\"#tab-description\">Liste de tous les sites Urbex sur cette carte.<\/a><\/p>","protected":false},"featured_media":48128,"template":"","meta":[],"product_brand":[],"product_cat":[197,201,322,1134],"product_tag":[323],"class_list":{"0":"post-14649","1":"product","2":"type-product","3":"status-publish","4":"has-post-thumbnail","6":"product_cat-belgium","7":"product_cat-liege","8":"product_cat-location-packs","9":"product_cat-maps-belgium","10":"product_tag-locationpack","12":"first","13":"instock","14":"taxable","15":"shipping-taxable","16":"purchasable","17":"product-type-variable"},"jetpack_sharing_enabled":true,"_links":{"self":[{"href":"https:\/\/urbex.direct\/fr\/wp-json\/wp\/v2\/product\/14649","targetHints":{"allow":["GET"]}}],"collection":[{"href":"https:\/\/urbex.direct\/fr\/wp-json\/wp\/v2\/product"}],"about":[{"href":"https:\/\/urbex.direct\/fr\/wp-json\/wp\/v2\/types\/product"}],"wp:featuredmedia":[{"embeddable":true,"href":"https:\/\/urbex.direct\/fr\/wp-json\/wp\/v2\/media\/48128"}],"wp:attachment":[{"href":"https:\/\/urbex.direct\/fr\/wp-json\/wp\/v2\/media?parent=14649"}],"wp:term":[{"taxonomy":"product_brand","embeddable":true,"href":"https:\/\/urbex.direct\/fr\/wp-json\/wp\/v2\/product_brand?post=14649"},{"taxonomy":"product_cat","embeddable":true,"href":"https:\/\/urbex.direct\/fr\/wp-json\/wp\/v2\/product_cat?post=14649"},{"taxonomy":"product_tag","embeddable":true,"href":"https:\/\/urbex.direct\/fr\/wp-json\/wp\/v2\/product_tag?post=14649"}],"curies":[{"name":"wp","href":"https:\/\/api.w.org\/{rel}","templated":true}]}}