{"id":14648,"date":"2021-07-03T16:19:30","date_gmt":"2021-07-03T15:19:30","guid":{"rendered":"https:\/\/urbex.direct\/?post_type=product&#038;p=14648"},"modified":"2025-05-16T23:36:26","modified_gmt":"2025-05-16T22:36:26","slug":"location-map-be-antwerp","status":"publish","type":"product","link":"https:\/\/urbex.direct\/fr\/product\/location-map-be-antwerp\/","title":{"rendered":"Urbex Map Belgique : Anvers (1 ou 2 ans d'acc\u00e8s)"},"content":{"rendered":"<p>Cette carte contient les lieux suivants :<ul><li>Maison Duivenkot<\/li><li>Maison Heroine<\/li><li>Cit\u00e9 Du Dragon<\/li><li>L'ancienne pastorale<\/li><li>Fai da Te<\/li><li>Ferme Pothoek<\/li><li>Kasteel 't Goorhof<\/li><li>Maison 1,8 Million<\/li><li>Maison Antenne \/ Villa Rummikub<\/li><li>Maison FNG<\/li><li>Maison Hannelore<\/li><li>Maison Jacqueline<\/li><li>Maison Neerbuul<\/li><li>Maison Pieni Puu<\/li><li>Maison Raj<\/li><li>Maison Torget<\/li><li>Le dernier vestige<\/li><li>Usine Gribu \/ Lost Karting<\/li><li>Villa Cabrestante<\/li><li>Villa Dreambaby<\/li><li>Villa Stolp<\/li><li>Villa Malanska<\/li><li>Maison Palieter<\/li><li>Sauna<\/li><li>Perte de Brewey<\/li><li>Grange 13<\/li><li>Maison Watson<\/li><li>L'amour du scarab\u00e9e<\/li><li>Maison Jaune<\/li><li>H\u00f4tel Taupe<\/li><li>Maison Polbez<\/li><li>Skytech Helicopters<\/li><li>Ch\u00e2teau DB<\/li><li>Ch\u00e2teau G<\/li><li>Maison Heidelberg \/ Imprimerie perdue<\/li><li>Mercedes perdue<\/li><li>Naufrage I<\/li><li>Naufrage II<\/li><li>Chalet White Spiders<\/li><li>Refuge pour animaux perdus<\/li><li>Kazerne T<\/li><li>Maison Stoet<\/li><li>L'\u00e9colier<\/li><li>Filature Robotique<\/li><li>Le Pigeonnier<\/li><li>Le Silo<\/li><li>Maison Gramophone<\/li><li>Fort Six<\/li><li>Le Grill Bar<\/li><li>Maison MO<\/li><li>L'abattoir militaire<\/li><li>Petite maison des oiseaux<\/li><li>\u00c9glise des vestiges<\/li><li>Fort S<\/li><li>Eglise SB \/ Kapel SB<\/li><li>Monast\u00e8re L<\/li><li>Aliments pour le feu<\/li><li>Torsion intemporelle<\/li><li>Fort B<\/li><li>De bunkers in het bos \/ Les bunkers dans la for\u00eat<\/li><li>Le dernier plat<\/li><li>La maison dans la for\u00eat<\/li><li>Ferme de Long<\/li><li>Ferme Retour vers le Pass\u00e9<\/li><li>Maison de la for\u00eat cach\u00e9e<\/li><li>Maison Squirrel<\/li><li>Monast\u00e8re en d\u00e9composition M<\/li><li>Maison Classico<\/li><li>Maison Laboratoire<\/li><\/ul><\/p>","protected":false},"excerpt":{"rendered":"<p>Cette carte de l'urbex vous fournit tous les lieux d'exploration urbaine (urbex) dans les pays suivants<strong> Belgique, Anvers.<\/strong> Cette carte des lieux perdus restera mise \u00e0 jour et accessible pendant au moins 365 jours apr\u00e8s l'achat.<\/p>\n<p>This map has currently 69 of the most unique urban exploring locations in Belgium: Antwerp and is accessible from anywhere with our easy to use map<strong>.<\/p>\n<p><\/strong><strong>Si vous avez d\u00e9j\u00e0 ce pack, vous pouvez y acc\u00e9der via <a href=\"\/fr\/mon-compte-2-2\/espace-membres\/43905\/le-contenu-de-mon-adhesion\/\">Mes cartes &gt; Afficher.<\/a><\/strong><strong><\/p>\n<p><\/strong><a href=\"#tab-description\">Liste de tous les sites Urbex sur cette carte.<\/a><\/p>","protected":false},"featured_media":48134,"template":"","meta":[],"product_brand":[],"product_cat":[198,197,322,1134],"product_tag":[323],"class_list":{"0":"post-14648","1":"product","2":"type-product","3":"status-publish","4":"has-post-thumbnail","6":"product_cat-antwerp","7":"product_cat-belgium","8":"product_cat-location-packs","9":"product_cat-maps-belgium","10":"product_tag-locationpack","12":"first","13":"instock","14":"taxable","15":"shipping-taxable","16":"purchasable","17":"product-type-variable"},"jetpack_sharing_enabled":true,"_links":{"self":[{"href":"https:\/\/urbex.direct\/fr\/wp-json\/wp\/v2\/product\/14648","targetHints":{"allow":["GET"]}}],"collection":[{"href":"https:\/\/urbex.direct\/fr\/wp-json\/wp\/v2\/product"}],"about":[{"href":"https:\/\/urbex.direct\/fr\/wp-json\/wp\/v2\/types\/product"}],"wp:featuredmedia":[{"embeddable":true,"href":"https:\/\/urbex.direct\/fr\/wp-json\/wp\/v2\/media\/48134"}],"wp:attachment":[{"href":"https:\/\/urbex.direct\/fr\/wp-json\/wp\/v2\/media?parent=14648"}],"wp:term":[{"taxonomy":"product_brand","embeddable":true,"href":"https:\/\/urbex.direct\/fr\/wp-json\/wp\/v2\/product_brand?post=14648"},{"taxonomy":"product_cat","embeddable":true,"href":"https:\/\/urbex.direct\/fr\/wp-json\/wp\/v2\/product_cat?post=14648"},{"taxonomy":"product_tag","embeddable":true,"href":"https:\/\/urbex.direct\/fr\/wp-json\/wp\/v2\/product_tag?post=14648"}],"curies":[{"name":"wp","href":"https:\/\/api.w.org\/{rel}","templated":true}]}}