{"id":14647,"date":"2021-07-03T16:17:21","date_gmt":"2021-07-03T15:17:21","guid":{"rendered":"https:\/\/urbex.direct\/?post_type=product&#038;p=14647"},"modified":"2025-05-15T17:31:07","modified_gmt":"2025-05-15T16:31:07","slug":"location-map-be-east-flanders","status":"publish","type":"product","link":"https:\/\/urbex.direct\/fr\/product\/location-map-be-east-flanders\/","title":{"rendered":"Urbex Map Belgique : Flandre Orientale (1 ou 2 ans d'acc\u00e8s)"},"content":{"rendered":"<p>Cette carte contient les lieux suivants : <ul><li>Maison Ducky<\/li><li>Usine Graffiti Skelet<\/li><li>Ch\u00e2teau Mouton<\/li><li>Ferme GB<\/li><li>Ferme Musta<\/li><li>Ferme Serenade<\/li><li>Ferme Zapach<\/li><li>Fixer la ligne<\/li><li>Gasta La Vista<\/li><li>Hermitrage<\/li><li>Maison avec Voisin Habit\u00c3\u00a9<\/li><li>Maison Bitti<\/li><li>Maison Cheresha<\/li><li>Maison Coche<\/li><li>Maison Follet<\/li><li>Maison Gilbert<\/li><li>Maison H\u00c3\u00aatre Rouge<\/li><li>Maison Landa<\/li><li>Maison Lovel<\/li><li>Maison Montagne d' Argile<\/li><li>Maison Panema<\/li><li>Maison Poste Fronti\u00c3\u00a8re<\/li><li>Maison Ruscello<\/li><li>Maison Sable<\/li><li>Maison Schimmelpenninck<\/li><li>Maison Suicide<\/li><li>Maison Trandafiri<\/li><li>Usine Justice<\/li><li>Usine Serat<\/li><li>Zweeds Paviljoen<\/li><li>Maison Dog<\/li><li>Maison Garfield<\/li><li>Maison SL<\/li><li>Maison Cuq<\/li><li>Ferme perdue K<\/li><li>Maison Polder<\/li><li>Ferme Bieti<\/li><li>Manoir Flame<\/li><li>Villa 19<\/li><li>Villa K<\/li><li>Fermes frontali\u00e8res<\/li><li>Manoir E<\/li><li>Maison Blafeture Vert<\/li><li>Maison de l'\u00e9glise<\/li><li>Usine Pint<\/li><li>Avion transatlantique<\/li><li>Villa TinTin<\/li><li>Ch\u00e2teau Oldtimer \/ Manoir Rolls Royce<\/li><li>Fin du jeu<\/li><li>Maison de train de la d\u00e9cr\u00e9pitude<\/li><li>Centre d'\u00e9ducation<\/li><li>Maison Mold<\/li><li>Maison Bush<\/li><li>Caf\u00e9 Doc<\/li><li>Perdus \u00e0 la douane<\/li><li>Maison Toupet<\/li><li>Usine Pipe<\/li><li>Eglise Nach \/ Klooster E<\/li><li>Barry Le RedNeck<\/li><li>Maison Catwoman<\/li><li>Maison Orange<\/li><li>Manoir Lustre<\/li><li>Ferme queue de billard<\/li><li>La chapelle des f\u00e9es<\/li><li>Maison Kata<\/li><li>La villa \u00e0 la fronti\u00e8re<\/li><li>Ferme AS<\/li><li>Le vieux pont dans la for\u00eat<\/li><li>Fort SM<\/li><li>Maison Wooden Family<\/li><li>Ferme Mercedes<\/li><li>Maison H<\/li><li>Ecole LK<\/li><li>Usine de textile<\/li><li>Chevalier de Bordeel<\/li><li>Maison Bloody Hands<\/li><li>Le salon du chef d'orchestre<\/li><li>Maison Net<\/li><li>Entra\u00eenement de football \/ A bout de souffle<\/li><li>Maison Brokken<\/li><li>Rue de l'incendie<\/li><li>Maison Maizena<\/li><li>Villa Murder<\/li><li>L'usine double<\/li><li>Ferme 306<\/li><li>\u00c9chos du commerce<\/li><li>Graffiti Halls G<\/li><li>Het huis met de grote serre \/ La maison avec la grande v\u00e9randa<\/li><li>Salles bleues<\/li><li>Maison du Opticien<\/li><li>Cabane moisie<\/li><li>Maison Cactus<\/li><li>Maison Paradise<\/li><li>L'ancien fleuriste<\/li><li>Ferme Arcade<\/li><li>Maison Checkers<\/li><li>Maison d'Anvers<\/li><li>Affiche Maison<\/li><li>Maison Elixir<\/li><li>Ferme Pikuur<\/li><li>Ch\u00e2teau V<\/li><li>Maison du travail du cheval<\/li><li>Maison Broderie<\/li><li>Maison Chappe<\/li><li>Red Dust<\/li><li>Snake Pool<\/li><\/ul><\/p>","protected":false},"excerpt":{"rendered":"<p>Cette carte de l'urbex vous fournit tous les lieux d'exploration urbaine (urbex) dans les pays suivants<strong> Belgique, Flandre orientale.<\/strong> Cette carte des lieux perdus restera mise \u00e0 jour et accessible pendant au moins 365 jours apr\u00e8s l'achat.<\/p>\n<p>This map has currently 106 of the most unique urban exploring locations in Belgium: East Flanders and is accessible from anywhere with our easy to use map<strong>.<\/p>\n<p><\/strong><strong>Si vous avez d\u00e9j\u00e0 ce pack, vous pouvez y acc\u00e9der via <a href=\"\/fr\/mon-compte-2-2\/espace-membres\/43905\/le-contenu-de-mon-adhesion\/\">Mes cartes &gt; Afficher.<\/a><\/strong><strong><\/p>\n<p><\/strong><a href=\"#tab-description\">Liste de tous les sites Urbex sur cette carte.<\/a><\/p>","protected":false},"featured_media":48135,"template":"","meta":[],"product_brand":[],"product_cat":[197,204,322,1134],"product_tag":[323],"class_list":{"0":"post-14647","1":"product","2":"type-product","3":"status-publish","4":"has-post-thumbnail","6":"product_cat-belgium","7":"product_cat-east-flanders","8":"product_cat-location-packs","9":"product_cat-maps-belgium","10":"product_tag-locationpack","12":"first","13":"instock","14":"taxable","15":"shipping-taxable","16":"purchasable","17":"product-type-variable","18":"has-default-attributes"},"jetpack_sharing_enabled":true,"_links":{"self":[{"href":"https:\/\/urbex.direct\/fr\/wp-json\/wp\/v2\/product\/14647","targetHints":{"allow":["GET"]}}],"collection":[{"href":"https:\/\/urbex.direct\/fr\/wp-json\/wp\/v2\/product"}],"about":[{"href":"https:\/\/urbex.direct\/fr\/wp-json\/wp\/v2\/types\/product"}],"wp:featuredmedia":[{"embeddable":true,"href":"https:\/\/urbex.direct\/fr\/wp-json\/wp\/v2\/media\/48135"}],"wp:attachment":[{"href":"https:\/\/urbex.direct\/fr\/wp-json\/wp\/v2\/media?parent=14647"}],"wp:term":[{"taxonomy":"product_brand","embeddable":true,"href":"https:\/\/urbex.direct\/fr\/wp-json\/wp\/v2\/product_brand?post=14647"},{"taxonomy":"product_cat","embeddable":true,"href":"https:\/\/urbex.direct\/fr\/wp-json\/wp\/v2\/product_cat?post=14647"},{"taxonomy":"product_tag","embeddable":true,"href":"https:\/\/urbex.direct\/fr\/wp-json\/wp\/v2\/product_tag?post=14647"}],"curies":[{"name":"wp","href":"https:\/\/api.w.org\/{rel}","templated":true}]}}