{"id":14646,"date":"2021-07-03T16:12:49","date_gmt":"2021-07-03T15:12:49","guid":{"rendered":"https:\/\/urbex.direct\/?post_type=product&#038;p=14646"},"modified":"2025-05-16T23:36:33","modified_gmt":"2025-05-16T22:36:33","slug":"carte-de-localisation-be-brabant-flamand","status":"publish","type":"product","link":"https:\/\/urbex.direct\/fr\/product\/location-map-be-flemish-brabant\/","title":{"rendered":"Urbex Map Belgique : Brabant flamand (acc\u00e8s 1 ou 2 ans)"},"content":{"rendered":"<p>Cette carte contient les lieux suivants : <ul><li>Maison de confiture<\/li><li>Villa cach\u00e9e<\/li><li>Maison Benjamin<\/li><li>Bloso Hofstade<\/li><li>Casa Lagoa<\/li><li>Ferme Johny Walker<\/li><li>Huize Sarens<\/li><li>Kasteel de Wip<\/li><li>La Forte Colline<\/li><li>Maison Aa<\/li><li>Maison Aurore<\/li><li>Maison Cardo<\/li><li>Maison Croquette<\/li><li>Maison Decay<\/li><li>Maison Deli<\/li><li>Maison du Provence<\/li><li>Maison Greg<\/li><li>Maison Linde<\/li><li>Maison Papier Peint<\/li><li>Maison Pelican<\/li><li>Maison Rafael<\/li><li>Maison Suzy<\/li><li>Maison Vagevuur<\/li><li>Maison Zinnia<\/li><li>Maison des moules 2<\/li><li>H\u00f4tel Nouvelle Londo<\/li><li>Shutter Island<\/li><li>Le sosie de Shutter Island<\/li><li>Chalet des marais<\/li><li>Ferme du tapioca<\/li><li>Villa Ginette<\/li><li>Villa Maria Joanna<\/li><li>La Maison Blanche<\/li><li>Gymnase de la sorci\u00e8re<\/li><li>Villa U<\/li><li>Villa Steen<\/li><li>Chasseurs \u00e0 r\u00e9action<\/li><li>Tomb Raider<\/li><li>Sainte Maison<\/li><li>Villa Haista<\/li><li>Villa Erdo<\/li><li>Maison Pitoeshk<\/li><li>Maison Salie<\/li><li>Maison Baptiste<\/li><li>Voitures jaunes<\/li><li>Jean Bets<\/li><li>Farm T \/ Ferme Dianthus<\/li><li>L'\u00e9cole aux Cordes<\/li><li>Accueil tribal<\/li><li>Usine Graffiti<\/li><li>Piscine Marcel<\/li><li>Maison Audi \/ Maison Saray<\/li><li>Ferme du mouton noir \/ Maison mouton noir<\/li><li>Locomotive \/ La traverse verte<\/li><li>Club XXX<\/li><li>Maison Vil<\/li><li>Plan Pentaton<\/li><li>Jungle Bus 2.0<\/li><li>Usine Melange<\/li><li>H\u00f4pital Militair<\/li><li>Acad\u00e9mie de pilotage \/ \u00c9cole de pilotage<\/li><li>Chiens de ferme<\/li><li>Aliments volants<\/li><li>Le bar \u00e0 whisky<\/li><li>Ferme Bingo \/ Bingo Farm<\/li><li>Ferme Lessive \/ Laundry Day 2.0<\/li><li>Usine de papier<\/li><li>Maison Tom et Jerry<\/li><li>Maison Black Widow<\/li><li>La cantine du rugby<\/li><li>Bande de J\u00e9sus<\/li><li>Maison Filou \/ Lonely House<\/li><li>Maison Howling Wolf<\/li><li>Church Never Finished \/ \u00c9glise jamais termin\u00e9e<\/li><li>Le chalet r\u00e9tro \/ Chalet Hunter<\/li><li>Pas une brasserie<\/li><li>Maison de Jager<\/li><li>Maison Bramble<\/li><li>Hotel Oval<\/li><\/ul><\/p>","protected":false},"excerpt":{"rendered":"<p>Cette carte de l'urbex vous fournit tous les lieux d'exploration urbaine (urbex) dans les pays suivants<strong> Belgique, Brabant flamand.<\/strong> Cette carte des lieux perdus restera mise \u00e0 jour et accessible pendant au moins 365 jours apr\u00e8s l'achat.<\/p>\n<p>This map has currently 79 of the most unique urban exploring locations in Belgium: Flemish Brabant and is accessible from anywhere with our easy to use map<strong>.<\/p>\n<p><\/strong><strong>Si vous avez d\u00e9j\u00e0 ce pack, vous pouvez y acc\u00e9der via <a href=\"\/fr\/mon-compte-2-2\/espace-membres\/43905\/le-contenu-de-mon-adhesion\/\">Mes cartes &gt; Afficher.<\/a><\/strong><strong><\/p>\n<p><\/strong><a href=\"#tab-description\">Liste de tous les sites Urbex sur cette carte.<\/a><\/p>","protected":false},"featured_media":48137,"template":"","meta":[],"product_brand":[],"product_cat":[197,205,322,1134],"product_tag":[323],"class_list":{"0":"post-14646","1":"product","2":"type-product","3":"status-publish","4":"has-post-thumbnail","6":"product_cat-belgium","7":"product_cat-flemish-brabant","8":"product_cat-location-packs","9":"product_cat-maps-belgium","10":"product_tag-locationpack","12":"first","13":"instock","14":"taxable","15":"shipping-taxable","16":"purchasable","17":"product-type-variable"},"jetpack_sharing_enabled":true,"_links":{"self":[{"href":"https:\/\/urbex.direct\/fr\/wp-json\/wp\/v2\/product\/14646","targetHints":{"allow":["GET"]}}],"collection":[{"href":"https:\/\/urbex.direct\/fr\/wp-json\/wp\/v2\/product"}],"about":[{"href":"https:\/\/urbex.direct\/fr\/wp-json\/wp\/v2\/types\/product"}],"wp:featuredmedia":[{"embeddable":true,"href":"https:\/\/urbex.direct\/fr\/wp-json\/wp\/v2\/media\/48137"}],"wp:attachment":[{"href":"https:\/\/urbex.direct\/fr\/wp-json\/wp\/v2\/media?parent=14646"}],"wp:term":[{"taxonomy":"product_brand","embeddable":true,"href":"https:\/\/urbex.direct\/fr\/wp-json\/wp\/v2\/product_brand?post=14646"},{"taxonomy":"product_cat","embeddable":true,"href":"https:\/\/urbex.direct\/fr\/wp-json\/wp\/v2\/product_cat?post=14646"},{"taxonomy":"product_tag","embeddable":true,"href":"https:\/\/urbex.direct\/fr\/wp-json\/wp\/v2\/product_tag?post=14646"}],"curies":[{"name":"wp","href":"https:\/\/api.w.org\/{rel}","templated":true}]}}