{"id":14645,"date":"2021-07-03T16:08:21","date_gmt":"2021-07-03T15:08:21","guid":{"rendered":"https:\/\/urbex.direct\/?post_type=product&#038;p=14645"},"modified":"2025-05-16T23:36:45","modified_gmt":"2025-05-16T22:36:45","slug":"location-map-be-hainaut","status":"publish","type":"product","link":"https:\/\/urbex.direct\/fr\/product\/location-map-be-hainaut\/","title":{"rendered":"Urbex Map Belgique : Hainaut (Acc\u00e8s 1 ou 2 ans)"},"content":{"rendered":"<p>Cette carte contient les lieux suivants : <ul><li>Ferme Minerva<\/li><li>L'heure du film<\/li><li>Big Red 2.0 \/ Turbine IM<\/li><li>Au Pain Perdu<\/li><li>Caserne X<\/li><li>Briquetterie d&#039;Ere<\/li><li>Carlo Beton<\/li><li>Carri\u00e8re Nord<\/li><li>Charbonnage du Gouffre<\/li><li>Ch\u00e2teau de la Morli\u00e8re\/ Ch\u00e2teau des Muscles<\/li><li>\u00c9glise du Corbeau<\/li><li>Cockerie Marchienne<\/li><li>Tour d'eau de Cockerie<\/li><li>Eglise Belvedaire<\/li><li>Garage Margoulin \/ Garage Renault<\/li><li>Cimeti\u00e8re SL<\/li><li>H\u00f4pital Dorcas<\/li><li>Interbeton<\/li><li>Maison Bastin<\/li><li>Maison Chat<\/li><li>Maison Damas<\/li><li>Maison Scrabble<\/li><li>Manoir aux Marionnettes<\/li><li>Piscine Mosq<\/li><li>Pont d&#039;Allain<\/li><li>Centrale \u00e9lectrique C2<\/li><li>Remise Monceau<\/li><li>Resto Hubert<\/li><li>Hangar C<\/li><li>Soufflet-Leblond<\/li><li>St-Ghislain<\/li><li>Les tunnels du canal<\/li><li>Usine AGC<\/li><li>Usine Bobins Rouges<\/li><li>Usine Chimique Belgique<\/li><li>Usine Gustav Boel<\/li><li>Usine Perrin<\/li><li>Usine Verre Vert<\/li><li>Villa F<\/li><li>Villa Lion Nouvelle<\/li><li>Chiens mouill\u00e9s<\/li><li>La mienne est la mienne<\/li><li>Charbonnage FT<\/li><li>Nains Jaune<\/li><li>Luvtrucks \/ Lost Patriots<\/li><li>Villa Leopold<\/li><li>Usine Jaguar<\/li><li>L'\u00e9curie perdue<\/li><li>La guerre des \u00e9toiles<\/li><li>Maison Diana<\/li><li>Usine Xyloborus<\/li><li>Club Libertine<\/li><li>Salon du si\u00e8ge vert<\/li><li>Mine Blue Lagoon<\/li><li>Maison Du D\u00e9funt Oubli\u00e9<\/li><li>Chapelle du MG<\/li><li>Club br\u00fbl\u00e9\/Resto<\/li><li>Salles vides<\/li><li>Maison Volvo<\/li><li>Maison d'Escher<\/li><li>Usine de bouteilles G<\/li><li>Trams perdus<\/li><li>5 Ford&#039;s<\/li><li>R\u00e9partiteur de trains<\/li><li>Fronderie J<\/li><li>Holy Disco<\/li><li>Potterie Chopin<\/li><li>Speedy Bastos<\/li><li>Lost Spa et Welness<\/li><li>Maison de l'eau<\/li><li>Le jardin des vieilles voitures<\/li><li>Pont du vieux train 2.0<\/li><li>L&#039;Eglise Blue<\/li><li>La morgue<\/li><li>Filature accidentelle<\/li><li>Maison Gr\u00e9goire<\/li><li>Ch\u00e2teau Donkey<\/li><li>Fen\u00eatres violettes<\/li><li>Ch\u00e2teau Halloween<\/li><li>Le Domaine Oubli\u00e9<\/li><li>Chateau de Beaumonde \/ Manoir Banquette \/ Manoir Bench<\/li><li>Effondrement de la piscine<\/li><li>Usine imprimer<\/li><li>Maison Caravan<\/li><li>Maison Rum<\/li><li>La cabane blanche<\/li><li>Centrale \u00e9lectrique bleue<\/li><li>Boutique d&#039;antiquit\u00e9s<\/li><li>Maison Aristochat<\/li><li>Le Petit Martinet<\/li><li>Maison du cirque<\/li><li>Maison TV<\/li><li>Ch\u00e2teau Tristesse<\/li><li>Ancien club O<\/li><li>L'homme de la villa<\/li><li>La Morgue 3.0 \/ Petite Morgue T<\/li><li>Ecole Cha<\/li><li>Maison Forgotten Cars<\/li><li>Charbonnage du Lev<\/li><li>Rivi\u00e8re Four \u00e0 Chaux<\/li><li>The Forest Factory \/ Usine for\u00eat<\/li><li>Maison Moviemaker<\/li><li>La rue oubli\u00e9e<\/li><li>Les anciennes tours mini\u00e8res<\/li><li>Carriere G<\/li><li>Usine Shelt \/ La fabrique du retour \u00e0 la nature<\/li><li>Manoir Amityville<\/li><li>Une autre usine sid\u00e9rurgique<\/li><li>Le bureau en or<\/li><li>Brasserie JS<\/li><li>Maison Benviers<\/li><li>L'\u00e9cole est finie<\/li><li>Dormeur jaune<\/li><li>2 Gazom\u00e8tres envahis<\/li><li>Hachoir de maison<\/li><li>Le train noir<\/li><li>Manoir Cles<\/li><li>Maison Swastika<\/li><li>Voiture rouill\u00e9e Serre<\/li><li>Villa Fusils \/ Gunhouse<\/li><li>Ferme Ruin<\/li><li>Labo Syndical<\/li><li>Villa Etoile<\/li><li>Auberge du Foret<\/li><li>Ferme Brul\u00e9<\/li><li>Ecole Color\u00e9<\/li><li>Usine Blade Runner<\/li><li>Bar \u00e0 chaises rouges \/ Red Chair Bar<\/li><\/ul><\/p>","protected":false},"excerpt":{"rendered":"<p>Cette carte de l'urbex vous fournit tous les lieux d'exploration urbaine (urbex) dans les pays suivants<strong> Belgique, Hainaut.<\/strong> Cette carte des lieux perdus restera mise \u00e0 jour et accessible pendant au moins 365 jours apr\u00e8s l'achat. <\/p>\n<p>This map has currently 128 of the most unique urban exploring locations in Belgium: Hainaut and is accessible from anywhere with our easy to use map<strong>. <\/p>\n<p><\/strong><strong>Si vous avez d\u00e9j\u00e0 ce pack, vous pouvez y acc\u00e9der via <a href=\"\/fr\/mon-compte-2-2\/espace-membres\/43905\/le-contenu-de-mon-adhesion\/\">Mes cartes &gt; Afficher.<\/a><\/strong> <\/p>\n<p><a href=\"#tab-description\">Liste de tous les sites Urbex sur cette carte.<\/a><\/p>","protected":false},"featured_media":48127,"template":"","meta":[],"product_brand":[],"product_cat":[197,199,322,1134],"product_tag":[323],"class_list":{"0":"post-14645","1":"product","2":"type-product","3":"status-publish","4":"has-post-thumbnail","6":"product_cat-belgium","7":"product_cat-hainaut","8":"product_cat-location-packs","9":"product_cat-maps-belgium","10":"product_tag-locationpack","12":"first","13":"instock","14":"taxable","15":"shipping-taxable","16":"purchasable","17":"product-type-variable"},"jetpack_sharing_enabled":true,"_links":{"self":[{"href":"https:\/\/urbex.direct\/fr\/wp-json\/wp\/v2\/product\/14645","targetHints":{"allow":["GET"]}}],"collection":[{"href":"https:\/\/urbex.direct\/fr\/wp-json\/wp\/v2\/product"}],"about":[{"href":"https:\/\/urbex.direct\/fr\/wp-json\/wp\/v2\/types\/product"}],"wp:featuredmedia":[{"embeddable":true,"href":"https:\/\/urbex.direct\/fr\/wp-json\/wp\/v2\/media\/48127"}],"wp:attachment":[{"href":"https:\/\/urbex.direct\/fr\/wp-json\/wp\/v2\/media?parent=14645"}],"wp:term":[{"taxonomy":"product_brand","embeddable":true,"href":"https:\/\/urbex.direct\/fr\/wp-json\/wp\/v2\/product_brand?post=14645"},{"taxonomy":"product_cat","embeddable":true,"href":"https:\/\/urbex.direct\/fr\/wp-json\/wp\/v2\/product_cat?post=14645"},{"taxonomy":"product_tag","embeddable":true,"href":"https:\/\/urbex.direct\/fr\/wp-json\/wp\/v2\/product_tag?post=14645"}],"curies":[{"name":"wp","href":"https:\/\/api.w.org\/{rel}","templated":true}]}}