{"id":14644,"date":"2021-07-03T16:05:14","date_gmt":"2021-07-03T15:05:14","guid":{"rendered":"https:\/\/urbex.direct\/?post_type=product&#038;p=14644"},"modified":"2025-05-16T23:37:14","modified_gmt":"2025-05-16T22:37:14","slug":"location-map-be-limburg","status":"publish","type":"product","link":"https:\/\/urbex.direct\/fr\/product\/location-map-be-limburg\/","title":{"rendered":"Urbex Map Belgique : Limbourg (1 ou 2 ans d'acc\u00e8s)"},"content":{"rendered":"<p>Cette carte contient les lieux suivants : <ul><li>Ch\u00e2teau Rochendael<\/li><li>Voitures tamponneuses<\/li><li>Ferme Framtida<\/li><li>Garage Buga<\/li><li>Place verte<\/li><li>Lost Seagulls - Terrain d'entra\u00eenement !<\/li><li>Maison BK33<\/li><li>Maison Verte<\/li><li>Maison Felix Le Chat<\/li><li>Maison Genzer<\/li><li>Maison Putih<\/li><li>Maison Relekwie<\/li><li>Maison Reunus<\/li><li>Maison Simone<\/li><li>Maison Vuori<\/li><li>Maison Welles<\/li><li>Ma maison aux papillons<\/li><li>Pont de l'ancien train<\/li><li>Ruine Raktuves<\/li><li>Scholteshof \/ Restaurant S<\/li><li>La ferme des anges<\/li><li>Maison Thierie<\/li><li>Maison Clercx<\/li><li>Boule de danse<\/li><li>Ferme K<\/li><li>Le bus noir<\/li><li>Docteur Samoura\u00ef<\/li><li>Petit bunker<\/li><li>Ruine cach\u00e9e<\/li><li>Maison Harry Potter<\/li><li>Maison Moriarthi<\/li><li>Watertoren Nr 23 \/ Tour d'eau Nr 23<\/li><li>Jardin des v\u00e9hicules perdus<\/li><li>Jungle Mercedes<\/li><li>Cimeti\u00e8re des ali\u00e9n\u00e9s \/ Krankzinnigen Begraafplaats<\/li><li>Jeep perdue<\/li><li>Minecooler<\/li><li>Ecole H<\/li><li>Caf\u00e9 K \/ Lost Vegas 2.0<\/li><li>G\u00e9latine Usine<\/li><li>Charrette Fun\u00e9raire<\/li><li>Maison Scooby Doo<\/li><li>Eglise Swastika<\/li><li>Rusthuis H \/ Maison de Retraite H<\/li><li>La voiture sous le sapin<\/li><li>Villa Rich \/ Villa Paul<\/li><li>Piscine Cygnes<\/li><li>Magasin du Papier Peint<\/li><li>Miroir du Manoir<\/li><li>Maison Wallpainting<\/li><li>Club de football abandonn\u00e9<\/li><li>Ferme noire<\/li><li>Maison Missionnaire<\/li><li>Maison Tracteur<\/li><li>Le tout nouveau dentiste<\/li><li>Maison Faesen<\/li><li>Cimeti\u00e8re de la pelleteuse<\/li><li>Usine Sap<\/li><li>Inland vessels \/ Bateaux de navigation int\u00e9rieure<\/li><li>Maison Fire and Decay<\/li><li>Chateau Blue Curtains<\/li><\/ul><\/p>","protected":false},"excerpt":{"rendered":"<p>Cette carte de l'urbex vous fournit tous les lieux d'exploration urbaine (urbex) dans les pays suivants<strong> Belgique, Limburg <\/strong>\u00a0<\/p>\n<p>Cette carte des lieux perdus restera mise \u00e0 jour et accessible pendant au moins 365 jours apr\u00e8s l'achat. <\/p>\n<p>This map has currently 61 of the most unique urban exploring locations in Belgium: Limburg and is accessible from anywhere with our easy to use map<strong>. <\/p>\n<p><\/strong><strong>Si vous avez d\u00e9j\u00e0 ce pack, vous pouvez y acc\u00e9der via <a href=\"\/fr\/mon-compte-2-2\/espace-membres\/43905\/le-contenu-de-mon-adhesion\/\">Mes cartes &gt; Afficher.<\/a><\/strong> <\/p>\n<p><a href=\"#tab-description\">Liste de tous les sites Urbex sur cette carte.<\/a><\/p>","protected":false},"featured_media":48138,"template":"","meta":[],"product_brand":[],"product_cat":[197,200,322,1134],"product_tag":[323],"class_list":{"0":"post-14644","1":"product","2":"type-product","3":"status-publish","4":"has-post-thumbnail","6":"product_cat-belgium","7":"product_cat-limburg-be","8":"product_cat-location-packs","9":"product_cat-maps-belgium","10":"product_tag-locationpack","12":"first","13":"instock","14":"taxable","15":"shipping-taxable","16":"purchasable","17":"product-type-variable"},"jetpack_sharing_enabled":true,"_links":{"self":[{"href":"https:\/\/urbex.direct\/fr\/wp-json\/wp\/v2\/product\/14644","targetHints":{"allow":["GET"]}}],"collection":[{"href":"https:\/\/urbex.direct\/fr\/wp-json\/wp\/v2\/product"}],"about":[{"href":"https:\/\/urbex.direct\/fr\/wp-json\/wp\/v2\/types\/product"}],"wp:featuredmedia":[{"embeddable":true,"href":"https:\/\/urbex.direct\/fr\/wp-json\/wp\/v2\/media\/48138"}],"wp:attachment":[{"href":"https:\/\/urbex.direct\/fr\/wp-json\/wp\/v2\/media?parent=14644"}],"wp:term":[{"taxonomy":"product_brand","embeddable":true,"href":"https:\/\/urbex.direct\/fr\/wp-json\/wp\/v2\/product_brand?post=14644"},{"taxonomy":"product_cat","embeddable":true,"href":"https:\/\/urbex.direct\/fr\/wp-json\/wp\/v2\/product_cat?post=14644"},{"taxonomy":"product_tag","embeddable":true,"href":"https:\/\/urbex.direct\/fr\/wp-json\/wp\/v2\/product_tag?post=14644"}],"curies":[{"name":"wp","href":"https:\/\/api.w.org\/{rel}","templated":true}]}}