{"id":14643,"date":"2021-07-03T16:00:30","date_gmt":"2021-07-03T15:00:30","guid":{"rendered":"https:\/\/urbex.direct\/?post_type=product&#038;p=14643"},"modified":"2025-05-16T23:37:19","modified_gmt":"2025-05-16T22:37:19","slug":"carte-localisation-be-namur","status":"publish","type":"product","link":"https:\/\/urbex.direct\/fr\/product\/location-map-be-namur\/","title":{"rendered":"Urbex Map Belgique : Namur (Acc\u00e8s 1 ou 2 ans)"},"content":{"rendered":"<p>Cette carte contient les lieux suivants : <ul><li>Maison en lisi\u00e8re de for\u00eat<\/li><li>Caf\u00e9 Bird<\/li><li>Hangar Du Baron<\/li><li>Ch\u00e2teau Blanchisserie<\/li><li>\u00c9glise SV<\/li><li>Station terrestre<\/li><li>Instituteur Chasseur Artiste<\/li><li>Maison Colombine<\/li><li>Station royale<\/li><li>Usine Lucky Luke<\/li><li>Usine PRB<\/li><li>Maison Warisoulx<\/li><li>Trains de la Seconde Guerre mondiale<\/li><li>Chapelle aux Orties<\/li><li>Volkswagen Graveyard \/ La Foret aux Volkswagen Coccinelle<\/li><li>Chaises en bois<\/li><li>Fort C<\/li><li>Maison Chapeau Buse<\/li><li>Pension de la Cascade<\/li><li>Train \u00e0 vapeur<\/li><li>Usine Biker<\/li><li>Port perdu<\/li><li>Manoir de la Par<\/li><li>L'ancienne \u00e9cole des enfants<\/li><li>Voitures de collection<\/li><li>Four \u00e0 chaux<\/li><li>Maison des cartes \/ Maison Tarot<\/li><li>Ardoiserie de b<\/li><li>B\u00e2timent de gare abandonn\u00e9<\/li><li>Usine des Articles M\u00e9nagers<\/li><li>Chaises Maison<\/li><li>La ruine du grand ch\u00e2teau<\/li><li>Fort effrayant S<\/li><li>Piscine Bonsoir \/ Piscine Ivoire<\/li><li>La grange de la d\u00e9cr\u00e9pitude<\/li><li>Ch\u00e2teau Miele<\/li><li>D\u00e9but de la chapelle de la d\u00e9cr\u00e9pitude<\/li><li>Gril en pagaille<\/li><li>Bateau oubli\u00e9<\/li><li>Camping en for\u00eat<\/li><li>Ferme Inter<\/li><li>Maison verte de l'automobile<\/li><li>Ruine T<\/li><li>Abri du train nazi \/ Pistes fant\u00f4mes<\/li><li>Pub Bleu<\/li><li>Ecole Plastic<\/li><\/ul><\/p>","protected":false},"excerpt":{"rendered":"<p>Cette carte de l'urbex vous fournit tous les lieux d'exploration urbaine (urbex) dans les pays suivants<strong> Belgique, Namur.<\/strong> Cette carte des lieux perdus restera mise \u00e0 jour et accessible pendant au moins 365 jours apr\u00e8s l'achat. <\/p>\n<p>This map has currently 46 of the most unique urban exploring locations in Belgium: Namur and is accessible from anywhere with our easy to use map<strong>. <\/p>\n<p><\/strong><strong>Si vous avez d\u00e9j\u00e0 ce pack, vous pouvez y acc\u00e9der via <a href=\"\/fr\/mon-compte-2-2\/espace-membres\/43905\/le-contenu-de-mon-adhesion\/\">Mes cartes &gt; Afficher.<\/a><\/strong> <\/p>\n<p><a href=\"#tab-description\">Liste de tous les sites Urbex sur cette carte.<\/a><\/p>","protected":false},"featured_media":48136,"template":"","meta":[],"product_brand":[],"product_cat":[197,322,1134,203],"product_tag":[323],"class_list":{"0":"post-14643","1":"product","2":"type-product","3":"status-publish","4":"has-post-thumbnail","6":"product_cat-belgium","7":"product_cat-location-packs","8":"product_cat-maps-belgium","9":"product_cat-namur","10":"product_tag-locationpack","12":"first","13":"instock","14":"taxable","15":"shipping-taxable","16":"purchasable","17":"product-type-variable"},"jetpack_sharing_enabled":true,"_links":{"self":[{"href":"https:\/\/urbex.direct\/fr\/wp-json\/wp\/v2\/product\/14643","targetHints":{"allow":["GET"]}}],"collection":[{"href":"https:\/\/urbex.direct\/fr\/wp-json\/wp\/v2\/product"}],"about":[{"href":"https:\/\/urbex.direct\/fr\/wp-json\/wp\/v2\/types\/product"}],"wp:featuredmedia":[{"embeddable":true,"href":"https:\/\/urbex.direct\/fr\/wp-json\/wp\/v2\/media\/48136"}],"wp:attachment":[{"href":"https:\/\/urbex.direct\/fr\/wp-json\/wp\/v2\/media?parent=14643"}],"wp:term":[{"taxonomy":"product_brand","embeddable":true,"href":"https:\/\/urbex.direct\/fr\/wp-json\/wp\/v2\/product_brand?post=14643"},{"taxonomy":"product_cat","embeddable":true,"href":"https:\/\/urbex.direct\/fr\/wp-json\/wp\/v2\/product_cat?post=14643"},{"taxonomy":"product_tag","embeddable":true,"href":"https:\/\/urbex.direct\/fr\/wp-json\/wp\/v2\/product_tag?post=14643"}],"curies":[{"name":"wp","href":"https:\/\/api.w.org\/{rel}","templated":true}]}}