{"id":14642,"date":"2021-07-03T15:53:56","date_gmt":"2021-07-03T14:53:56","guid":{"rendered":"https:\/\/urbex.direct\/?post_type=product&#038;p=14642"},"modified":"2025-05-16T23:37:24","modified_gmt":"2025-05-16T22:37:24","slug":"carte-de-localisation-be-flandre-occidentale","status":"publish","type":"product","link":"https:\/\/urbex.direct\/fr\/product\/location-map-be-west-flanders\/","title":{"rendered":"Urbex Map Belgique : Flandre occidentale (1 ou 2 ans d'acc\u00e8s)"},"content":{"rendered":"<p>Cette carte contient les lieux suivants : <ul><li>Chapelle de Skelet<\/li><li>Villa Decay<\/li><li>Ferme Hugo<\/li><li>Ferme Piedra<\/li><li>Ferme Opel<\/li><li>Accueil Mathilde Schroyens<\/li><li>Huisje Poesje Melk<\/li><li>Huize Georgette<\/li><li>Maison 1927<\/li><li>Maison Albert<\/li><li>Maison de Grand Georges<\/li><li>Maison Djinkiewinkie<\/li><li>Maison Ebola<\/li><li>Maison Horne<\/li><li>Maison Muelle<\/li><li>Maison Sas<\/li><li>Maison sur le Point<\/li><li>Maison V8<\/li><li>Manoir Trois Ponts<\/li><li>Nedarbojas<\/li><li>Vieille ville d'Ypres<\/li><li>Le bus vert<\/li><li>Le nouveau dentiste<\/li><li>Usine Leopard<\/li><li>Villa Acebo<\/li><li>Villa Battre<\/li><li>Villa Beuk<\/li><li>Villa Easy<\/li><li>Oncle Sam<\/li><li>Maison de Dieu<\/li><li>Maison Djevalo<\/li><li>Maison Citro\u00ebn<\/li><li>Maison Martha<\/li><li>\u00c9cole perdue P<\/li><li>Mini Watt \/ \u00c2ge de pierre<\/li><li>Maison Grape<\/li><li>La limousine Hummer<\/li><li>Maison Gabriel<\/li><li>Hangar perdu<\/li><li>Usine Barrel<\/li><li>Cimeti\u00e8re du cr\u00e2ne<\/li><li>Usine IZ<\/li><li>\u00c9cole de la d\u00e9cr\u00e9pitude<\/li><li>Villa foresti\u00e8re<\/li><li>Camping Sea<\/li><li>Atelier de Peters<\/li><li>Eglise Nunes Bleues<\/li><li>Villa Permis<\/li><li>H\u00f4tel Pigeon<\/li><li>Piscine KB<\/li><li>Maison of the Witch \/ Maison de la sorci\u00e8re<\/li><li>Cimeti\u00e8re B1000<\/li><li>Theatre Hall \/ Salle de F\u00eate<\/li><li>Soutes O<\/li><li>Bunkers O 2<\/li><li>Eglise Nunes Noir \/ Zwarte Nonnen Klooster<\/li><li>Maison Mystique<\/li><li>\u00c9cole des pompiers<\/li><li>Ferme Dentiste<\/li><li>Abri de camp en ruine<\/li><li>Maison Boardgame \/ Maison Tint<\/li><li>Maison avec atelier bleu<\/li><li>Lac du Manoir<\/li><li>Maison Truckstop<\/li><li>Maison Ballerina<\/li><li>Ferme Prairie<\/li><li>Ferme Rooster<\/li><li>Maison Burried Alive<\/li><li>Retaurant Roue<\/li><li>Maison hant\u00e9e inachev\u00e9e<\/li><li>La ruine de la rivi\u00e8re<\/li><li>Le Parking Snackbar<\/li><li>Ferme Costa<\/li><li>Bunker de plage<\/li><li>Demi-brasserie<\/li><li>Le grand magasin<\/li><li>La ferme de l'horloge<\/li><li>Maison Motard<\/li><li>Aire de jeux pour enfants<\/li><li>Maison des cerfs<\/li><li>Nouveau-n\u00e9 \u00e0 la ferme<\/li><li>Maison Corner<\/li><li>Villa Cube<\/li><li>L'\u00e9cole \u00e0 la ferme<\/li><li>Maison Hazel<\/li><li>Mosscape<\/li><li>Le fabricant de pantoufles \/ De Pantoffel Maker<\/li><li>Maison Forgotten Washroom<\/li><li>Ferme Zarren<\/li><li>Little chalet in the forest<\/li><li>Maison Monster<\/li><\/ul><\/p>","protected":false},"excerpt":{"rendered":"<p>Cette carte de l'urbex vous fournit tous les lieux d'exploration urbaine (urbex) dans les pays suivants<strong> Belgique, Flandre occidentale.<\/strong> Cette carte des lieux perdus restera mise \u00e0 jour et accessible pendant au moins 365 jours apr\u00e8s l'achat. Cette carte contient actuellement 91 des lieux d'exploration urbaine les plus uniques de Belgique : Flandre occidentale et est accessible de n'importe o\u00f9 gr\u00e2ce \u00e0 notre carte facile \u00e0 utiliser.<strong>. <\/strong><strong>Si vous avez d\u00e9j\u00e0 ce pack, vous pouvez y acc\u00e9der via <a href=\"\/fr\/mon-compte-2-2\/espace-membres\/43905\/le-contenu-de-mon-adhesion\/\">Mes cartes &gt; Afficher.<\/a><\/strong> <a href=\"#tab-description\">Liste de tous les sites Urbex sur cette carte.<\/a><\/p>","protected":false},"featured_media":48130,"template":"","meta":[],"product_brand":[],"product_cat":[197,322,1134,207],"product_tag":[323],"class_list":{"0":"post-14642","1":"product","2":"type-product","3":"status-publish","4":"has-post-thumbnail","6":"product_cat-belgium","7":"product_cat-location-packs","8":"product_cat-maps-belgium","9":"product_cat-west-flanders","10":"product_tag-locationpack","12":"first","13":"instock","14":"taxable","15":"shipping-taxable","16":"purchasable","17":"product-type-variable"},"jetpack_sharing_enabled":true,"_links":{"self":[{"href":"https:\/\/urbex.direct\/fr\/wp-json\/wp\/v2\/product\/14642","targetHints":{"allow":["GET"]}}],"collection":[{"href":"https:\/\/urbex.direct\/fr\/wp-json\/wp\/v2\/product"}],"about":[{"href":"https:\/\/urbex.direct\/fr\/wp-json\/wp\/v2\/types\/product"}],"wp:featuredmedia":[{"embeddable":true,"href":"https:\/\/urbex.direct\/fr\/wp-json\/wp\/v2\/media\/48130"}],"wp:attachment":[{"href":"https:\/\/urbex.direct\/fr\/wp-json\/wp\/v2\/media?parent=14642"}],"wp:term":[{"taxonomy":"product_brand","embeddable":true,"href":"https:\/\/urbex.direct\/fr\/wp-json\/wp\/v2\/product_brand?post=14642"},{"taxonomy":"product_cat","embeddable":true,"href":"https:\/\/urbex.direct\/fr\/wp-json\/wp\/v2\/product_cat?post=14642"},{"taxonomy":"product_tag","embeddable":true,"href":"https:\/\/urbex.direct\/fr\/wp-json\/wp\/v2\/product_tag?post=14642"}],"curies":[{"name":"wp","href":"https:\/\/api.w.org\/{rel}","templated":true}]}}