{"id":14638,"date":"2021-07-03T15:38:22","date_gmt":"2021-07-03T14:38:22","guid":{"rendered":"https:\/\/urbex.direct\/?post_type=product&#038;p=14638"},"modified":"2025-06-17T20:21:09","modified_gmt":"2025-06-17T19:21:09","slug":"location-map-belgium-all-regions","status":"publish","type":"product","link":"https:\/\/urbex.direct\/fr\/product\/location-map-belgium-all-regions\/","title":{"rendered":"Urbex Map Belgique : Toutes les r\u00e9gions (1 ou 2 ans d'acc\u00e8s)"},"content":{"rendered":"<h1 class=\"wp-block-heading\">Naviguer sur les sites d'exploration urbaine de Belgique<\/h1>\n\n\n\n<p>\u00cates-vous un aventurier dans l'\u00e2me ? Vous \u00eates toujours \u00e0 la recherche d'exp\u00e9riences uniques qui satisfont votre soif d'aventure ? Ne cherchez pas plus loin que notre Urbex Location Map Belgium, qui pr\u00e9sente tous les lieux d'exploration urbaine cach\u00e9s \u00e0 travers le pays, y compris les mises \u00e0 jour, et qui est facilement navigable sur votre t\u00e9l\u00e9phone, votre tablette ou votre PC.<\/p>\n\n\n\n<h2 class=\"wp-block-heading\">D\u00e9couvrez les joyaux urbains cach\u00e9s de la Belgique<\/h2>\n\n\n\n<p>Avec notre carte de localisation Urbex, vous pouvez explorer le monde fascinant de l'exploration urbaine en Belgique, des b\u00e2timents abandonn\u00e9s, des usines et des sites industriels sinistres et d\u00e9labr\u00e9s, aux tunnels souterrains cach\u00e9s et aux sites historiques oubli\u00e9s. Notre carte comprend tous les lieux difficiles \u00e0 trouver et inaccessibles par les moyens traditionnels, ce qui vous permet de satisfaire votre esprit d'aventure et d'explorer des endroits dont vous n'avez jamais soup\u00e7onn\u00e9 l'existence.<\/p>\n\n\n\n<h2 class=\"wp-block-heading\">Lib\u00e9rez votre explorateur int\u00e9rieur gr\u00e2ce \u00e0 notre carte de localisation Urbex<\/h2>\n\n\n\n<p>Notre carte de localisation Urbex est un outil indispensable pour tout explorateur urbain, qu'il soit un pro exp\u00e9riment\u00e9 ou qu'il d\u00e9bute. Avec tous les lieux en un seul endroit, vous pouvez facilement planifier votre prochaine aventure et d\u00e9couvrir de nouveaux endroits \u00e0 explorer. Que vous soyez \u00e0 la recherche d'une pouss\u00e9e d'adr\u00e9naline ou que vous souhaitiez simplement d\u00e9couvrir des joyaux cach\u00e9s, notre carte de localisation Urbex est l'outil id\u00e9al pour vous.<\/p>\n\n\n\n<h2 class=\"wp-block-heading\">D\u00e9couvrez les sites urbains abandonn\u00e9s de Belgique comme jamais auparavant<\/h2>\n\n\n\n<p>Notre carte de localisation Urbex vous emm\u00e8ne dans un voyage \u00e0 travers le monde cach\u00e9 et oubli\u00e9 de l'exploration urbaine. Des usines abandonn\u00e9es aux sites industriels, en passant par les h\u00f4pitaux d\u00e9labr\u00e9s et les ch\u00e2teaux oubli\u00e9s, notre carte vous permet de d\u00e9couvrir ces lieux comme jamais auparavant. Gr\u00e2ce \u00e0 des mises \u00e0 jour r\u00e9guli\u00e8res et \u00e0 une navigation ais\u00e9e, vous pouvez explorer ces sites en toute confiance, en sachant que vous disposez des informations les plus r\u00e9centes.<\/p>","protected":false},"excerpt":{"rendered":"<p>Cette carte de l'urbex vous fournit tous les lieux d'exploration urbaine (urbex) dans les pays suivants<strong> Belgique, Toutes les r\u00e9gions.<\/strong> Cette carte des lieux perdus restera mise \u00e0 jour et accessible pendant au moins 365 jours apr\u00e8s l'achat.<\/p>\n<p class=\"p1\">This map has currently 717 of the most unique urban exploring locations in Belgium: All Regions and is accessible from anywhere with our easy to use map<strong>.<\/p>\n<p><\/strong><strong>Si vous avez d\u00e9j\u00e0 ce pack, vous pouvez y acc\u00e9der via <a href=\"\/fr\/mon-compte-2-2\/espace-membres\/43905\/le-contenu-de-mon-adhesion\/\">Mes cartes &gt; Afficher.<\/a><\/strong><\/p>","protected":false},"featured_media":48133,"template":"","meta":[],"product_brand":[],"product_cat":[198,197,204,205,199,201,200,322,202,1134,203,206,207],"product_tag":[323],"class_list":{"0":"post-14638","1":"product","2":"type-product","3":"status-publish","4":"has-post-thumbnail","6":"product_cat-antwerp","7":"product_cat-belgium","8":"product_cat-east-flanders","9":"product_cat-flemish-brabant","10":"product_cat-hainaut","11":"product_cat-liege","12":"product_cat-limburg-be","13":"product_cat-location-packs","14":"product_cat-luxembourg-be","15":"product_cat-maps-belgium","16":"product_cat-namur","17":"product_cat-walloon-brabant","18":"product_cat-west-flanders","19":"product_tag-locationpack","21":"first","22":"instock","23":"taxable","24":"shipping-taxable","25":"purchasable","26":"product-type-variable"},"jetpack_sharing_enabled":true,"_links":{"self":[{"href":"https:\/\/urbex.direct\/fr\/wp-json\/wp\/v2\/product\/14638","targetHints":{"allow":["GET"]}}],"collection":[{"href":"https:\/\/urbex.direct\/fr\/wp-json\/wp\/v2\/product"}],"about":[{"href":"https:\/\/urbex.direct\/fr\/wp-json\/wp\/v2\/types\/product"}],"wp:featuredmedia":[{"embeddable":true,"href":"https:\/\/urbex.direct\/fr\/wp-json\/wp\/v2\/media\/48133"}],"wp:attachment":[{"href":"https:\/\/urbex.direct\/fr\/wp-json\/wp\/v2\/media?parent=14638"}],"wp:term":[{"taxonomy":"product_brand","embeddable":true,"href":"https:\/\/urbex.direct\/fr\/wp-json\/wp\/v2\/product_brand?post=14638"},{"taxonomy":"product_cat","embeddable":true,"href":"https:\/\/urbex.direct\/fr\/wp-json\/wp\/v2\/product_cat?post=14638"},{"taxonomy":"product_tag","embeddable":true,"href":"https:\/\/urbex.direct\/fr\/wp-json\/wp\/v2\/product_tag?post=14638"}],"curies":[{"name":"wp","href":"https:\/\/api.w.org\/{rel}","templated":true}]}}