{"id":12253,"date":"2021-05-01T14:53:18","date_gmt":"2021-05-01T13:53:18","guid":{"rendered":"https:\/\/urbex.direct\/product\/chateau-des-3-poetes\/"},"modified":"2023-11-06T20:47:44","modified_gmt":"2023-11-06T20:47:44","slug":"chateau-des-3-poetes","status":"publish","type":"product","link":"https:\/\/urbex.direct\/fr\/product\/chateau-des-3-poetes\/","title":{"rendered":"Ch\u00e2teau des 3 Po\u00e8tes"},"content":{"rendered":"<p>R\u00e9nov\u00e9<\/p>","protected":false},"excerpt":{"rendered":"<p>R\u00e9nov\u00e9<\/p>","protected":false},"featured_media":50008,"template":"","meta":[],"product_brand":[],"product_cat":[226,235,1077],"product_tag":[44],"class_list":{"0":"post-12253","1":"product","2":"type-product","3":"status-publish","4":"has-post-thumbnail","6":"product_cat-france","7":"product_cat-nouvelle-aquitaine","8":"product_cat-pyrenees-atlantiques-64","9":"product_tag-geenurbex","11":"first","12":"outofstock","13":"downloadable","14":"taxable","15":"shipping-taxable","16":"purchasable","17":"product-type-simple"},"jetpack_sharing_enabled":true,"_links":{"self":[{"href":"https:\/\/urbex.direct\/fr\/wp-json\/wp\/v2\/product\/12253","targetHints":{"allow":["GET"]}}],"collection":[{"href":"https:\/\/urbex.direct\/fr\/wp-json\/wp\/v2\/product"}],"about":[{"href":"https:\/\/urbex.direct\/fr\/wp-json\/wp\/v2\/types\/product"}],"wp:featuredmedia":[{"embeddable":true,"href":"https:\/\/urbex.direct\/fr\/wp-json\/wp\/v2\/media\/50008"}],"wp:attachment":[{"href":"https:\/\/urbex.direct\/fr\/wp-json\/wp\/v2\/media?parent=12253"}],"wp:term":[{"taxonomy":"product_brand","embeddable":true,"href":"https:\/\/urbex.direct\/fr\/wp-json\/wp\/v2\/product_brand?post=12253"},{"taxonomy":"product_cat","embeddable":true,"href":"https:\/\/urbex.direct\/fr\/wp-json\/wp\/v2\/product_cat?post=12253"},{"taxonomy":"product_tag","embeddable":true,"href":"https:\/\/urbex.direct\/fr\/wp-json\/wp\/v2\/product_tag?post=12253"}],"curies":[{"name":"wp","href":"https:\/\/api.w.org\/{rel}","templated":true}]}}