{"id":5714,"date":"2021-03-03T15:06:17","date_gmt":"2021-03-03T15:06:17","guid":{"rendered":"https:\/\/urbex.direct\/?page_id=5714"},"modified":"2022-06-26T19:59:57","modified_gmt":"2022-06-26T18:59:57","slug":"faq","status":"publish","type":"page","link":"https:\/\/urbex.direct\/fr\/faq\/","title":{"rendered":"FAQ"},"content":{"rendered":"<div data-elementor-type=\"wp-post\" data-elementor-id=\"5714\" class=\"elementor elementor-5714\" data-elementor-post-type=\"page\">\n\t\t\t\t\t\t<section class=\"elementor-section elementor-top-section elementor-element elementor-element-d7d8b56 elementor-section-boxed elementor-section-height-default elementor-section-height-default\" data-id=\"d7d8b56\" data-element_type=\"section\" data-settings=\"{&quot;background_background&quot;:&quot;classic&quot;}\">\n\t\t\t\t\t\t\t<div class=\"elementor-background-overlay\"><\/div>\n\t\t\t\t\t\t\t<div class=\"elementor-container elementor-column-gap-default\">\n\t\t\t\t\t<div class=\"elementor-column elementor-col-100 elementor-top-column elementor-element elementor-element-fd69444\" data-id=\"fd69444\" data-element_type=\"column\">\n\t\t\t<div class=\"elementor-widget-wrap elementor-element-populated\">\n\t\t\t\t\t\t<div class=\"elementor-element elementor-element-abcc2f2 elementor-widget elementor-widget-heading\" data-id=\"abcc2f2\" data-element_type=\"widget\" data-widget_type=\"heading.default\">\n\t\t\t\t<div class=\"elementor-widget-container\">\n\t\t\t\t\t<h1 class=\"elementor-heading-title elementor-size-default\">Questions fr\u00e9quemment pos\u00e9es<\/h1>\t\t\t\t<\/div>\n\t\t\t\t<\/div>\n\t\t\t\t\t<\/div>\n\t\t<\/div>\n\t\t\t\t\t<\/div>\n\t\t<\/section>\n\t\t\t\t<section class=\"elementor-section elementor-top-section elementor-element elementor-element-0749e79 elementor-section-boxed elementor-section-height-default elementor-section-height-default\" data-id=\"0749e79\" data-element_type=\"section\">\n\t\t\t\t\t\t<div class=\"elementor-container elementor-column-gap-default\">\n\t\t\t\t\t<div class=\"elementor-column elementor-col-100 elementor-top-column elementor-element elementor-element-b13e86e\" data-id=\"b13e86e\" data-element_type=\"column\">\n\t\t\t<div class=\"elementor-widget-wrap elementor-element-populated\">\n\t\t\t\t\t\t<div class=\"elementor-element elementor-element-5a5753d elementor-widget elementor-widget-spacer\" data-id=\"5a5753d\" data-element_type=\"widget\" data-widget_type=\"spacer.default\">\n\t\t\t\t<div class=\"elementor-widget-container\">\n\t\t\t\t\t\t\t<div class=\"elementor-spacer\">\n\t\t\t<div class=\"elementor-spacer-inner\"><\/div>\n\t\t<\/div>\n\t\t\t\t\t\t<\/div>\n\t\t\t\t<\/div>\n\t\t\t\t\t<\/div>\n\t\t<\/div>\n\t\t\t\t\t<\/div>\n\t\t<\/section>\n\t\t\t\t<section class=\"elementor-section elementor-top-section elementor-element elementor-element-0ce9217 elementor-section-boxed elementor-section-height-default elementor-section-height-default\" data-id=\"0ce9217\" data-element_type=\"section\">\n\t\t\t\t\t\t<div class=\"elementor-container elementor-column-gap-default\">\n\t\t\t\t\t<div class=\"elementor-column elementor-col-100 elementor-top-column elementor-element elementor-element-c70982d\" data-id=\"c70982d\" data-element_type=\"column\">\n\t\t\t<div class=\"elementor-widget-wrap elementor-element-populated\">\n\t\t\t\t\t\t<div class=\"elementor-element elementor-element-42b7a98 elementor-widget elementor-widget-shortcode\" data-id=\"42b7a98\" data-element_type=\"widget\" data-widget_type=\"shortcode.default\">\n\t\t\t\t<div class=\"elementor-widget-container\">\n\t\t\t\t\t\t\t<div class=\"elementor-shortcode\"><style>#sp-ea-43122 .spcollapsing { height: 0; overflow: hidden; transition-property: height;transition-duration: 300ms;}#sp-ea-43122.sp-easy-accordion>.sp-ea-single {margin-bottom: 10px; border: 1px solid #e2e2e2; }#sp-ea-43122.sp-easy-accordion>.sp-ea-single>.ea-header a {color: #444;}#sp-ea-43122.sp-easy-accordion>.sp-ea-single>.sp-collapse>.ea-body {background: #fff; color: #444;}#sp-ea-43122.sp-easy-accordion>.sp-ea-single {background: #eee;}#sp-ea-43122.sp-easy-accordion>.sp-ea-single>.ea-header a .ea-expand-icon { float: left; color: #444;font-size: 16px;}<\/style><div id=\"sp_easy_accordion-1758515176\"><div id=\"sp-ea-43122\" class=\"sp-ea-one sp-easy-accordion\" data-ea-active=\"ea-click\" data-ea-mode=\"vertical\" data-preloader=\"\" data-scroll-active-item=\"\" data-offset-to-scroll=\"0\"><div class=\"ea-card sp-ea-single\"><h3 class=\"ea-header\"><a class=\"collapsed\" id=\"ea-header-431220\" role=\"button\" data-sptoggle=\"spcollapse\" data-sptarget=\"#collapse431220\" aria-controls=\"collapse431220\" href=\"#\" aria-expanded=\"false\" tabindex=\"0\"><i aria-hidden=\"true\" role=\"presentation\" class=\"ea-expand-icon eap-icon-ea-expand-plus\"><\/i> Dois-je obtenir une autorisation pour visiter un lieu ?<\/a><\/h3><div class=\"sp-collapse spcollapse spcollapse\" id=\"collapse431220\" data-parent=\"#sp-ea-43122\" role=\"region\" aria-labelledby=\"ea-header-431220\"> <div class=\"ea-body\"><p>Malheureusement, nous ne fournissons pas de lieux avec autorisation. Nous ne fournissons que l'adresse et le reste d\u00e9pend de vous. Gardez \u00e0 l'esprit que les lieux peuvent appartenir \u00e0 des personnes et que vous devez toujours obtenir l'autorisation du propri\u00e9taire l\u00e9gitime.<\/p><p>Nous ne sommes qu'un \"carnet d'adresses\" pour les lieux d'exploration urbaine.<\/p><\/div><\/div><\/div><div class=\"ea-card sp-ea-single\"><h3 class=\"ea-header\"><a class=\"collapsed\" id=\"ea-header-431221\" role=\"button\" data-sptoggle=\"spcollapse\" data-sptarget=\"#collapse431221\" aria-controls=\"collapse431221\" href=\"#\" aria-expanded=\"false\" tabindex=\"0\"><i aria-hidden=\"true\" role=\"presentation\" class=\"ea-expand-icon eap-icon-ea-expand-plus\"><\/i> Le paiement est-il s\u00e9curis\u00e9?<\/a><\/h3><div class=\"sp-collapse spcollapse spcollapse\" id=\"collapse431221\" data-parent=\"#sp-ea-43122\" role=\"region\" aria-labelledby=\"ea-header-431221\"> <div class=\"ea-body\"><p>La reponse courte est oui!<\/p><p>Notre site Web est s\u00e9curis\u00e9 par un certificat SSL. Apr\u00e8s le paiement, vous serez redirig\u00e9 vers notre processeur de paiement de confiance Mollie.<\/p><p>Les m\u00e9thodes de paiement que nous acceptons sont:<\/p><ul><li>iDeal<\/li><li>CreditCard (Visa, Mastercard, American Express, Maestro, posspay, Cartes Bancaires)<\/li><li>Apple Pay<\/li><li>Bancontact<\/li><li>SOFORT Banking<\/li><li>Giropay<\/li><li>Przelewy24<\/li><li>Bouton de paiement KBC\/CBC<\/li><li>Belfius Direct Net<\/li><li>EPS<\/li><\/ul><\/div><\/div><\/div><div class=\"ea-card sp-ea-single\"><h3 class=\"ea-header\"><a class=\"collapsed\" id=\"ea-header-431222\" role=\"button\" data-sptoggle=\"spcollapse\" data-sptarget=\"#collapse431222\" aria-controls=\"collapse431222\" href=\"#\" aria-expanded=\"false\" tabindex=\"0\"><i aria-hidden=\"true\" role=\"presentation\" class=\"ea-expand-icon eap-icon-ea-expand-plus\"><\/i> Quand est-ce que je re\u00e7ois ma carte<\/a><\/h3><div class=\"sp-collapse spcollapse spcollapse\" id=\"collapse431222\" data-parent=\"#sp-ea-43122\" role=\"region\" aria-labelledby=\"ea-header-431222\"> <div class=\"ea-body\"><p>Vous obtenez des acc\u00e8s \u00e0 la carte imm\u00e9diatement apr\u00e8s votre paiement. Vous pouvez afficher la carte \u00e0 tout moment depuis votre ordinateur, ordinateur portable, tablette ou t\u00e9l\u00e9phone via <a href=\"\/fr\/mon-compte-2-2\/\" target=\"_blank\" rel=\"noopener\">Mon compte<\/a> et <a href=\"\/fr\/mon-compte-2-2\/memberships\/\" target=\"_blank\" rel=\"noopener\">Mes Cartes<\/a>.<\/p><p>Si vous avez des probl\u00e8mes \u00e0 acc\u00e9der \u00e0 la carte, vous pouvez toujours contacter notre support 24\/7 via le chat dans le coin inf\u00e9rieur.<\/p><\/div><\/div><\/div><div class=\"ea-card sp-ea-single\"><h3 class=\"ea-header\"><a class=\"collapsed\" id=\"ea-header-431223\" role=\"button\" data-sptoggle=\"spcollapse\" data-sptarget=\"#collapse431223\" aria-controls=\"collapse431223\" href=\"#\" aria-expanded=\"false\" tabindex=\"0\"><i aria-hidden=\"true\" role=\"presentation\" class=\"ea-expand-icon eap-icon-ea-expand-plus\"><\/i> Quand est-ce que je re\u00e7ois mes coordonn\u00e9es<\/a><\/h3><div class=\"sp-collapse spcollapse spcollapse\" id=\"collapse431223\" data-parent=\"#sp-ea-43122\" role=\"region\" aria-labelledby=\"ea-header-431223\"> <div class=\"ea-body\"><p>Vous obtenez des acc\u00e8s aux coordonn\u00e9es imm\u00e9diatement apr\u00e8s votre paiement. Vous pouvez les t\u00e9l\u00e9charger sur la page \"Merci\", vous les obtenez dans votre e-mail apr\u00e8s quelques minutes et vous pouvez y acc\u00e9der sous <a href=\"\/fr\/mon-compte-2-2\/\" target=\"_blank\" rel=\"noopener\">Mon compte.<\/a><\/p><p>Les coordonn\u00e9es sont pr\u00e9sent\u00e9es dans un fichier .txt. Vous pouvez copier et coller ces num\u00e9ros sur votre application de navigation de votre choix.<\/p><p>Si vous avez des probl\u00e8mes \u00e0 acc\u00e9der aux coordonn\u00e9es, vous pouvez toujours contacter notre support 24\/7 via le chat dans le coin inf\u00e9rieur.<\/p><\/div><\/div><\/div><div class=\"ea-card sp-ea-single\"><h3 class=\"ea-header\"><a class=\"collapsed\" id=\"ea-header-431224\" role=\"button\" data-sptoggle=\"spcollapse\" data-sptarget=\"#collapse431224\" aria-controls=\"collapse431224\" href=\"#\" aria-expanded=\"false\" tabindex=\"0\"><i aria-hidden=\"true\" role=\"presentation\" class=\"ea-expand-icon eap-icon-ea-expand-plus\"><\/i> Tout sur les cartes<\/a><\/h3><div class=\"sp-collapse spcollapse spcollapse\" id=\"collapse431224\" data-parent=\"#sp-ea-43122\" role=\"region\" aria-labelledby=\"ea-header-431224\"> <div class=\"ea-body\"><p>Vous obtenez des acc\u00e8s \u00e0 la carte imm\u00e9diatement apr\u00e8s votre paiement. Vous pouvez afficher la carte \u00e0 tout moment depuis votre ordinateur, ordinateur portable, tablette ou t\u00e9l\u00e9phone via <a href=\"\/fr\/mon-compte-2-2\/\" target=\"_blank\" rel=\"noopener\">Mon compte<\/a> et <a href=\"\/fr\/mon-compte-2-2\/memberships\/\" target=\"_blank\" rel=\"noopener\">Mes Cartes<\/a>.<\/p><p>Nos cartes sont pr\u00e9sent\u00e9es sur une carte intuitive o\u00f9 vous pouvez facilement trouver votre emplacement et rechercher et naviguer vers les emplacements abandonn\u00e9s avec Google Maps ou Apple Maps. Vous avez \u00e9galement la possibilit\u00e9 d'afficher et de copier les coordonn\u00e9es directement \u00e0 utiliser dans le syst\u00e8me de navigation de votre voiture.<\/p><p>\u00c0 quoi ressemble la carte? Cela d\u00e9pend de la r\u00e9gion mais c'est un exemple pour la Belgique.<\/p><p><img fetchpriority=\"high\" decoding=\"async\" class=\"alignnone size-medium wp-image-43153\" src=\"https:\/\/urbex.direct\/wp-content\/uploads\/2022\/06\/2022-06-26-20_38_52-Belgie-alle-provincies-Makkelijk-Urbex-300x225.png\" alt=\"\" width=\"300\" height=\"225\" srcset=\"https:\/\/urbex.direct\/wp-content\/uploads\/2022\/06\/2022-06-26-20_38_52-Belgie-alle-provincies-Makkelijk-Urbex-300x225.png 300w, https:\/\/urbex.direct\/wp-content\/uploads\/2022\/06\/2022-06-26-20_38_52-Belgie-alle-provincies-Makkelijk-Urbex-150x113.png 150w, https:\/\/urbex.direct\/wp-content\/uploads\/2022\/06\/2022-06-26-20_38_52-Belgie-alle-provincies-Makkelijk-Urbex-16x12.png 16w, https:\/\/urbex.direct\/wp-content\/uploads\/2022\/06\/2022-06-26-20_38_52-Belgie-alle-provincies-Makkelijk-Urbex-600x451.png 600w, https:\/\/urbex.direct\/wp-content\/uploads\/2022\/06\/2022-06-26-20_38_52-Belgie-alle-provincies-Makkelijk-Urbex.png 763w\" sizes=\"(max-width: 300px) 100vw, 300px\" \/><\/p><p>Si vous avez des probl\u00e8mes \u00e0 acc\u00e9der \u00e0 la carte, vous pouvez toujours contacter notre support 24\/7 via le chat dans le coin inf\u00e9rieur.<\/p><\/div><\/div><\/div><div class=\"ea-card sp-ea-single\"><h3 class=\"ea-header\"><a class=\"collapsed\" id=\"ea-header-431225\" role=\"button\" data-sptoggle=\"spcollapse\" data-sptarget=\"#collapse431225\" aria-controls=\"collapse431225\" href=\"#\" aria-expanded=\"false\" tabindex=\"0\"><i aria-hidden=\"true\" role=\"presentation\" class=\"ea-expand-icon eap-icon-ea-expand-plus\"><\/i> Tout sur les coordonn\u00e9es<\/a><\/h3><div class=\"sp-collapse spcollapse spcollapse\" id=\"collapse431225\" data-parent=\"#sp-ea-43122\" role=\"region\" aria-labelledby=\"ea-header-431225\"> <div class=\"ea-body\"><p>Vous obtenez des acc\u00e8s aux coordonn\u00e9es imm\u00e9diatement apr\u00e8s votre paiement. Vous pouvez les t\u00e9l\u00e9charger sur la page \"Merci\", vous les obtenez dans votre e-mail apr\u00e8s quelques minutes et vous pouvez y acc\u00e9der sous <a href=\"\/fr\/mon-compte-2-2\/\" target=\"_blank\" rel=\"noopener\">Mon compte.<\/a><\/p><p>Les coordonn\u00e9es sont pr\u00e9sent\u00e9es dans un fichier .txt. Vous pouvez copier et coller ces num\u00e9ros sur votre application de navigation de votre choix.<\/p><p>Un fichier de coordonn\u00e9es ressemble \u00e0 ceci:<\/p><p><img decoding=\"async\" class=\"alignnone size-medium wp-image-43159\" src=\"https:\/\/urbex.direct\/wp-content\/uploads\/2022\/06\/2022-06-26-20_43_03-Edit-Accordion-Group-FAQ-\u2039-Urbex-Direct-\u2014-WordPress-300x161.png\" alt=\"\" width=\"300\" height=\"161\" srcset=\"https:\/\/urbex.direct\/wp-content\/uploads\/2022\/06\/2022-06-26-20_43_03-Edit-Accordion-Group-FAQ-\u2039-Urbex-Direct-\u2014-WordPress-300x161.png 300w, https:\/\/urbex.direct\/wp-content\/uploads\/2022\/06\/2022-06-26-20_43_03-Edit-Accordion-Group-FAQ-\u2039-Urbex-Direct-\u2014-WordPress-150x80.png 150w, https:\/\/urbex.direct\/wp-content\/uploads\/2022\/06\/2022-06-26-20_43_03-Edit-Accordion-Group-FAQ-\u2039-Urbex-Direct-\u2014-WordPress-18x10.png 18w, https:\/\/urbex.direct\/wp-content\/uploads\/2022\/06\/2022-06-26-20_43_03-Edit-Accordion-Group-FAQ-\u2039-Urbex-Direct-\u2014-WordPress.png 371w\" sizes=\"(max-width: 300px) 100vw, 300px\" \/><\/p><p>La navigation peut \u00eatre fait comme ceci:<\/p><p><img decoding=\"async\" class=\"alignnone size-medium wp-image-43160\" src=\"https:\/\/urbex.direct\/wp-content\/uploads\/2022\/06\/2022-06-26-20_43_44-57\u00b00433.3_N-2\u00b04711.4_E-Google-Maps-265x300.png\" alt=\"\" width=\"265\" height=\"300\" srcset=\"https:\/\/urbex.direct\/wp-content\/uploads\/2022\/06\/2022-06-26-20_43_44-57\u00b00433.3_N-2\u00b04711.4_E-Google-Maps-265x300.png 265w, https:\/\/urbex.direct\/wp-content\/uploads\/2022\/06\/2022-06-26-20_43_44-57\u00b00433.3_N-2\u00b04711.4_E-Google-Maps-150x170.png 150w, https:\/\/urbex.direct\/wp-content\/uploads\/2022\/06\/2022-06-26-20_43_44-57\u00b00433.3_N-2\u00b04711.4_E-Google-Maps-11x12.png 11w, https:\/\/urbex.direct\/wp-content\/uploads\/2022\/06\/2022-06-26-20_43_44-57\u00b00433.3_N-2\u00b04711.4_E-Google-Maps.png 384w\" sizes=\"(max-width: 265px) 100vw, 265px\" \/><\/p><p>Si vous avez des probl\u00e8mes \u00e0 acc\u00e9der aux coordonn\u00e9es, vous pouvez toujours contacter notre support 24\/7 via le chat dans le coin inf\u00e9rieur.<\/p><\/div><\/div><\/div><div class=\"ea-card sp-ea-single\"><h3 class=\"ea-header\"><a class=\"collapsed\" id=\"ea-header-431226\" role=\"button\" data-sptoggle=\"spcollapse\" data-sptarget=\"#collapse431226\" aria-controls=\"collapse431226\" href=\"#\" aria-expanded=\"false\" tabindex=\"0\"><i aria-hidden=\"true\" role=\"presentation\" class=\"ea-expand-icon eap-icon-ea-expand-plus\"><\/i> Pouvons-nous \u00e9changer des emplacements<\/a><\/h3><div class=\"sp-collapse spcollapse spcollapse\" id=\"collapse431226\" data-parent=\"#sp-ea-43122\" role=\"region\" aria-labelledby=\"ea-header-431226\"> <div class=\"ea-body\"><p>Oui s'il te pla\u00eet!<\/p><p>Afin de rendre notre base de donn\u00e9es d\u2019exploration encore plus grande qu\u2019elle ne l\u2019est d\u00e9j\u00e0, nous voulons collaborer avec vous.<\/p><p>Avez-vous un emplacement qui n'est pas d\u00e9j\u00e0 dans notre base de donn\u00e9es? Remplissez le formulaire sur le\u00a0<a href=\"https:\/\/urbex.direct\/fr\/swap-locations\/\">Sites d\u2019\u00e9change<\/a>\u00a0Page et vous recevrez un emplacement gratuit de votre choix.<\/p><\/div><\/div><\/div><div class=\"ea-card sp-ea-single\"><h3 class=\"ea-header\"><a class=\"collapsed\" id=\"ea-header-431227\" role=\"button\" data-sptoggle=\"spcollapse\" data-sptarget=\"#collapse431227\" aria-controls=\"collapse431227\" href=\"#\" aria-expanded=\"false\" tabindex=\"0\"><i aria-hidden=\"true\" role=\"presentation\" class=\"ea-expand-icon eap-icon-ea-expand-plus\"><\/i> Puis-je obtenir un remboursement<\/a><\/h3><div class=\"sp-collapse spcollapse spcollapse\" id=\"collapse431227\" data-parent=\"#sp-ea-43122\" role=\"region\" aria-labelledby=\"ea-header-431227\"> <div class=\"ea-body\"><p>Veuillez nous faire savoir si un emplacement n'est pas accessible car il a \u00e9t\u00e9 r\u00e9nov\u00e9 ou a \u00e9t\u00e9 d\u00e9moli. Faites-nous savoir via le chat avec une preuve Foto et nous \u00e9changerons un nouvel emplacement avec vous (de votre choix).<\/p><p>Malheureusement, avec toutes les autres raisons que celles, nous ne pouvons pas vous donner un nouvel emplacement.<\/p><\/div><\/div><\/div><div class=\"ea-card sp-ea-single\"><h3 class=\"ea-header\"><a class=\"collapsed\" id=\"ea-header-431228\" role=\"button\" data-sptoggle=\"spcollapse\" data-sptarget=\"#collapse431228\" aria-controls=\"collapse431228\" href=\"#\" aria-expanded=\"false\" tabindex=\"0\"><i aria-hidden=\"true\" role=\"presentation\" class=\"ea-expand-icon eap-icon-ea-expand-plus\"><\/i> \u00c0 propos Urbex Direct<\/a><\/h3><div class=\"sp-collapse spcollapse spcollapse\" id=\"collapse431228\" data-parent=\"#sp-ea-43122\" role=\"region\" aria-labelledby=\"ea-header-431228\"> <div class=\"ea-body\"><p>Urbex Direct a \u00e9t\u00e9 cr\u00e9\u00e9 pour les explorateurs par des explorateurs. Nous avons plusieurs ann\u00e9es d'exp\u00e9rience internationale d'exploration urbaine et voulons partager nos connaissances avec des personnes partageant les m\u00eames id\u00e9es.<\/p><p>Urbex Direct est une soci\u00e9t\u00e9 enregistr\u00e9e aupr\u00e8s de la Chambre de commerce aux Pays-Bas et aux autorit\u00e9s fiscales.<\/p><\/div><\/div><\/div><div class=\"ea-card sp-ea-single\"><h3 class=\"ea-header\"><a class=\"collapsed\" id=\"ea-header-431229\" role=\"button\" data-sptoggle=\"spcollapse\" data-sptarget=\"#collapse431229\" aria-controls=\"collapse431229\" href=\"#\" aria-expanded=\"false\" tabindex=\"0\"><i aria-hidden=\"true\" role=\"presentation\" class=\"ea-expand-icon eap-icon-ea-expand-plus\"><\/i> Ai-je la permission de visiter ...?<\/a><\/h3><div class=\"sp-collapse spcollapse spcollapse\" id=\"collapse431229\" data-parent=\"#sp-ea-43122\" role=\"region\" aria-labelledby=\"ea-header-431229\"> <div class=\"ea-body\"><p>D\u00e9pend. Vous pouvez voir et prendre des photos d'un emplacement d'exploration urbaine depuis la route publique sans obtenir la permission. Si vous souhaitez entrer un emplacement, nous vous recommandons d'obtenir la permission du propri\u00e9taire. Nous ne fournissons pas ces informations la plupart du temps.<\/p><\/div><\/div><\/div><div class=\"ea-card sp-ea-single\"><h3 class=\"ea-header\"><a class=\"collapsed\" id=\"ea-header-4312210\" role=\"button\" data-sptoggle=\"spcollapse\" data-sptarget=\"#collapse4312210\" aria-controls=\"collapse4312210\" href=\"#\" aria-expanded=\"false\" tabindex=\"0\"><i aria-hidden=\"true\" role=\"presentation\" class=\"ea-expand-icon eap-icon-ea-expand-plus\"><\/i> Je suis propri\u00e9taire de cet endroit et je veux qu'il soit supprim\u00e9<\/a><\/h3><div class=\"sp-collapse spcollapse spcollapse\" id=\"collapse4312210\" data-parent=\"#sp-ea-43122\" role=\"region\" aria-labelledby=\"ea-header-4312210\"> <div class=\"ea-body\"><p>Ravi de vous rencontrer! Veuillez nous contacter via le chat dans le coin inf\u00e9rieur avec une preuve et nous sommes heureux de contacter nos explorateurs r\u00e9cents qu'ils ne devraient pas visiter votre emplacement car il n'est pas abandonn\u00e9.<\/p><\/div><\/div><\/div><div class=\"ea-card sp-ea-single\"><h3 class=\"ea-header\"><a class=\"collapsed\" id=\"ea-header-4312211\" role=\"button\" data-sptoggle=\"spcollapse\" data-sptarget=\"#collapse4312211\" aria-controls=\"collapse4312211\" href=\"#\" aria-expanded=\"false\" tabindex=\"0\"><i aria-hidden=\"true\" role=\"presentation\" class=\"ea-expand-icon eap-icon-ea-expand-plus\"><\/i> Je ne trouve pas cet endroit, tu l'as<\/a><\/h3><div class=\"sp-collapse spcollapse spcollapse\" id=\"collapse4312211\" data-parent=\"#sp-ea-43122\" role=\"region\" aria-labelledby=\"ea-header-4312211\"> <div class=\"ea-body\"><p>Oui!<\/p><p>Nous avons presque tous les emplacements, veuillez nous en donner les d\u00e9tails (nom, photos, URL des autres \u00e9changes de localisation et \/ ou vid\u00e9os).<\/p><\/div><\/div><\/div><\/div><\/div><\/div>\n\t\t\t\t\t\t<\/div>\n\t\t\t\t<\/div>\n\t\t\t\t\t<\/div>\n\t\t<\/div>\n\t\t\t\t\t<\/div>\n\t\t<\/section>\n\t\t\t\t<\/div>","protected":false},"excerpt":{"rendered":"<p>Qui sommes-nous ? Notre mission Cliquez sur le bouton \"\u00e9diter\" pour modifier ce texte. Lorem ipsum dolor sit amet, adipiscing elit. Cliquez sur le bouton d'\u00e9dition pour modifier ce texte. Lorem ipsum dolor sit amet, consectetur adipiscing elit. Ut elit tellus, luctus nec ullamcorper mattis, pulvinar dapibus leo. Exp\u00e9riences extraordinaires Cliquez sur le bouton \"modifier\" pour changer ce texte. Lorem ipsum ...<\/p>\n<p class=\"read-more\"> <a class=\"\" href=\"https:\/\/websitedemos.net\/outdoor-adventure-02\/about\/\"> <span class=\"screen-reader-text\">A propos de<\/span> Lire plus \"<\/a><\/p>","protected":false},"author":1,"featured_media":0,"parent":0,"menu_order":0,"comment_status":"closed","ping_status":"closed","template":"elementor_header_footer","meta":{"footnotes":""},"class_list":["post-5714","page","type-page","status-publish","hentry"],"jetpack_sharing_enabled":true,"_links":{"self":[{"href":"https:\/\/urbex.direct\/fr\/wp-json\/wp\/v2\/pages\/5714","targetHints":{"allow":["GET"]}}],"collection":[{"href":"https:\/\/urbex.direct\/fr\/wp-json\/wp\/v2\/pages"}],"about":[{"href":"https:\/\/urbex.direct\/fr\/wp-json\/wp\/v2\/types\/page"}],"author":[{"embeddable":true,"href":"https:\/\/urbex.direct\/fr\/wp-json\/wp\/v2\/users\/1"}],"replies":[{"embeddable":true,"href":"https:\/\/urbex.direct\/fr\/wp-json\/wp\/v2\/comments?post=5714"}],"version-history":[{"count":0,"href":"https:\/\/urbex.direct\/fr\/wp-json\/wp\/v2\/pages\/5714\/revisions"}],"wp:attachment":[{"href":"https:\/\/urbex.direct\/fr\/wp-json\/wp\/v2\/media?parent=5714"}],"curies":[{"name":"wp","href":"https:\/\/api.w.org\/{rel}","templated":true}]}}