{"id":5688,"date":"2021-03-03T12:39:33","date_gmt":"2021-03-03T12:39:33","guid":{"rendered":"https:\/\/urbex.direct\/?page_id=5688"},"modified":"2023-06-05T09:01:42","modified_gmt":"2023-06-05T08:01:42","slug":"a-propos-de-nous","status":"publish","type":"page","link":"https:\/\/urbex.direct\/fr\/about-us\/","title":{"rendered":"\u00c0 propos de nous"},"content":{"rendered":"<div data-elementor-type=\"wp-post\" data-elementor-id=\"5688\" class=\"elementor elementor-5688\" data-elementor-post-type=\"page\">\n\t\t\t\t\t\t<section class=\"elementor-section elementor-top-section elementor-element elementor-element-d7d8b56 elementor-section-boxed elementor-section-height-default elementor-section-height-default\" data-id=\"d7d8b56\" data-element_type=\"section\" data-e-type=\"section\" data-settings=\"{&quot;background_background&quot;:&quot;classic&quot;}\">\n\t\t\t\t\t\t\t<div class=\"elementor-background-overlay\"><\/div>\n\t\t\t\t\t\t\t<div class=\"elementor-container elementor-column-gap-default\">\n\t\t\t\t\t<div class=\"elementor-column elementor-col-100 elementor-top-column elementor-element elementor-element-fd69444\" data-id=\"fd69444\" data-element_type=\"column\" data-e-type=\"column\">\n\t\t\t<div class=\"elementor-widget-wrap elementor-element-populated\">\n\t\t\t\t\t\t<div class=\"elementor-element elementor-element-abcc2f2 elementor-widget elementor-widget-heading\" data-id=\"abcc2f2\" data-element_type=\"widget\" data-e-type=\"widget\" data-widget_type=\"heading.default\">\n\t\t\t\t<div class=\"elementor-widget-container\">\n\t\t\t\t\t<h1 class=\"elementor-heading-title elementor-size-default\">Qui nous sommes?<\/h1>\t\t\t\t<\/div>\n\t\t\t\t<\/div>\n\t\t\t\t\t<\/div>\n\t\t<\/div>\n\t\t\t\t\t<\/div>\n\t\t<\/section>\n\t\t\t\t<section class=\"elementor-section elementor-top-section elementor-element elementor-element-5c40d7b elementor-section-boxed elementor-section-height-default elementor-section-height-default\" data-id=\"5c40d7b\" data-element_type=\"section\" data-e-type=\"section\">\n\t\t\t\t\t\t<div class=\"elementor-container elementor-column-gap-default\">\n\t\t\t\t\t<div class=\"elementor-column elementor-col-50 elementor-top-column elementor-element elementor-element-2ebbf9c\" data-id=\"2ebbf9c\" data-element_type=\"column\" data-e-type=\"column\">\n\t\t\t<div class=\"elementor-widget-wrap elementor-element-populated\">\n\t\t\t\t\t\t<div class=\"elementor-element elementor-element-fe195c7 elementor-widget elementor-widget-heading\" data-id=\"fe195c7\" data-element_type=\"widget\" data-e-type=\"widget\" data-widget_type=\"heading.default\">\n\t\t\t\t<div class=\"elementor-widget-container\">\n\t\t\t\t\t<h2 class=\"elementor-heading-title elementor-size-default\">Explorateurs urbains<\/h2>\t\t\t\t<\/div>\n\t\t\t\t<\/div>\n\t\t\t\t<div class=\"elementor-element elementor-element-5dcd18a elementor-widget elementor-widget-text-editor\" data-id=\"5dcd18a\" data-element_type=\"widget\" data-e-type=\"widget\" data-widget_type=\"text-editor.default\">\n\t\t\t\t<div class=\"elementor-widget-container\">\n\t\t\t\t\t\t\t\t\t<p>Salut!<\/p><p>Nous sommes une \u00e9quipe d'explorateurs urbains.<\/p><p class=\"MsoNormal\"><span lang=\"EN-US\">Avec cette base de donn\u00e9es, nous voulons partager notre amour et notre passion pour Urbex. Nous appr\u00e9cions le respect et la d\u00e9cence lors de la visite du lieu et esp\u00e9rons que vous en tant que coll\u00e8gue Urbexer partagez cela avec nous. De plus, nous voulons aider les gens \u00e0 se concentrer sur ce passe-temps au lieu de rechercher des emplacements pendant des heures.<\/span><\/p><p>Urbex.direct est un fier partenaire de <a href=\"https:\/\/makkelijkurbex.nl\/\" target=\"_blank\" rel=\"noopener\">makkelijkurbex.nl<\/a><\/p>\t\t\t\t\t\t\t\t<\/div>\n\t\t\t\t<\/div>\n\t\t\t\t\t<\/div>\n\t\t<\/div>\n\t\t\t\t<div class=\"elementor-column elementor-col-50 elementor-top-column elementor-element elementor-element-e5fdae0\" data-id=\"e5fdae0\" data-element_type=\"column\" data-e-type=\"column\">\n\t\t\t<div class=\"elementor-widget-wrap elementor-element-populated\">\n\t\t\t\t\t\t<div class=\"elementor-element elementor-element-96b5b53 elementor-widget elementor-widget-image\" data-id=\"96b5b53\" data-element_type=\"widget\" data-e-type=\"widget\" data-widget_type=\"image.default\">\n\t\t\t\t<div class=\"elementor-widget-container\">\n\t\t\t\t\t\t\t\t\t\t\t\t\t\t\t<img fetchpriority=\"high\" decoding=\"async\" width=\"2560\" height=\"1920\" src=\"https:\/\/urbex.direct\/wp-content\/uploads\/2021\/03\/IMG20210116131856-scaled.jpg\" class=\"attachment-full size-full wp-image-5693\" alt=\"\" srcset=\"https:\/\/urbex.direct\/wp-content\/uploads\/2021\/03\/IMG20210116131856-scaled.jpg 2560w, https:\/\/urbex.direct\/wp-content\/uploads\/2021\/03\/IMG20210116131856-scaled-150x113.jpg 150w, https:\/\/urbex.direct\/wp-content\/uploads\/2021\/03\/IMG20210116131856-scaled-800x600.jpg 800w, https:\/\/urbex.direct\/wp-content\/uploads\/2021\/03\/IMG20210116131856-300x225.jpg 300w, https:\/\/urbex.direct\/wp-content\/uploads\/2021\/03\/IMG20210116131856-1024x768.jpg 1024w, https:\/\/urbex.direct\/wp-content\/uploads\/2021\/03\/IMG20210116131856-768x576.jpg 768w, https:\/\/urbex.direct\/wp-content\/uploads\/2021\/03\/IMG20210116131856-1536x1152.jpg 1536w, https:\/\/urbex.direct\/wp-content\/uploads\/2021\/03\/IMG20210116131856-2048x1536.jpg 2048w, https:\/\/urbex.direct\/wp-content\/uploads\/2021\/03\/IMG20210116131856-scaled-600x450.jpg 600w\" sizes=\"(max-width: 2560px) 100vw, 2560px\" \/>\t\t\t\t\t\t\t\t\t\t\t\t\t\t\t<\/div>\n\t\t\t\t<\/div>\n\t\t\t\t\t<\/div>\n\t\t<\/div>\n\t\t\t\t\t<\/div>\n\t\t<\/section>\n\t\t\t\t<\/div>","protected":false},"excerpt":{"rendered":"<p>Qui sommes-nous ? Notre mission Cliquez sur le bouton \"\u00e9diter\" pour modifier ce texte. Lorem ipsum dolor sit amet, adipiscing elit. Cliquez sur le bouton d'\u00e9dition pour modifier ce texte. Lorem ipsum dolor sit amet, consectetur adipiscing elit. Ut elit tellus, luctus nec ullamcorper mattis, pulvinar dapibus leo. Exp\u00e9riences extraordinaires Cliquez sur le bouton \"modifier\" pour changer ce texte. Lorem ipsum ...<\/p>\n<p class=\"read-more\"> <a class=\"\" href=\"https:\/\/websitedemos.net\/outdoor-adventure-02\/about\/\"> <span class=\"screen-reader-text\">A propos de<\/span> Lire plus \"<\/a><\/p>","protected":false},"author":1,"featured_media":0,"parent":0,"menu_order":0,"comment_status":"closed","ping_status":"closed","template":"elementor_header_footer","meta":{"footnotes":""},"class_list":["post-5688","page","type-page","status-publish","hentry"],"jetpack_sharing_enabled":true,"_links":{"self":[{"href":"https:\/\/urbex.direct\/fr\/wp-json\/wp\/v2\/pages\/5688","targetHints":{"allow":["GET"]}}],"collection":[{"href":"https:\/\/urbex.direct\/fr\/wp-json\/wp\/v2\/pages"}],"about":[{"href":"https:\/\/urbex.direct\/fr\/wp-json\/wp\/v2\/types\/page"}],"author":[{"embeddable":true,"href":"https:\/\/urbex.direct\/fr\/wp-json\/wp\/v2\/users\/1"}],"replies":[{"embeddable":true,"href":"https:\/\/urbex.direct\/fr\/wp-json\/wp\/v2\/comments?post=5688"}],"version-history":[{"count":0,"href":"https:\/\/urbex.direct\/fr\/wp-json\/wp\/v2\/pages\/5688\/revisions"}],"wp:attachment":[{"href":"https:\/\/urbex.direct\/fr\/wp-json\/wp\/v2\/media?parent=5688"}],"curies":[{"name":"wp","href":"https:\/\/api.w.org\/{rel}","templated":true}]}}