{"id":64714,"date":"2025-07-31T12:31:06","date_gmt":"2025-07-31T11:31:06","guid":{"rendered":"https:\/\/urbex.direct\/?post_type=product&#038;p=64714"},"modified":"2025-08-10T19:23:38","modified_gmt":"2025-08-10T18:23:38","slug":"urbex-pro-mapa-todas-las-ubicaciones","status":"publish","type":"product","link":"https:\/\/urbex.direct\/es\/product\/urbex-pro-map-all-locations\/","title":{"rendered":"Mapa Urbex Pro (Todas las ubicaciones)"},"content":{"rendered":"<p>This full urbex map has 5250 active spots in more than 39 countries.<\/p>\n\n\n\n<p>Base de datos completa de Urbex Direct.<\/p>\n\n\n\n<p><\/p>","protected":false},"excerpt":{"rendered":"<p>\u2705 Mapa completo de exploraci\u00f3n urbana con todas las ubicaciones urbex de nuestra base de datos. <br \/>\u2705 5250 active coordinates and counting! <br \/>M\u00e1s de 39 pa\u00edses <br \/>\u2705 Mapa f\u00e1cil de usar para en su tel\u00e9fono, tableta, port\u00e1til u ordenador. <br \/>\u2705 Nuevas plazas a\u00f1adidas a diario. Acceso instant\u00e1neo 365 d\u00edas y actualizaciones. <br \/>\u2705 S\u00e9 el primero en recibir las nuevas coordenadas urbex.<\/p>","protected":false},"featured_media":64899,"template":"","meta":[],"product_brand":[],"product_cat":[322,1134,1135,1229,1140,1137,1138,1376,1139,1136,1401],"product_tag":[323,153],"class_list":{"0":"post-64714","1":"product","2":"type-product","3":"status-publish","4":"has-post-thumbnail","6":"product_cat-location-packs","7":"product_cat-maps-belgium","8":"product_cat-maps-france","9":"product_cat-maps-germany","10":"product_cat-maps-greece","11":"product_cat-maps-italy","12":"product_cat-maps-luxembourg","13":"product_cat-maps-portugal","14":"product_cat-maps-spain","15":"product_cat-maps-the-netherlands","16":"product_cat-maps-united-kingdom","17":"product_tag-locationpack","18":"product_tag-recommended","20":"first","21":"instock","22":"virtual","23":"taxable","24":"purchasable","25":"product-type-simple"},"jetpack_sharing_enabled":true,"_links":{"self":[{"href":"https:\/\/urbex.direct\/es\/wp-json\/wp\/v2\/product\/64714","targetHints":{"allow":["GET"]}}],"collection":[{"href":"https:\/\/urbex.direct\/es\/wp-json\/wp\/v2\/product"}],"about":[{"href":"https:\/\/urbex.direct\/es\/wp-json\/wp\/v2\/types\/product"}],"wp:featuredmedia":[{"embeddable":true,"href":"https:\/\/urbex.direct\/es\/wp-json\/wp\/v2\/media\/64899"}],"wp:attachment":[{"href":"https:\/\/urbex.direct\/es\/wp-json\/wp\/v2\/media?parent=64714"}],"wp:term":[{"taxonomy":"product_brand","embeddable":true,"href":"https:\/\/urbex.direct\/es\/wp-json\/wp\/v2\/product_brand?post=64714"},{"taxonomy":"product_cat","embeddable":true,"href":"https:\/\/urbex.direct\/es\/wp-json\/wp\/v2\/product_cat?post=64714"},{"taxonomy":"product_tag","embeddable":true,"href":"https:\/\/urbex.direct\/es\/wp-json\/wp\/v2\/product_tag?post=64714"}],"curies":[{"name":"wp","href":"https:\/\/api.w.org\/{rel}","templated":true}]}}