{"id":62125,"date":"2025-03-17T20:45:44","date_gmt":"2025-03-17T20:45:44","guid":{"rendered":"https:\/\/urbex.direct\/?post_type=product&#038;p=62125"},"modified":"2025-03-18T19:50:43","modified_gmt":"2025-03-18T19:50:43","slug":"mapa-de-caza-de-fantasmas-3-0","status":"publish","type":"product","link":"https:\/\/urbex.direct\/es\/product\/ghost-hunting-map-3-0\/","title":{"rendered":"Mapa de caza de fantasmas 3.0"},"content":{"rendered":"","protected":false},"excerpt":{"rendered":"<p data-start=\"56\" data-end=\"173\"><strong data-start=\"56\" data-end=\"167\">La gu\u00eda definitiva de lugares paranormales en B\u00e9lgica, Pa\u00edses Bajos y Alemania<\/strong> \ud83d\udc7b\ud83d\uddfa\ufe0f<\/p>\n<p data-start=\"175\" data-end=\"468\">\u00bfListo para una nueva aventura paranormal? <strong data-start=\"213\" data-end=\"238\">Mapa de caza de fantasmas 3.0<\/strong> ya est\u00e1 aqu\u00ed, \u00a1y es el mapa m\u00e1s completo y detallado que jam\u00e1s haya encontrado! Este mapa \u00fanico en su g\u00e9nero le guiar\u00e1 a los <strong data-start=\"355\" data-end=\"398\">los lugares m\u00e1s espeluznantes y misteriosos<\/strong> a trav\u00e9s de B\u00e9lgica, los Pa\u00edses Bajos y las zonas fronterizas de Alemania. \ud83c\udf0d\u2728<\/p>\n<p data-start=\"470\" data-end=\"790\">Con m\u00e1s de <strong data-start=\"480\" data-end=\"507\">M\u00e1s de 70 puntos paranormales<\/strong>podr\u00e1 embarcarse en un viaje a lugares que han sido cuidadosamente investigados por <strong data-start=\"586\" data-end=\"616\">cazadores de fantasmas profesionales<\/strong> y aficionados apasionados por igual. Este mapa ha sido elaborado por un experto equipo de investigadores de lo paranormal, lo que garantiza que s\u00f3lo visitar\u00e1 los lugares m\u00e1s intrigantes y espeluznantes. \ud83d\udc40\ud83d\udd0d<\/p>\n<h3 data-start=\"792\" data-end=\"823\">\u00bfPor qu\u00e9 es tan especial este mapa?<\/h3>\n<ul data-start=\"824\" data-end=\"1061\">\n<li data-start=\"824\" data-end=\"889\"><strong data-start=\"826\" data-end=\"846\">31 nuevos emplazamientos<\/strong>\u00a0que no querr\u00e1 perderse<\/li>\n<li data-start=\"890\" data-end=\"996\"><strong data-start=\"892\" data-end=\"908\">42 emplazamientos<\/strong> de ediciones anteriores (V1 y V2) se han a\u00f1adido de nuevo, para que no te pierdas nada. \ud83d\udd04<\/li>\n<\/ul>\n<p data-start=\"1063\" data-end=\"1202\">\u00bfA qu\u00e9 est\u00e1s esperando? Coge tu equipo, trae a tus amigos y avent\u00farate en lugares donde la historia y lo sobrenatural chocan. \ud83d\udc80\ud83c\udf2b\ufe0f<\/p>\n<p data-start=\"1204\" data-end=\"1281\"><strong data-start=\"1204\" data-end=\"1229\">Mapa de caza de fantasmas 3.0<\/strong> es imprescindible para todo cazador de fantasmas que se precie.<\/p>","protected":false},"featured_media":62142,"template":"","meta":[],"product_brand":[],"product_cat":[322,1134,1136],"product_tag":[834,323],"class_list":{"0":"post-62125","1":"product","2":"type-product","3":"status-publish","4":"has-post-thumbnail","6":"product_cat-location-packs","7":"product_cat-maps-belgium","8":"product_cat-maps-the-netherlands","9":"product_tag-excellence","10":"product_tag-locationpack","12":"first","13":"instock","14":"taxable","15":"shipping-taxable","16":"purchasable","17":"product-type-simple"},"jetpack_sharing_enabled":true,"_links":{"self":[{"href":"https:\/\/urbex.direct\/es\/wp-json\/wp\/v2\/product\/62125","targetHints":{"allow":["GET"]}}],"collection":[{"href":"https:\/\/urbex.direct\/es\/wp-json\/wp\/v2\/product"}],"about":[{"href":"https:\/\/urbex.direct\/es\/wp-json\/wp\/v2\/types\/product"}],"wp:featuredmedia":[{"embeddable":true,"href":"https:\/\/urbex.direct\/es\/wp-json\/wp\/v2\/media\/62142"}],"wp:attachment":[{"href":"https:\/\/urbex.direct\/es\/wp-json\/wp\/v2\/media?parent=62125"}],"wp:term":[{"taxonomy":"product_brand","embeddable":true,"href":"https:\/\/urbex.direct\/es\/wp-json\/wp\/v2\/product_brand?post=62125"},{"taxonomy":"product_cat","embeddable":true,"href":"https:\/\/urbex.direct\/es\/wp-json\/wp\/v2\/product_cat?post=62125"},{"taxonomy":"product_tag","embeddable":true,"href":"https:\/\/urbex.direct\/es\/wp-json\/wp\/v2\/product_tag?post=62125"}],"curies":[{"name":"wp","href":"https:\/\/api.w.org\/{rel}","templated":true}]}}