{"id":61824,"date":"2025-03-09T19:15:15","date_gmt":"2025-03-09T19:15:15","guid":{"rendered":"https:\/\/urbex.direct\/?post_type=product&#038;p=61824"},"modified":"2025-05-22T20:32:16","modified_gmt":"2025-05-22T19:32:16","slug":"urbex-map-reino-unido-todas-las-regiones-1-ano-de-acceso","status":"publish","type":"product","link":"https:\/\/urbex.direct\/es\/product\/urbex-map-united-kingdom-all-regions-1-year-access\/","title":{"rendered":"Urbex Map Reino Unido e Irlanda Todas las regiones (1 \u00f3 2 a\u00f1os de acceso)"},"content":{"rendered":"<p>Este mapa contiene los siguientes lugares: <ul><li>Mansi\u00f3n Freeman<\/li><li>Hip\u00f3dromo de Hulme<\/li><li>Bienvenido al Hotel Paradise<\/li><li>Casa de la Guerra Fr\u00eda<\/li><li>Lugar del accidente de Boeing<\/li><li>Taller de trenes en el bosque<\/li><li>Escuela Lodge<\/li><li>Teatro Jumanji<\/li><li>La casa fallecida<\/li><li>Los 5 grandes<\/li><li>Asilo NHS<\/li><li>Fuerte de Cliffe<\/li><li>Submarino oxidado<\/li><li>Casa del Artillero<\/li><li>La casa del cementerio<\/li><li>Granja del Castillo<\/li><li>El Hobbit Hormiguero<\/li><li>Ciudad fantasma inacabada<\/li><li>Piscina Pir\u00e1mide Fr\u00eda<\/li><li>Iglesia William 45<\/li><li>Naufragio DB<\/li><li>Casa Uperflow<\/li><li>Templo subterr\u00e1neo<\/li><li>Casa del Templo Dorado<\/li><li>El gran cobertizo de cer\u00e1mica<\/li><li>La f\u00e1brica de cruces<\/li><li>La mina de carb\u00f3n olvidada<\/li><li>Capilla de Loxley<\/li><li>F\u00e1brica de herramientas<\/li><li>Almac\u00e9n marino<\/li><li>Universidad perdida<\/li><li>Granja sexy<\/li><li>Castillo de Cambusnethan<\/li><li>Castillo de Loudoun<\/li><li>Hospital Gartloch<\/li><li>Hotel Ragdoll<\/li><li>El castillo en el acantilado<\/li><li>Otra ruina de castillo<\/li><li>El Dal Ruine<\/li><li>El puerto de los torpedos<\/li><li>Mina de cobre Elba<\/li><li>Castillo TTL<\/li><li>Estaci\u00f3n de radar GH<\/li><li>La casita junto a la v\u00eda f\u00e9rrea<\/li><li>La f\u00e1brica de municiones<\/li><li>La f\u00e1brica de municiones 2<\/li><li>Mansi\u00f3n Allasons<\/li><li>Central Forestal<\/li><li>F\u00e1brica de traspatio<\/li><li>Casa del campamento militar<\/li><li>Torre de control de vuelo<\/li><li>Hospital East Fortune<\/li><li>C\u00e1mara de Representantes<\/li><li>Hospital quemado<\/li><li>La asombrosa ruina de la mansi\u00f3n<\/li><li>Ruina del castillo del hospital<\/li><li>Restos de un castillo<\/li><li>El antiguo seminario abandonado<\/li><li>Casa de hojas<\/li><li>Mansi\u00f3n Baron Hill<\/li><li>Capilla Salem<\/li><li>La Casa del Ret\u00e9n<\/li><li>Estaci\u00f3n de autobuses<\/li><li>Casa del coleccionista de coches<\/li><li>Casas en el mundo<\/li><li>Casa del Olvido<\/li><li>Cementerio y ruinas de una iglesia<\/li><li>El castillo vac\u00edo<\/li><li>Castillo de Gwyn<\/li><li>El comerciante de petr\u00f3leo<\/li><li>Iglesia en la selva<\/li><li>Pueblo de cuento de hadas de Little Italy<\/li><li>Obras Brik<\/li><li>Casa de espeluznantes pi\u00f1ones<\/li><li>Cuartel del \u00c1ngel<\/li><li>Mansi\u00f3n de Resident Evil<\/li><li>Molino Congelado en el Tiempo<\/li><li>Granja Tornado<\/li><li>El castillo del soldado<\/li><li>La casa perdida del amor<\/li><li>Casa de la Fe<\/li><li>Castillo de San Jorge<\/li><li>Asilo de autistas<\/li><li>Asilo de piscina<\/li><li>La pel\u00edcula Lighthouse<\/li><li>Casa de los Pianos<\/li><li>La casa de la viuda<\/li><li>Granja veterana<\/li><li>Hospital del Infierno<\/li><li>Casa Tyrone<\/li><li>Iglesia de Nivea<\/li><li>Ruinas del castillo de Ivy<\/li><li>Castillo Ruine G<\/li><li>La gran iglesia cubierta de maleza<\/li><li>Castillo Ruina Agha<\/li><li>Castillo musgoso de Kerry<\/li><li>Fuerte del Coliseo<\/li><li>Fuerte Colloseum 2<\/li><li>La granja del acantilado<\/li><li>La antigua torre de se\u00f1ales<\/li><li>La ruina de la iglesia con algunas tumbas<\/li><li>Clif Atalaya<\/li><li>Los pozos de la antigua mina de cobre<\/li><li>Casa del Coche Blanco en el Arbusto<\/li><li>Villa inacabada<\/li><li>Casa de invitados<\/li><li>F\u00e1brica Malcolm<\/li><li>Antiguo castillo de Droma<\/li><li>Castillo de los Ecos Celtas<\/li><li>F\u00e1brica y villa incendiadas<\/li><li>El puente roto<\/li><li>Torres silenciosas de \u00c9ire<\/li><li>Granja d\u00e9bil<\/li><li>Taller de naturaleza<\/li><li>Otra ruina de una mina de cobre<\/li><li>Casa de oto\u00f1o<\/li><li>El recinto del castillo<\/li><li>Mansi\u00f3n del Pol\u00edtico<\/li><li>La mansi\u00f3n olvidada<\/li><li>Perdido durante 10 a\u00f1os Casa<\/li><li>El naufragio en la playa<\/li><li>La iglesia perdida en las colinas<\/li><li>Tumbas en el edificio Decay<\/li><li>Pinturas Pub<\/li><li>Fuerte en la cima<\/li><li>El castillo permanece en el acantilado<\/li><li>Casa Cardo<\/li><li>Castillo de Tejado Verde<\/li><li>Volver a la naturaleza<\/li><li>El cementerio y las ruinas<\/li><li>Central el\u00e9ctrica de Waterside<\/li><li>La casa del r\u00edo olvidado<\/li><li>Asuntos pendientes<\/li><li>Naves industriales perdidas<\/li><li>La peque\u00f1a iglesia en ruinas<\/li><li>Casa Bally [Casa[<\/li><\/ul><\/p>","protected":false},"excerpt":{"rendered":"<p>Este mapa urbex le ofrece todos los lugares de exploraci\u00f3n urbana (urbex) en <strong>Reino Unido e Irlanda, Todas las regiones<\/strong><strong>.<\/strong> <\/p>\n<p>Este mapa de lugares perdidos permanecer\u00e1 actualizado y accesible durante al menos 365 d\u00edas despu\u00e9s de la compra. <\/p>\n<p>Este mapa cuenta actualmente con 136 de los lugares de exploraci\u00f3n urbana m\u00e1s singulares de Irlanda y es accesible desde cualquier lugar con nuestro mapa f\u00e1cil de usar<strong>. <\/p>\n<p><\/strong><strong>Si ya tiene este paquete, puede acceder a \u00e9l a trav\u00e9s de <\/strong><a href=\"\/es\/mi-cuenta-2\/area-de-miembros\/43905\/mi-contenido-de-afiliacion\/\"><strong>Mis mapas &gt; Ver.<\/strong><\/a> <\/p>\n<p><a href=\"#tab-description\">Lista de todas las ubicaciones de Urbex en este mapa.<\/a><\/p>","protected":false},"featured_media":61828,"template":"","meta":[],"product_brand":[],"product_cat":[242,322,1401,293],"product_tag":[],"class_list":{"0":"post-61824","1":"product","2":"type-product","3":"status-publish","4":"has-post-thumbnail","6":"product_cat-ireland","7":"product_cat-location-packs","8":"product_cat-maps-united-kingdom","9":"product_cat-united-kingdom","11":"first","12":"instock","13":"taxable","14":"shipping-taxable","15":"purchasable","16":"product-type-variable"},"jetpack_sharing_enabled":true,"_links":{"self":[{"href":"https:\/\/urbex.direct\/es\/wp-json\/wp\/v2\/product\/61824","targetHints":{"allow":["GET"]}}],"collection":[{"href":"https:\/\/urbex.direct\/es\/wp-json\/wp\/v2\/product"}],"about":[{"href":"https:\/\/urbex.direct\/es\/wp-json\/wp\/v2\/types\/product"}],"wp:featuredmedia":[{"embeddable":true,"href":"https:\/\/urbex.direct\/es\/wp-json\/wp\/v2\/media\/61828"}],"wp:attachment":[{"href":"https:\/\/urbex.direct\/es\/wp-json\/wp\/v2\/media?parent=61824"}],"wp:term":[{"taxonomy":"product_brand","embeddable":true,"href":"https:\/\/urbex.direct\/es\/wp-json\/wp\/v2\/product_brand?post=61824"},{"taxonomy":"product_cat","embeddable":true,"href":"https:\/\/urbex.direct\/es\/wp-json\/wp\/v2\/product_cat?post=61824"},{"taxonomy":"product_tag","embeddable":true,"href":"https:\/\/urbex.direct\/es\/wp-json\/wp\/v2\/product_tag?post=61824"}],"curies":[{"name":"wp","href":"https:\/\/api.w.org\/{rel}","templated":true}]}}