{"id":60330,"date":"2024-12-30T11:30:58","date_gmt":"2024-12-30T11:30:58","guid":{"rendered":"https:\/\/urbex.direct\/?post_type=product&#038;p=60330"},"modified":"2025-05-27T20:14:57","modified_gmt":"2025-05-27T19:14:57","slug":"urbex-map-espana-todas-las-regiones-1-ano-de-acceso","status":"publish","type":"product","link":"https:\/\/urbex.direct\/es\/product\/urbex-map-spain-all-regions-1-year-access\/","title":{"rendered":"Urbex Map Espa\u00f1a Todas las Regiones (1 A\u00f1o o 2 Accesos)"},"content":{"rendered":"<p>Este mapa contiene los siguientes lugares: <ul><li>Casa del M\u00e9dico<\/li><li>Bunkeranlage<\/li><li>Hotel Miramar<\/li><li>Villa Olivera<\/li><li>Discoteca Lapsus<\/li><li>Mas Carles<\/li><li>Castillo Jov\u00e9<\/li><li>C-65 Restaurante \/ Resto R<\/li><li>Castillo Torre<\/li><li>F\u00e1brica de tabaco<\/li><li>Preventorio Sabinosa<\/li><li>Karting<\/li><li>Hotel Les Ferreses<\/li><li>Palacio Celeste<\/li><li>Balneario Termas la Puda<\/li><li>Colonia Cementera<\/li><li>El pueblo del Japon\u00e9s \/ Japan Town<\/li><li>Base militar Loran<\/li><li>Puti Club de Carretera<\/li><li>Plaza de Toros<\/li><li>F\u00e1brica AP<\/li><li>Hostal del Gato Momificado<\/li><li>Mas\u00eda del Soldado<\/li><li>Ruina Can Busquets<\/li><li>Gasolinera A<\/li><li>Coches mimetizados con la Naturaleza \/ Camouflaged Cars<\/li><li>Hotel Panik<\/li><li>Mansi\u00f3n de los Ciervos<\/li><li>Villa Josefa<\/li><li>Casa Lila<\/li><li>La mansi\u00f3n del Crimen<\/li><li>El Mol\u00ed Vell<\/li><li>Antiguo Matadero Tordera<\/li><li>Castillo Mas Rissech<\/li><li>Mas\u00eda de las Fantas\u00edas<\/li><li>Mansi\u00f3n de los 100 a\u00f1os<\/li><li>Teneria Moderna Franco Espa\u00f1ola<\/li><li>El desv\u00e1n del Artista<\/li><li>Mansi\u00f3n del Conde<\/li><li>Estacionamiento Abandonado<\/li><li>Textil La Blava<\/li><li>Club N\u00e1utico<\/li><li>Radio Libertad<\/li><li>Mansi\u00f3n de la Mariona<\/li><li>El \u00e1tico de las sillas<\/li><li>Aquapark Sitges<\/li><li>Cementera de la Gran Cupula<\/li><li>Estaci\u00f3n de Vallcarca<\/li><li>Discoteca Central<\/li><li>Ciudad de los Muchachos<\/li><li>Fabrica de Harina Gualda<\/li><li>Chalet de la rata Muerta<\/li><li>Colonia Textil<\/li><li>Aldea perdida A<\/li><li>Casa del Piano<\/li><li>Casa Carro Blanco<\/li><li>Colonia Minera<\/li><li>Iglesia Perfecto<\/li><li>Citroen 2cv<\/li><li>Mas\u00eda N\u00famero 20<\/li><li>Mas\u00eda del 1817<\/li><li>Mansi\u00f3n con estanque<\/li><li>Mutua Abandonada<\/li><li>Piscinas con Futbolin<\/li><li>Mas\u00eda de las Monedas<\/li><li>La f\u00e1brica de los Cartuchos<\/li><li>Mansi\u00f3n de Anabelle<\/li><li>Discoteca Pach\u00e1<\/li><li>Piscinas Canad\u00e1 Park<\/li><li>Mansi\u00f3n de las ratas muertas<\/li><li>Mas\u00eda de los Templarios<\/li><li>Urbanizaci\u00f3n Abandonada<\/li><li>Mas\u00eda 1909<\/li><li>Hotel de los horrores<\/li><li>Hotel Prost\u00edbulo<\/li><li>Chiringuito de la Piscina<\/li><li>Polideportivo con piscina<\/li><li>Les Bunes<\/li><li>Peque\u00f1o bloque de pisos<\/li><li>Mansi\u00f3n y casa de los criados<\/li><li>Casa de los espectros<\/li><li>Cuarteles<\/li><li>Mansi\u00f3n con Discoteca<\/li><li>Discoteca P<\/li><li>Casa del Torero<\/li><li>Corbera de l&#039;Ebre<\/li><li>Campo de golf<\/li><li>Fabrica Abandonada<\/li><li>Mansi\u00f3n C\u00fapula<\/li><li>F\u00e1brica CE<\/li><li>Castillo Abuelo<\/li><li>Pueblo abandonado M<\/li><li>Discoteca LV<\/li><li>Carruajes<\/li><li>Hangar Coches Lekar<\/li><li>F\u00e1bricas abandonadas<\/li><li>Pueblo Abandonado NT<\/li><li>Restaurante Arrasado<\/li><li>Estacion de ferreses<\/li><li>Fabrica de Tejidos<\/li><li>Casa de molino abandonada<\/li><li>Mas\u00eda Palomas<\/li><li>Fabrica de la m\u00e1quina de imprimir<\/li><li>Casa Gioconda<\/li><li>Gran Hotel de la A<\/li><li>Chalet del Acantilado<\/li><li>Hotel Abandonado<\/li><li>La casa Fantasma<\/li><li>Restaurante El Gran Ca\u00f1\u00f3n<\/li><li>Restaurante de banquetes<\/li><li>Discoteca Tutan<\/li><li>Torre del Fang<\/li><li>Masia puede votar<\/li><li>Fuente Pirine<\/li><li>Harinera F.O.R.<\/li><li>Mas\u00eda del Vendedor<\/li><li>Colonia La Farinera<\/li><li>Mas\u00eda La Vall<\/li><li>Mas\u00eda Castellnou de la Plana<\/li><li>Mansi\u00f3n del suicida \/ El Tint<\/li><li>Poblado SR<\/li><li>Decadencia de la Mas\u00eda<\/li><li>Mas\u00eda Perdiendo el Zorrillo<\/li><li>Masia Camas Voladorad<\/li><li>Ermita<\/li><li>Mini Falangista<\/li><li>Disco MF<\/li><li>Teatre Bel<\/li><li>F\u00e1brica + Balneario<\/li><li>Mas\u00eda y Capilla Blanca<\/li><li>Fabrica de ladrillo<\/li><li>F\u00e1brica Ortopedia<\/li><li>F\u00e1brica de Embutidos<\/li><li>F\u00e1brica Qu\u00edmica<\/li><li>EL Pueblo Conejo<\/li><li>Geriatrico del Olvido<\/li><li>F\u00e1brica Intorfrisa<\/li><li>F\u00e1brica Siniestra<\/li><li>F\u00e1brica Textil<\/li><li>Hotel playa<\/li><li>Fabrica Textil Abandonada<\/li><li>Restaurante \/ Mas\u00eda abandonada<\/li><li>Discoteca Petada<\/li><li>Mas Pueblo Perdido<\/li><li>Colonia Soldevilla<\/li><li>Cabaret las \u00c1guilas<\/li><li>Fabrica del plazon<\/li><li>Escuela del se\u00f1or Antonio<\/li><li>La f\u00e1brica de la Grua<\/li><li>Discoteca Arcus<\/li><li>Discoteca H<\/li><li>Villa del 1949<\/li><li>Fabrica Textil Doble<\/li><li>F\u00e1brica del Coche<\/li><li>Fabrica piso Unico<\/li><li>Hospital del Carmen<\/li><li>Fabrica quimica el Peligro<\/li><li>Hostal Solitario<\/li><li>F\u00e1brica de las Variedades<\/li><li>Fabrica ladrillos Premium<\/li><li>Hotel Cabaret<\/li><li>Polvor\u00edn<\/li><li>F\u00e1brica Metalera<\/li><li>Piso con fitness<\/li><li>Peque\u00f1a casa de Monta\u00f1a<\/li><li>Mas\u00eda del noble<\/li><li>Mas\u00eda de la serpiente<\/li><li>Granja hist\u00f3rica<\/li><li>3 Cazas - MIG<\/li><li>La casa del viento<\/li><li>Autocares Abandonados \/ Taller<\/li><li>Mas\u00eda de las Verduras<\/li><li>Mas\u00eda Murci\u00e9lagos<\/li><li>Piscina abandonada y canchas de tenis<\/li><li>Hermita Tumbas Abandonadas<\/li><li>Mansi\u00f3n Urbex<\/li><li>Masias Gurb<\/li><li>Colonia Textil + Casas<\/li><li>Masias Oris<\/li><li>Mas\u00eda Voltrega<\/li><li>Viviendas Colonia<\/li><li>Mas\u00eda Hermita<\/li><li>Mas\u00eda Salort<\/li><li>Mas\u00eda de las Ollas<\/li><li>Finca La Porxada<\/li><li>T\u00e9rmica central<\/li><li>Antigue Casa Bodega<\/li><li>Mas\u00eda Barriles<\/li><li>Casas de los comisarios<\/li><li>Taller Motos Cl\u00e1sicas<\/li><li>Casa de las cristaleras<\/li><li>Casa de los gatos<\/li><li>Biof\u00e1brica<\/li><li>Castillo moderno<\/li><li>Can Rosis<\/li><li>Can Sol<\/li><li>La mas\u00eda del cuchillo<\/li><li>Fabrica pl\u00e1sticos del incidente<\/li><li>Hotel del Fallecido<\/li><li>Viviendas Oscuras<\/li><li>Carruaje abandonado<\/li><li>Orfanato Intacto<\/li><li>Tuneladora Metro<\/li><li>Cementerio Real Abanadonado<\/li><li>Centro Tuberculosos<\/li><li>Hibernadero Abandonado<\/li><li>Colonia Textil H<\/li><li>Campo Golf Abandonado<\/li><li>Casa de los senyores montgros<\/li><li>Casa de los abuelos<\/li><li>Piscina P<\/li><li>Casas de viejos trabajadores<\/li><li>La Villa Asombrosa<\/li><li>Monasterio H<\/li><li>Parque tem\u00e1tico Lost T<\/li><li>Hospital Abandonado<\/li><li>Matadero de C\u00f3rdoba \/ Cordoba Slaughterhouse<\/li><li>Convento LS<\/li><li>Los trenes de monta\u00f1a<\/li><li>Ciudad fantasma pagana<\/li><li>Convento Bajan<\/li><li>La granja milagrosa<\/li><li>Finca IBA<\/li><li>Gloria desvanecida<\/li><li>Torre del Castillo Peque\u00f1o<\/li><li>La industria perdida<\/li><li>Mega Mansi\u00f3n Inacabada<\/li><li>Abandoned Olive Village \/ Pueblo de olivos abandonado<\/li><li>Cementera Abandonada \/ F\u00e1brica Tim Burton<\/li><li>Tren Carcas \/ Train Carcas<\/li><li>Sala del Abismo<\/li><li>Talleres de minas \/ Mines Workshops<\/li><li>La mina del director \/ The director's mine<\/li><li>Iglesia del Cortijo<\/li><li>Mina de oro<\/li><li>Disco Aqua<\/li><li>Hotel Triton<\/li><li>Aer\u00f3dromo de monta\u00f1a<\/li><li>Esco Pueblo Perdido<\/li><li>Central el\u00e9ctrica A<\/li><li>F\u00e1brica Arag\u00f3n<\/li><li>Zuper Hotel<\/li><li>Hotel Ode<\/li><li>Casa Pino<\/li><li>Fabrica Juan<\/li><li>Casa Renco<\/li><li>Castillo de F<\/li><li>Aldea perdida de San Marcos<\/li><li>Los Planos Pueblo Perdido<\/li><li>Aldea perdida de San Miguel<\/li><li>Pueblo Perdido L<\/li><li>Aldea perdida de Yesa<\/li><li>Fabrica De Oro Y Plata<\/li><li>Balneario Jiloca<\/li><li>F\u00e1brica de Jabones<\/li><li>Bano Del Rey<\/li><li>Casa Due\u00f1o Fabrica Oro y Plata<\/li><li>Cajas de Vichy<\/li><li>Mansi\u00f3n de la Carretera<\/li><li>Polideportivo<\/li><li>Casa cubierta de maleza<\/li><li>La asombrosa ruina \/ The Amazing Ruin<\/li><li>La Casa del Pilar<\/li><li>Fabrica de Porcelana<\/li><li>Complejo Residencial<\/li><li>Ba\u00f1o Japonesa \/ Japanese Bathroom Maison Heaven<\/li><li>Antigua UCA Asturias<\/li><li>La antigua piscifactor\u00eda<\/li><li>Sanatorio rojo y amarillo \/ Sanatorium Red and Yellow<\/li><li>Casa Templaria<\/li><li>La aldea de los gnomos<\/li><li>La aldea de los gnomos 2<\/li><li>Oscuridad profunda<\/li><li>Fuerte Calvi\u00e0<\/li><li>Hotel Vallgornera<\/li><li>Nova Valldemossa<\/li><li>Palacio Alcudia<\/li><li>Fabrika Zagal<\/li><li>Misi\u00f3n Espacio<\/li><li>Discoteca Fort<\/li><li>Apartamentos inacabados<\/li><li>Restaurante TX \/ Restaurante Cesar<\/li><li>Torre de Otxate<\/li><li>El Caballo Perdido<\/li><li>Granja Quemada<\/li><li>Central nuclear L<\/li><li>Colegio intacto<\/li><li>Manoir S<\/li><li>Casa Persiana<\/li><li>Castillo Peque\u00f1o<\/li><li>Casa pais vasco<\/li><li>Torre del Pajarito \/ Bird Tower Maison<\/li><li>Bodega del eco<\/li><li>Antena parab\u00f3lica antigua<\/li><li>La Iglesia del Sanatorio de Abades<\/li><li>Hotel Anjaza \/ Hotel Y<\/li><li>Hotel Fajana \/ Hotel Neptune<\/li><li>Hacienda<\/li><li>Iglesia Levator<\/li><li>Hotel Azu<\/li><li>Barco BT<\/li><li>Presa perdida<\/li><li>Aldea perdida LF<\/li><li>Presa perdida 2<\/li><li>Hotel Skeleton<\/li><li>Pianos Manoir Santos<\/li><li>Villacreces Pueblo<\/li><li>Iglesia de la Fuente<\/li><li>F\u00e1brica de Az\u00facar<\/li><li>F\u00e1brica Harinas<\/li><li>Pir\u00e1mide Italiana<\/li><li>Sanatorio de V<\/li><li>Colonia infantil General Varela<\/li><li>Laboratorio fotogr\u00e1fico<\/li><li>F\u00e1brica S<\/li><li>Casa de los criados<\/li><li>Fabrica de Papel<\/li><li>Casa La Botica<\/li><li>Escuela Regina Pacis<\/li><li>Celda 211<\/li><li>La mansi\u00f3n de los pintores<\/li><li>Molino fantasma<\/li><li>Gasolinera fantasma<\/li><li>Club Jen<\/li><li>F\u00e1brica derrumbada \/ Collapsed Factory<\/li><li>La estaci\u00f3n fantasma<\/li><li>la siguiente parada<\/li><li>Granja solitaria \/ Lonely Farm<\/li><li>La gasolinera de la vieja escuela \/ The Oldschool Gas Station<\/li><li>The Coal and Iron Mine \/ La mina de carb\u00f3n y hierro<\/li><li>Los cuarteles en el bosque \/ The Barracks in the Forest<\/li><li>Ciudad fantasma C<\/li><li>F\u00e1brica de arbustos<\/li><li>La mina de la muerte \/ The Death Mine<\/li><li>La mina de la muerte \/ The Death Mine 2<\/li><li>La mina de la muerte \/ The Death Mine 3<\/li><li>Villar, ciudad fantasma<\/li><li>The Big Mine Machine \/ La gran m\u00e1quina minera<\/li><li>La casa de la mina abandonada<\/li><li>Hotel at the Water \/ Hotel en el agua<\/li><li>El Pueblo M\u00e1gico de la Frontera<\/li><li>Casa Estaban<\/li><li>The Mining Age of Tungston 1<\/li><li>The Mining Age of Tungston 2<\/li><li>F\u00e1brica KK<\/li><li>El Club K<\/li><li>Carga de carb\u00f3n<\/li><li>Antigua planta de minerales<\/li><li>Mina Esmeralda<\/li><li>Hotel Milenial<\/li><li>Casa El Campillo<\/li><li>Desv\u00edo mortal<\/li><li>Convento de la Florida<\/li><li>Casa Di Aduala<\/li><li>F\u00e1brica de la naturaleza<\/li><li>Estaci\u00f3n sin v\u00eda<\/li><li>Lost Forever\/ Perdido para siempre<\/li><li>Sanatorio de Oza<\/li><li>Casas B<\/li><li>La boite de las mil Vidrieras \/ Macrodiscoteca la Vidriera<\/li><li>Ciudad del Circo<\/li><li>Castello Grido<\/li><li>La F\u00e1brica en la playa 1<\/li><li>La F\u00e1brica en la playa 2<\/li><li>Ceramic Plant Ramon \/ Planta de Cer\u00e1mica Ramon<\/li><li>Maison Moldy Piano \/ Maison Gestapo<\/li><li>Old car house \/ Casa de coches antiguos<\/li><li>The Watermill Factory \/ La f\u00e1brica de molinos de agua<\/li><li>El viejo complejo<\/li><li>Ghost Town SV \/ Ciudad fantasma SV<\/li><li>Shutter House \/ Casa de persianas<\/li><li>Casa de la arboleda<\/li><li>Casa Boen<\/li><li>Casa Veranda<\/li><li>Casa Bell<\/li><li>La gran prisi\u00f3n<\/li><li>F\u00e1brica de ata\u00fades<\/li><li>Arte de la cer\u00e1mica<\/li><li>Seafront Batteries \/ Bater\u00edas frente al mar<\/li><li>SS Graffity Base \/ Base de graffiti SS<\/li><li>Bakery Company \/ Compa\u00f1\u00eda de panader\u00eda<\/li><li>La casa de las plantas<\/li><li>Aldea Mansion \/ Mansi\u00f3n Aldea<\/li><li>Maison Blink \/ Casa Blink<\/li><li>Swimming Pool Factory \/ F\u00e1brica de piscinas<\/li><li>The Vegitation House \/ La casa de la vegetaci\u00f3n<\/li><li>The Little House \/ La casita<\/li><li>Granja M\u00f3nica \/ Granja M\u00f3nica<\/li><li>Barandilla de la casa \/ Maison Guardrail<\/li><li>La Rioja Pueblo Perdido<\/li><li>Discoteca a\u00f1os 70-80s \/ Isla Club<\/li><li>Bodegas Breton<\/li><li>Restaurante de bodas<\/li><li>Club de Alterne<\/li><li>Capilla del 1879<\/li><li>Seminario de los Padres Escolapios<\/li><li>El pueblo del vino<\/li><li>Chalet moderno<\/li><li>Sanatorio de la Marina<\/li><li>Palacio P\u00edo<\/li><li>Convento de los graffitis<\/li><li>Estacion las infantas<\/li><li>El Alamin<\/li><li>Cuartel militar abandonado<\/li><li>Parque de Arag\u00f3n<\/li><li>Pabellones para jinetes<\/li><li>Hospital Oncol\u00f3gico<\/li><li>Casa de las sillas<\/li><li>Casa del soldado<\/li><li>Gran Teatro Abandonado<\/li><li>Mansi\u00f3n \u00e1rabe<\/li><li>Hospital S<\/li><li>Residencia de Ancianos<\/li><li>Casa de juegos de mesa<\/li><li>Casa 13<\/li><li>The Amazing Villa \/ La villa asombrosa<\/li><li>Piscina M<\/li><li>Mina Maza<\/li><li>Ca\u00f1ones de guerra<\/li><li>Iglesia de los Trabajadores<\/li><li>Lavadero de minerales de la mafia<\/li><li>Mina Gold Rush<\/li><li>Restos mineros dist\u00f3picos<\/li><li>Hotel Consul<\/li><li>El mercado oscuro<\/li><li>Ruina del Viejo Cura<\/li><li>Castillo de Aso<\/li><li>Ciudad fantasma Todos<\/li><li>Granja de olivos derrumbada<\/li><li>F\u00e1brica de armas de Ruinas<\/li><li>Fuerte de guerra<\/li><li>Estaci\u00f3n de tren C perdida<\/li><li>Aserradero<\/li><li>Hotel H<\/li><li>Fabrica bidones<\/li><li>Tienda de muestras<\/li><li>Psiquiatrico de Cheste<\/li><li>Mas Blau<\/li><li>Preventorio Aguas de Busot<\/li><li>F\u00e1brica de mu\u00f1ecas de porcelana<\/li><li>Colonia de S E<\/li><li>Palacete Modernista<\/li><li>Balneario<\/li><li>Central T\u00e9rmica<\/li><li>Antigua F\u00e1brica de Conservas<\/li><li>Villa Pepito<\/li><li>Polvor\u00edn Turia<\/li><li>Antigua Cementera<\/li><li>Discoteca 80's<\/li><li>Fabrica de Papel<\/li><li>Mansi\u00f3n 1878<\/li><li>Palacio Arabe \/ Arab Palace<\/li><li>Hotel de Hormig\u00f3n<\/li><li>Maison Doctor<\/li><li>Abandonado Hospital de Leprosos<\/li><\/ul><\/p>","protected":false},"excerpt":{"rendered":"<p>Este mapa urbex le ofrece todos los lugares de exploraci\u00f3n urbana (urbex) en<strong> Espa\u00f1a, Todas las regiones. <\/strong>Este mapa de lugares perdidos permanecer\u00e1 actualizado y accesible durante al menos 365 d\u00edas despu\u00e9s de la compra. <\/p>\n<p>This map has currently 455 of the most unique urban exploring locations in Spain: Catalonia and is accessible from anywhere with our easy to use map<strong>. <\/p>\n<p><\/strong><strong>Si ya tiene este paquete, puede acceder a \u00e9l a trav\u00e9s de <a href=\"\/es\/mi-cuenta-2\/area-de-miembros\/43905\/mi-contenido-de-afiliacion\/\">Mis mapas &gt; Ver.<\/a><\/strong> <a href=\"#tab-description\">Lista de todas las ubicaciones de Urbex en este mapa.<\/a><\/p>","protected":false},"featured_media":60548,"template":"","meta":[],"product_brand":[],"product_cat":[322,1139,282],"product_tag":[],"class_list":{"0":"post-60330","1":"product","2":"type-product","3":"status-publish","4":"has-post-thumbnail","6":"product_cat-location-packs","7":"product_cat-maps-spain","8":"product_cat-spain","10":"first","11":"instock","12":"taxable","13":"shipping-taxable","14":"purchasable","15":"product-type-variable"},"jetpack_sharing_enabled":true,"_links":{"self":[{"href":"https:\/\/urbex.direct\/es\/wp-json\/wp\/v2\/product\/60330","targetHints":{"allow":["GET"]}}],"collection":[{"href":"https:\/\/urbex.direct\/es\/wp-json\/wp\/v2\/product"}],"about":[{"href":"https:\/\/urbex.direct\/es\/wp-json\/wp\/v2\/types\/product"}],"wp:featuredmedia":[{"embeddable":true,"href":"https:\/\/urbex.direct\/es\/wp-json\/wp\/v2\/media\/60548"}],"wp:attachment":[{"href":"https:\/\/urbex.direct\/es\/wp-json\/wp\/v2\/media?parent=60330"}],"wp:term":[{"taxonomy":"product_brand","embeddable":true,"href":"https:\/\/urbex.direct\/es\/wp-json\/wp\/v2\/product_brand?post=60330"},{"taxonomy":"product_cat","embeddable":true,"href":"https:\/\/urbex.direct\/es\/wp-json\/wp\/v2\/product_cat?post=60330"},{"taxonomy":"product_tag","embeddable":true,"href":"https:\/\/urbex.direct\/es\/wp-json\/wp\/v2\/product_tag?post=60330"}],"curies":[{"name":"wp","href":"https:\/\/api.w.org\/{rel}","templated":true}]}}