{"id":58422,"date":"2024-09-10T20:01:55","date_gmt":"2024-09-10T19:01:55","guid":{"rendered":"https:\/\/urbex.direct\/?post_type=product&#038;p=58422"},"modified":"2025-05-17T00:06:26","modified_gmt":"2025-05-16T23:06:26","slug":"urbex-map-portugal-todas-las-regiones-1-ano-de-acceso","status":"publish","type":"product","link":"https:\/\/urbex.direct\/es\/product\/urbex-map-portugal-all-regions-1-year-access\/","title":{"rendered":"Urbex Map Portugal Todas las regiones (1 o 2 a\u00f1os de acceso)"},"content":{"rendered":"<p>Este mapa contiene los siguientes lugares: <ul><li>Fazenda Silvares<\/li><li>Villa Sacoor<\/li><li>Palacio de los Sue\u00f1os \/ Villa de los Sue\u00f1os<\/li><li>Castelo da DC<\/li><li>Casa Bonita<\/li><li>Monasterio embrujado \/ Mosteiro Assombrado<\/li><li>Mansi\u00f3n rosa<\/li><li>El granero sin tejado \/ O Celeiro Sem Teto<\/li><li>El granero escondido<\/li><li>Casa Ronaldo<\/li><li>Presupuesto de demolici\u00f3n perdido<\/li><li>La casa de playa olvidada \/ A casa de praia esquecida<\/li><li>Ruinas en Papel<\/li><li>Palacio Fonte da Pipa<\/li><li>Fazenda sem Telhado<\/li><li>Parque acu\u00e1tico perdido 2<\/li><li>Hotel Golfinho<\/li><li>Playa Ruine<\/li><li>Terreno de acampada<\/li><li>Convento en la playa<\/li><li>Convento de San Francisco<\/li><li>Celeiro com vista<\/li><li>Fazenda 125 \/ Granja 125<\/li><li>2 Fazendas da Rep\u00fablica \/ 2 Granjas de la Rep\u00fablica<\/li><li>Ru\u00edna Musical<\/li><li>Las ruinas pac\u00edficas<\/li><li>A f\u00e1brica vermelha \/ La f\u00e1brica roja<\/li><li>O grande pavilh\u00e3o de ca\u00e7a \/ El gran pabell\u00f3n de caza<\/li><li>Hotel Maze Runner<\/li><li>Palacio L<\/li><li>Barcos antiguos<\/li><li>En\u00f3logo Portugu\u00eas<\/li><li>Asilo mayo<\/li><li>Casa pequena sem telhado \/ Casa peque\u00f1a sin tejado<\/li><li>Aqualand<\/li><li>Convento FDM<\/li><li>Dr. Mena Villa<\/li><li>Casa Anha<\/li><li>Capilla Celeste<\/li><li>Vivenda Guimar\u00e3es<\/li><li>Quinta do Minhoto<\/li><li>Casa Eusibio<\/li><li>Casa Tavio<\/li><li>Casa Sophia<\/li><li>A antiga institui\u00e7\u00e3o psiqui\u00e1trica \/ La antigua instituci\u00f3n psiqui\u00e1trica<\/li><li>Casa Perdita<\/li><li>Vecinos desmesurados<\/li><li>Quinta com Capela \/ Granja con Capilla<\/li><li>O Segredo da Colina \/ El secreto de la colina<\/li><li>As capelas rochosas<\/li><li>Hotel com vista para o mar\/ Hotel con vistas al mar<\/li><li>Ventanas Torcidas \/ Janelas Tortas<\/li><li>Casa Jes\u00fas<\/li><li>Ru\u00edna Dupla<\/li><li>La fiesta del vino<\/li><li>Casa con vistas al mar<\/li><li>F\u00e1brica S\u00e3o<\/li><li>Hotel da Foz<\/li><li>La antigua escuela cat\u00f3lica<\/li><li>Mansi\u00f3n Abigael<\/li><li>Granja Nowhere<\/li><li>Bosque en casa<\/li><li>Motel en la colina<\/li><li>Cripta<\/li><li>Seminario T<\/li><li>Casa Chelo<\/li><li>Arruinar Palmeira<\/li><li>Sanatorio de Valongo<\/li><li>Villa Coraz\u00f3n de Le\u00f3n<\/li><li>Cripta con ata\u00fades<\/li><li>Mansi\u00f3n oz brasile\u00f1a \/ Mans\u00e3o das Pinturas<\/li><li>Casa Azul<\/li><li>Dominico Villa<\/li><li>Casa Manuelina Da Foz<\/li><li>Parque RAF<\/li><li>Casa Nes<\/li><li>Fuedo CA<\/li><li>Antiga F\u00e1brica<\/li><li>Universidade Abandonada<\/li><li>Quinta das \u00c1guias<\/li><li>Tanques de almacenamiento<\/li><li>Escola Afonso Domingues<\/li><li>Panor\u00e2mico de Monsanto<\/li><li>Laboratorio de patolog\u00eda<\/li><li>Hospital Barro<\/li><li>Termas Sizandro<\/li><li>O galp\u00e3o de carros \/ El cobertizo de los coches<\/li><li>Casa Do violino<\/li><li>Casa Colomb<\/li><li>Casa Isac<\/li><li>Palacia Farro<\/li><li>Casas Blue Gates<\/li><li>Casa Joao<\/li><li>Cidade Fantasma AB<\/li><li>Casa Amarela<\/li><li>Casa de campo en colapso<\/li><li>F\u00e1brica y Campo Deportivo<\/li><li>As ru\u00ednas da igreja de 30 anos \/ Las ruinas de la iglesia de 30 a\u00f1os<\/li><li>Asilo y Ru\u00edna<\/li><li>Casa Santa Rita<\/li><li>Sanat\u00f3rio AG<\/li><li>Ferme Carro Branco \/ Ferme Carro Blanco<\/li><li>La f\u00e1brica de bolas<\/li><li>A fazenda no vazio \/ La granja en medio de la nada<\/li><li>A f\u00e1brica no rio \/ La f\u00e1brica en el r\u00edo<\/li><li>Casa Soluto<\/li><li>A bela fachada \/ La bella fachada<\/li><li>Garagem de Carro Abandonada \/ Abandoned Car Garage<\/li><li>Resort inacabado \/ Unfinished Resort<\/li><li>Teatro Avenida<\/li><li>Palace Fairy Tales \/ Palacio Conde De Sucena<\/li><li>Casa CDS<\/li><li>Usine Coima<\/li><li>Casa Azul \/ Maison Victoria<\/li><li>Mansi\u00f3n del Profesor<\/li><li>Casa Da Silva<\/li><li>La Mansi\u00f3n Gris<\/li><li>La Villa del Arte Rosa<\/li><li>Discoteca Green Hill<\/li><li>Hotel P<\/li><li>Green Hotel \/ Hotel Verde<\/li><li>Casa Gargarine<\/li><li>Boate Noche estrellada<\/li><li>O para\u00edso de deslizamentos Inacabado<\/li><li>Sanatorio de Caramulo<\/li><li>Ruinas de Palacio<\/li><li>Casa Lo<\/li><li>Antigo Hotel Av<\/li><li>La Casa del Piano<\/li><li>Casa Isma \/ Casa Isma<\/li><li>Overgrown Train Dispatcher<\/li><li>Termas de oto\u00f1o<\/li><li>El antiguo palacio termal<\/li><li>Piscina a la vista<\/li><li>Complejo Breakwater<\/li><li>Piscifactor\u00eda Oceanview<\/li><li>Hotel MP<\/li><li>Forte da Baleia<\/li><li>Quinta del pianista<\/li><li>Vila das duas colunas<\/li><li>Villa ALV<\/li><li>Hospital Infantil \/ Children's Hospital<\/li><li>Palacio de las Esculturas<\/li><li>Tres vilas<\/li><li>Palacio Oblivion<\/li><li>Casa BA \/ Villa Pink<\/li><li>F\u00e1brica de cer\u00e1mica<\/li><li>F\u00e1brica de Coselhas<\/li><li>Mosteiro di V<\/li><li>Discoteca Lamarosa<\/li><li>A F\u00e1brica de Papel<\/li><li>Piscina con toboganes<\/li><li>Palacio Salazar<\/li><li>Casa Nueva Vida \/ Casa Nova Vida<\/li><li>O antigo armaz\u00e9m \/ El viejo almac\u00e9n<\/li><li>Junkie House \/ Casa do Junkie<\/li><li>F\u00e1brica PO<\/li><li>Termas Aguas<\/li><li>Casa Real<\/li><li>Aquaparc \/ Tobog\u00e1n seco<\/li><li>Ruinas MDH<\/li><li>La peque\u00f1a choza<\/li><li>Pecio Beja<\/li><li>Cappela V<\/li><li>Convento MFD<\/li><li>Usine Villa No<\/li><li>Igreja Matt<\/li><\/ul><\/p>","protected":false},"excerpt":{"rendered":"<p>Este mapa urbex le ofrece todos los lugares de exploraci\u00f3n urbana (urbex) en <strong>Portugal, Todas las regiones<\/strong><strong>.<\/strong> Este mapa de lugares perdidos permanecer\u00e1 actualizado y accesible durante al menos 365 d\u00edas despu\u00e9s de la compra.<\/p>\n<p>This map has currently 167 of the most unique urban exploring locations in Portugal and is accessible from anywhere with our easy to use map<strong>. <\/p>\n<p><\/strong><strong>Si ya tiene este paquete, puede acceder a \u00e9l a trav\u00e9s de <\/strong><a href=\"\/es\/mi-cuenta-2\/area-de-miembros\/43905\/mi-contenido-de-afiliacion\/\"><strong>Mis mapas &gt; Ver.<\/strong><\/a> <\/p>\n<p><a href=\"#tab-description\">Lista de todas las ubicaciones de Urbex en este mapa.<\/a><\/p>","protected":false},"featured_media":58433,"template":"","meta":[],"product_brand":[],"product_cat":[325,322,1376],"product_tag":[],"class_list":{"0":"post-58422","1":"product","2":"type-product","3":"status-publish","4":"has-post-thumbnail","6":"product_cat-portugal","7":"product_cat-location-packs","8":"product_cat-maps-portugal","10":"first","11":"instock","12":"taxable","13":"shipping-taxable","14":"purchasable","15":"product-type-variable"},"jetpack_sharing_enabled":true,"_links":{"self":[{"href":"https:\/\/urbex.direct\/es\/wp-json\/wp\/v2\/product\/58422","targetHints":{"allow":["GET"]}}],"collection":[{"href":"https:\/\/urbex.direct\/es\/wp-json\/wp\/v2\/product"}],"about":[{"href":"https:\/\/urbex.direct\/es\/wp-json\/wp\/v2\/types\/product"}],"wp:featuredmedia":[{"embeddable":true,"href":"https:\/\/urbex.direct\/es\/wp-json\/wp\/v2\/media\/58433"}],"wp:attachment":[{"href":"https:\/\/urbex.direct\/es\/wp-json\/wp\/v2\/media?parent=58422"}],"wp:term":[{"taxonomy":"product_brand","embeddable":true,"href":"https:\/\/urbex.direct\/es\/wp-json\/wp\/v2\/product_brand?post=58422"},{"taxonomy":"product_cat","embeddable":true,"href":"https:\/\/urbex.direct\/es\/wp-json\/wp\/v2\/product_cat?post=58422"},{"taxonomy":"product_tag","embeddable":true,"href":"https:\/\/urbex.direct\/es\/wp-json\/wp\/v2\/product_tag?post=58422"}],"curies":[{"name":"wp","href":"https:\/\/api.w.org\/{rel}","templated":true}]}}