{"id":57995,"date":"2024-08-20T16:07:19","date_gmt":"2024-08-20T15:07:19","guid":{"rendered":"https:\/\/urbex.direct\/?post_type=product&#038;p=57995"},"modified":"2024-08-20T16:14:18","modified_gmt":"2024-08-20T15:14:18","slug":"urbex-map-france-occitanie-herault-34-1-ano-de-acceso","status":"publish","type":"product","link":"https:\/\/urbex.direct\/es\/product\/urbex-map-france-occitanie-herault-34-1-year-access\/","title":{"rendered":"Urbex Map France, Occitanie: H\u00e9rault (34) (1 a\u00f1o de acceso)"},"content":{"rendered":"<p>Este mapa contiene los siguientes lugares:<br><br><ul><li>Sanatorio Michel Peiry<\/li><li>Cueva Coop\u00e9ratie<\/li><li>Castillo Halabi<\/li><li>Pensi\u00f3n Joseph Vacher<\/li><li>Casa del Inventor<\/li><li>Casa Hant\u00e9e<\/li><li>Castillo BN<\/li><li>Usine x Depollution<\/li><li>Los pianos del campo<\/li><li>Usine Vieille Voitures<\/li><li>Centro de educaci\u00f3n<\/li><li>Maison RIP<\/li><li>Usine Hold<\/li><li>Rosa Redidence<\/li><li>Manoir de la tour<\/li><li>V\u00e9hicules de la police am\u00e9ricaine<\/li><li>Les ruines du moulin<\/li><li>Ciudad fantasma 34<\/li><li>Colonie Lod<\/li><li>Otra ciudad fantasma 34<\/li><li>Domaine Espa \/ Le domaine des Fusiliers<\/li><\/ul><\/p>","protected":false},"excerpt":{"rendered":"<p>Este mapa urbex le ofrece todos los lugares de exploraci\u00f3n urbana (urbex) en<strong> Francia, <\/strong><strong>Occitanie<\/strong><strong>: H\u00e9rault (34).<\/strong> Este mapa de lugares perdidos permanecer\u00e1 actualizado y accesible durante al menos 365 d\u00edas despu\u00e9s de la compra.<\/p>\n<p>Este mapa tiene actualmente 21 de los lugares m\u00e1s singulares de exploraci\u00f3n urbana en Francia, Occitanie: H\u00e9rault (34) y es accesible desde cualquier lugar con nuestro mapa f\u00e1cil de usar<strong>.<\/strong> <\/p>\n<p><strong>Si ya tiene este paquete, puede acceder a \u00e9l a trav\u00e9s de <a href=\"\/es\/mi-cuenta-2\/area-de-miembros\/43905\/mi-contenido-de-afiliacion\/\">Mis mapas &gt; Ver.<\/a><\/strong> <\/p>\n<p><a href=\"#tab-description\">Lista de todas las ubicaciones de Urbex en este mapa.<\/a><\/p>","protected":false},"featured_media":57999,"template":"","meta":[],"product_brand":[],"product_cat":[226,1087,236],"product_tag":[],"class_list":{"0":"post-57995","1":"product","2":"type-product","3":"status-publish","4":"has-post-thumbnail","6":"product_cat-france","7":"product_cat-herault-34","8":"product_cat-occitanie","10":"first","11":"instock","12":"taxable","13":"shipping-taxable","14":"purchasable","15":"product-type-simple"},"jetpack_sharing_enabled":true,"_links":{"self":[{"href":"https:\/\/urbex.direct\/es\/wp-json\/wp\/v2\/product\/57995","targetHints":{"allow":["GET"]}}],"collection":[{"href":"https:\/\/urbex.direct\/es\/wp-json\/wp\/v2\/product"}],"about":[{"href":"https:\/\/urbex.direct\/es\/wp-json\/wp\/v2\/types\/product"}],"wp:featuredmedia":[{"embeddable":true,"href":"https:\/\/urbex.direct\/es\/wp-json\/wp\/v2\/media\/57999"}],"wp:attachment":[{"href":"https:\/\/urbex.direct\/es\/wp-json\/wp\/v2\/media?parent=57995"}],"wp:term":[{"taxonomy":"product_brand","embeddable":true,"href":"https:\/\/urbex.direct\/es\/wp-json\/wp\/v2\/product_brand?post=57995"},{"taxonomy":"product_cat","embeddable":true,"href":"https:\/\/urbex.direct\/es\/wp-json\/wp\/v2\/product_cat?post=57995"},{"taxonomy":"product_tag","embeddable":true,"href":"https:\/\/urbex.direct\/es\/wp-json\/wp\/v2\/product_tag?post=57995"}],"curies":[{"name":"wp","href":"https:\/\/api.w.org\/{rel}","templated":true}]}}