{"id":57955,"date":"2024-08-20T14:57:07","date_gmt":"2024-08-20T13:57:07","guid":{"rendered":"https:\/\/urbex.direct\/?post_type=product&#038;p=57955"},"modified":"2024-08-20T15:52:13","modified_gmt":"2024-08-20T14:52:13","slug":"urbex-map-france-occitanie-gard-30-1-ano-de-acceso","status":"publish","type":"product","link":"https:\/\/urbex.direct\/es\/product\/urbex-map-france-occitanie-gard-30-1-year-access\/","title":{"rendered":"Mapa Urbex Francia, Occitanie: Gard (30) (1 a\u00f1o de acceso)"},"content":{"rendered":"<p>Este mapa contiene los siguientes lugares:<\/p>\n\n\n<ul><li>Apartamentos Castellas<\/li><li>Hospital Erno Soto<\/li><li>Maison R<\/li><li>Maison Poup\u00e9es Voodoo<\/li><li>Casa de las Serpientes<\/li><li>Ch\u00e2teau Petit<\/li><li>Hopital Rochelle<\/li><li>Discoteca Oriental<\/li><li>Maison de la Mine<\/li><li>La colonia militar<\/li><li>Restaurante y Club D<\/li><li>Gare en for\u00eat \/ Estaci\u00f3n forestal<\/li><li>Le four \u00e0 chaux oubli\u00e9 \/ El horno de cal olvidado<\/li><li>Les anciens thermes dans la for\u00eat \/ Las antiguas termas del bosque<\/li><li>Castillo de Sauvage<\/li><li>Ruine Argen<\/li><li>Les 3 ruines ensemble \/ Las 3 ruinas juntas<\/li><\/ul>","protected":false},"excerpt":{"rendered":"<p>Este mapa urbex le ofrece todos los lugares de exploraci\u00f3n urbana (urbex) en<strong> Francia, <\/strong><strong>Occitanie<\/strong><strong>: Gard (30).<\/strong> Este mapa de lugares perdidos permanecer\u00e1 actualizado y accesible durante al menos 365 d\u00edas despu\u00e9s de la compra. <\/p>\n<p>Este mapa tiene actualmente 17 de los lugares m\u00e1s singulares de exploraci\u00f3n urbana en Francia, Occitanie: Gard (30) y es accesible desde cualquier lugar con nuestro mapa f\u00e1cil de usar<strong>.<\/strong> <\/p>\n<p><strong>Si ya tiene este paquete, puede acceder a \u00e9l a trav\u00e9s de <a href=\"\/es\/mi-cuenta-2\/area-de-miembros\/43905\/mi-contenido-de-afiliacion\/\">Mis mapas &gt; Ver.<\/a><\/strong> <\/p>\n<p><a href=\"#tab-description\">Lista de todas las ubicaciones de Urbex en este mapa.<\/a><\/p>","protected":false},"featured_media":57959,"template":"","meta":[],"product_brand":[],"product_cat":[226,1086,322,1135,1346,236],"product_tag":[],"class_list":{"0":"post-57955","1":"product","2":"type-product","3":"status-publish","4":"has-post-thumbnail","6":"product_cat-france","7":"product_cat-gard-30","8":"product_cat-location-packs","9":"product_cat-maps-france","10":"product_cat-maps-occitanie","11":"product_cat-occitanie","13":"first","14":"instock","15":"taxable","16":"shipping-taxable","17":"purchasable","18":"product-type-simple"},"jetpack_sharing_enabled":true,"_links":{"self":[{"href":"https:\/\/urbex.direct\/es\/wp-json\/wp\/v2\/product\/57955","targetHints":{"allow":["GET"]}}],"collection":[{"href":"https:\/\/urbex.direct\/es\/wp-json\/wp\/v2\/product"}],"about":[{"href":"https:\/\/urbex.direct\/es\/wp-json\/wp\/v2\/types\/product"}],"wp:featuredmedia":[{"embeddable":true,"href":"https:\/\/urbex.direct\/es\/wp-json\/wp\/v2\/media\/57959"}],"wp:attachment":[{"href":"https:\/\/urbex.direct\/es\/wp-json\/wp\/v2\/media?parent=57955"}],"wp:term":[{"taxonomy":"product_brand","embeddable":true,"href":"https:\/\/urbex.direct\/es\/wp-json\/wp\/v2\/product_brand?post=57955"},{"taxonomy":"product_cat","embeddable":true,"href":"https:\/\/urbex.direct\/es\/wp-json\/wp\/v2\/product_cat?post=57955"},{"taxonomy":"product_tag","embeddable":true,"href":"https:\/\/urbex.direct\/es\/wp-json\/wp\/v2\/product_tag?post=57955"}],"curies":[{"name":"wp","href":"https:\/\/api.w.org\/{rel}","templated":true}]}}