{"id":57761,"date":"2024-08-10T16:09:22","date_gmt":"2024-08-10T15:09:22","guid":{"rendered":"https:\/\/urbex.direct\/?post_type=product&#038;p=57761"},"modified":"2024-08-10T16:18:31","modified_gmt":"2024-08-10T15:18:31","slug":"urbex-map-france-grand-est-meurthe-et-moselle-54-1-ano-de-acceso","status":"publish","type":"product","link":"https:\/\/urbex.direct\/es\/product\/urbex-map-france-grand-est-meurthe-et-moselle-54-1-year-access\/","title":{"rendered":"Mapa Urbex Francia, Grand Est: Meurthe-et-Moselle (54) (1 a\u00f1o de acceso)"},"content":{"rendered":"<p>Este mapa contiene los siguientes lugares:<\/p>\n\n\n<ul><li>Castillo Ravinel<\/li><li>Sanatorio Simone Weber<\/li><li>Bunker Cr<\/li><li>Usine Scaf Oner 2.0<\/li><li>Pneus et cendres<\/li><li>Restaurante Chino<\/li><li>Casa Gonz\u00e1lez<\/li><li>Casa HangMan<\/li><li>Usine air liquide<\/li><li>Bolsa Maison<\/li><li>Casa Houpelle<\/li><li>Cocina Maison<\/li><li>Casa del escultor<\/li><li>Casa Casper<\/li><li>Maison Turquoise<\/li><li>Casa Binouze<\/li><li>Explosi\u00f3n del Fuerte B<\/li><li>El Gran Cuartel de la Paz<\/li><li>Le mauvais chenil<\/li><li>Alto horno ca\u00eddo \/ HFC<\/li><li>Oficina de Overgrown<\/li><li>Usine pluvieuse \/ Usine Rainy<\/li><li>Manoir du m\u00e9galomane<\/li><li>Fuerte de Frouard<\/li><li>Usine de Min\u00e9raux<\/li><li>Usine Gouvy<\/li><li>Casa Crocker<\/li><li>Granja de mierda<\/li><li>F\u00e1brica de papel<\/li><\/ul>","protected":false},"excerpt":{"rendered":"<p>Este mapa urbex le ofrece todos los lugares de exploraci\u00f3n urbana (urbex) en<strong> Francia, <\/strong><strong>Gran Este<\/strong><strong>: Meurthe-et-Moselle (54).<\/strong> Este mapa de lugares perdidos permanecer\u00e1 actualizado y accesible durante al menos 365 d\u00edas despu\u00e9s de la compra. <\/p>\n<p>Este mapa cuenta actualmente con 29 de los lugares de exploraci\u00f3n urbana m\u00e1s singulares de Francia, Grand Est: Meurthe-et-Moselle (54) y es accesible desde cualquier lugar con nuestro mapa f\u00e1cil de usar<strong>.<\/strong> <\/p>\n<p><strong>Si ya tiene este paquete, puede acceder a \u00e9l a trav\u00e9s de <a href=\"\/es\/mi-cuenta-2\/area-de-miembros\/43905\/mi-contenido-de-afiliacion\/\">Mis mapas &gt; Ver.<\/a> <\/p>\n<p><a href=\"#tab-description\">Lista de todas las ubicaciones de Urbex en este mapa.<\/a> <\/strong><\/p>","protected":false},"featured_media":57766,"template":"","meta":[],"product_brand":[],"product_cat":[226,231,322,1135,1341,1049],"product_tag":[],"class_list":{"0":"post-57761","1":"product","2":"type-product","3":"status-publish","4":"has-post-thumbnail","6":"product_cat-france","7":"product_cat-grand-est","8":"product_cat-location-packs","9":"product_cat-maps-france","10":"product_cat-maps-grand-est","11":"product_cat-meurthe-et-moselle-54","13":"first","14":"instock","15":"virtual","16":"taxable","17":"purchasable","18":"product-type-simple"},"jetpack_sharing_enabled":true,"_links":{"self":[{"href":"https:\/\/urbex.direct\/es\/wp-json\/wp\/v2\/product\/57761","targetHints":{"allow":["GET"]}}],"collection":[{"href":"https:\/\/urbex.direct\/es\/wp-json\/wp\/v2\/product"}],"about":[{"href":"https:\/\/urbex.direct\/es\/wp-json\/wp\/v2\/types\/product"}],"wp:featuredmedia":[{"embeddable":true,"href":"https:\/\/urbex.direct\/es\/wp-json\/wp\/v2\/media\/57766"}],"wp:attachment":[{"href":"https:\/\/urbex.direct\/es\/wp-json\/wp\/v2\/media?parent=57761"}],"wp:term":[{"taxonomy":"product_brand","embeddable":true,"href":"https:\/\/urbex.direct\/es\/wp-json\/wp\/v2\/product_brand?post=57761"},{"taxonomy":"product_cat","embeddable":true,"href":"https:\/\/urbex.direct\/es\/wp-json\/wp\/v2\/product_cat?post=57761"},{"taxonomy":"product_tag","embeddable":true,"href":"https:\/\/urbex.direct\/es\/wp-json\/wp\/v2\/product_tag?post=57761"}],"curies":[{"name":"wp","href":"https:\/\/api.w.org\/{rel}","templated":true}]}}