{"id":56966,"date":"2024-06-30T18:38:56","date_gmt":"2024-06-30T17:38:56","guid":{"rendered":"https:\/\/urbex.direct\/?post_type=product&#038;p=56966"},"modified":"2025-05-22T18:03:12","modified_gmt":"2025-05-22T17:03:12","slug":"mapa-urbex-italia-veneto-trentino-tirol-del-sur-y-friuli-venezia-giulia-1-ano-de-acceso","status":"publish","type":"product","link":"https:\/\/urbex.direct\/es\/product\/urbex-map-italy-veneto-trentino-south-tyrol-and-friuli-venezia-giulia-1-year-access\/","title":{"rendered":"Mapa Urbex Italia: V\u00e9neto, Trentino-Tirol del Sur y Friuli-Venecia Julia (1 o 2 a\u00f1os de acceso)"},"content":{"rendered":"<p>Este mapa contiene los siguientes lugares: <ul><li>Antena de F1<\/li><li>Ristorante dell&#039;aereo<\/li><li>Villa Miari<\/li><li>Isla del V\u00e9neto<\/li><li>Discoteca Miro<\/li><li>Villa della Contessa Impazzita<\/li><li>Viejo Lancia<\/li><li>Discoteca Madruga<\/li><li>Villa Cabia<\/li><li>Chiessetta Nobiliare<\/li><li>Hotel balneario<\/li><li>Chiesa O<\/li><li>Casa Alice \/ Casa Diane<\/li><li>Centro comercial Esso<\/li><li>Villa Alfred Ogwang<\/li><li>Teatro Evoluzione<\/li><li>Palacio a Sorpresa<\/li><li>Albergo Simpson<\/li><li>Campamento hippie<\/li><li>Asilo Granzette<\/li><li>Fabbrica Forti<\/li><li>Stoccaggio Alibaba<\/li><li>Fabbrica-citt\u00e0<\/li><li>Base misilistica<\/li><li>El gran albergue rico<\/li><li>Hotel Cristallo<\/li><li>Villa Astron\u00f3mica<\/li><li>Casa con balcone<\/li><li>El Monasterio Solar<\/li><li>C\u00fapula autom\u00e1tica<\/li><li>La vida de un m\u00f3naco<\/li><li>Maison De L&#039;Impagliatore<\/li><li>Base del ladro<\/li><li>La f\u00e1brica de trenes<\/li><li>Fabbrica s<\/li><li>Villa Nebbiosa<\/li><li>Antigua iglesia de San Marziala<\/li><li>Casa Malcazine<\/li><li>Villa Reliquia<\/li><li>Cappella nella foresta \/ Cappella Bianchi<\/li><li>F\u00e1brica Branco<\/li><li>Ospedale Al Mare<\/li><li>La regina della seta<\/li><li>El campo prometido<\/li><li>Caso Nosedo<\/li><li>Villa Castelnuovo<\/li><li>F\u00e1brica de comedores sociales<\/li><li>Polvor\u00edn abandonado<\/li><li>Castle Ghostories<\/li><li>Kinderheim<\/li><li>Monasterio de Santa Cruz<\/li><li>Stabilimento Alluminio<\/li><li>Albergo Montano<\/li><li>Albergo scomunicato<\/li><li>Bagni a tre Cime<\/li><li>El gigante de los bosques<\/li><li>La casa divina<\/li><li>La f\u00e1brica de salchichas<\/li><li>Casa Petrol<\/li><li>Hotel Maria Auxi<\/li><li>3 Case sulla roccia<\/li><li>Estaci\u00f3n del telef\u00e9rico de la OTAN<\/li><li>Villa Gemona<\/li><li>Cacciatori delle Alpi<\/li><li>Sorelle en Miseria<\/li><li>Casa Ikonik<\/li><li>Belleza industrial<\/li><li>Chiesa mani di Dio<\/li><\/ul><br><\/p>","protected":false},"excerpt":{"rendered":"<p>Este mapa urbex le ofrece todos los lugares de exploraci\u00f3n urbana (urbex) en <strong>Italia<\/strong><strong>, V\u00e9neto, Trentino-Tirol del Sur y Friul-Venecia Julia<\/strong><strong>.<\/strong> <\/p>\n<p>Este mapa de lugares perdidos permanecer\u00e1 actualizado y accesible durante al menos 365 d\u00edas despu\u00e9s de la compra. Este mapa tiene actualmente 68 de los lugares m\u00e1s singulares de exploraci\u00f3n urbana en Italia, V\u00e9neto, Trentino-Tirol del Sur y Friuli-Venecia Julia y es accesible desde cualquier lugar con nuestro mapa f\u00e1cil de usar<strong>. <\/strong><strong><\/p>\n<p>Si ya tiene este paquete, puede acceder a \u00e9l a trav\u00e9s de <\/strong><a href=\"\/es\/mi-cuenta-2\/area-de-miembros\/43905\/mi-contenido-de-afiliacion\/\"><strong>Mis mapas &gt; Ver.<\/strong><\/a> <\/p>\n<p><a href=\"#tab-description\">Lista de todas las ubicaciones de Urbex en este mapa.<\/a><\/p>","protected":false},"featured_media":56990,"template":"","meta":[],"product_brand":[],"product_cat":[1360,243,322,1137,251,313],"product_tag":[],"class_list":{"0":"post-56966","1":"product","2":"type-product","3":"status-publish","4":"has-post-thumbnail","6":"product_cat-friuli-venezia-giulia","7":"product_cat-italy","8":"product_cat-location-packs","9":"product_cat-maps-italy","10":"product_cat-trentino-south-tyrol","11":"product_cat-veneto-2","13":"first","14":"instock","15":"taxable","16":"shipping-taxable","17":"purchasable","18":"product-type-variable"},"jetpack_sharing_enabled":true,"_links":{"self":[{"href":"https:\/\/urbex.direct\/es\/wp-json\/wp\/v2\/product\/56966","targetHints":{"allow":["GET"]}}],"collection":[{"href":"https:\/\/urbex.direct\/es\/wp-json\/wp\/v2\/product"}],"about":[{"href":"https:\/\/urbex.direct\/es\/wp-json\/wp\/v2\/types\/product"}],"wp:featuredmedia":[{"embeddable":true,"href":"https:\/\/urbex.direct\/es\/wp-json\/wp\/v2\/media\/56990"}],"wp:attachment":[{"href":"https:\/\/urbex.direct\/es\/wp-json\/wp\/v2\/media?parent=56966"}],"wp:term":[{"taxonomy":"product_brand","embeddable":true,"href":"https:\/\/urbex.direct\/es\/wp-json\/wp\/v2\/product_brand?post=56966"},{"taxonomy":"product_cat","embeddable":true,"href":"https:\/\/urbex.direct\/es\/wp-json\/wp\/v2\/product_cat?post=56966"},{"taxonomy":"product_tag","embeddable":true,"href":"https:\/\/urbex.direct\/es\/wp-json\/wp\/v2\/product_tag?post=56966"}],"curies":[{"name":"wp","href":"https:\/\/api.w.org\/{rel}","templated":true}]}}