{"id":56962,"date":"2024-06-30T18:31:02","date_gmt":"2024-06-30T17:31:02","guid":{"rendered":"https:\/\/urbex.direct\/?post_type=product&#038;p=56962"},"modified":"2025-05-22T17:46:04","modified_gmt":"2025-05-22T16:46:04","slug":"mapa-urbex-italia-apulia-basilicata-calabria-campania-y-sicilia-1-ano-de-acceso","status":"publish","type":"product","link":"https:\/\/urbex.direct\/es\/product\/urbex-map-italy-apulia-basilicata-calabria-campania-and-sicily-1-year-access\/","title":{"rendered":"Urbex Map Italia: Apulia, Basilicata, Calabria, Campania y Sicilia (1 o 2 a\u00f1os de acceso)"},"content":{"rendered":"<p>Este mapa contiene los siguientes lugares: <ul><li>Escuela de Biolog\u00eda<\/li><li>Fabbrica Olio d&#039; Oliva<\/li><li>Villa Agora<\/li><li>Fabbrica la Biancheria Sporca<\/li><li>Fabbrica CPT<\/li><li>Villa Coni<\/li><li>Villa Uva<\/li><li>Granja abandonada<\/li><li>Destiler\u00eda Nuova<\/li><li>Tet\u00e1nico<\/li><li>Acquapark griego<\/li><li>Instituto Psicopedag\u00f3gico<\/li><li>Villa Ferrero<\/li><li>O sole mio<\/li><li>Pueblo rural abandonado<\/li><li>Miragica<\/li><li>Colegio Naval<\/li><li>Villa Cerulli Bozzi Corso<\/li><li>Iglesia de San Jorge de los Armenios<\/li><li>Sacar<\/li><li>Casa Di Molla<\/li><li>Hotel M<\/li><li>Hotel A<\/li><li>Hotel Golden<\/li><li>Villaggio Normanna<\/li><li>Villagio Iverna<\/li><li>Piscina crollata<\/li><li>Convento Episcopal<\/li><li>Impianto Chimico<\/li><li>Hotel Piana<\/li><li>Abandono del terreno<\/li><li>Casa senza finestre<\/li><li>L'oliveto<\/li><li>F\u00e1brica de cemento C<\/li><li>El gran sitio de la f\u00e1brica<\/li><li>Apartamentos no finalizados<\/li><li>L'albergo dei rifiuti \/ El hotel de los desechos<\/li><li>Casa Avati<\/li><li>Fabbrica Scarsa visibilit\u00e0<\/li><li>La fabbrica delle arance<\/li><li>L'appartamento vuoto<\/li><li>Villa Pazza<\/li><li>Fabbrica tra le strade<\/li><li>Villaggio Tocco<\/li><li>Chiessa C<\/li><li>Guardare Attraverso<\/li><li>Fabbrica Tetto Ruggine<\/li><li>Villa Inaspettato<\/li><li>Casa Mo<\/li><li>Ruderi C<\/li><li>Fabbrica A<\/li><li>Valle de los Molinos<\/li><li>Casa di Cal<\/li><li>Casa Viti<\/li><li>Villaggio Provinciale<\/li><li>Hotel de la V\u00e9suve<\/li><li>Base Nato<\/li><li>Ciudad fantasma AV<\/li><li>Chiesseta Agreste<\/li><li>Iglesia de San Antonio<\/li><li>Chiessa Madonna dil Ponte<\/li><li>Iglesia Largo Capuccini<\/li><li>La ciudad abandonada, en la ciudad abandonada<\/li><li>Villas para\u00edso verde<\/li><li>Undead Asylum Campania<\/li><li>Prison Break Campania<\/li><li>Piscina Lost Paradise<\/li><li>Convento medieval<\/li><li>Palacio Ducal<\/li><li>Ancienne Fabrique NSS<\/li><li>Hotel Eremo<\/li><li>Casa Di Spinola<\/li><li>Aldea perdida Pog<\/li><li>Miniera di solfiti<\/li><li>F\u00e1brica Coso<\/li><li>Castillo de Catarina<\/li><li>El Club del Mar<\/li><li>Ospedale Clearblue<\/li><li>La fattoria dimenticata<\/li><li>Casa Kasko<\/li><li>Fabbrica nella fattoria<\/li><li>Rovina della fattoria<\/li><li>Rovina della fattoria 2<\/li><li>La rovina sulla montagna<\/li><li>Puente y t\u00fanel de Potter abandonados<\/li><li>Casa Lofaro<\/li><li>La spa in crescita<\/li><li>Casa dell'autostrada<\/li><li>Chiesa Baro<\/li><li>Caserma Ruina Strand<\/li><li>Gran Hotel Templi<\/li><li>Castillo de Somersault<\/li><\/ul><br><\/p>","protected":false},"excerpt":{"rendered":"<p>Este mapa urbex le ofrece todos los lugares de exploraci\u00f3n urbana (urbex) en <strong>Italia<\/strong><strong>Apulia, Basilicata, Calabria, Campania y Sicilia<\/strong><strong>.<\/strong> <\/p>\n<p>Este mapa de lugares perdidos permanecer\u00e1 actualizado y accesible durante al menos 365 d\u00edas despu\u00e9s de la compra. Este mapa tiene actualmente 92 de los lugares m\u00e1s singulares de exploraci\u00f3n urbana en Italia, Apulia, Basilicata, Calabria, Campania y Sicilia y es accesible desde cualquier lugar con nuestro mapa f\u00e1cil de usar<strong>. <\/p>\n<p><\/strong><strong>Si ya tiene este paquete, puede acceder a \u00e9l a trav\u00e9s de <\/strong><a href=\"\/es\/mi-cuenta-2\/area-de-miembros\/43905\/mi-contenido-de-afiliacion\/\"><strong>Mis mapas &gt; Ver.<\/strong><\/a> <\/p>\n<p><a href=\"#tab-description\">Lista de todas las ubicaciones de Urbex en este mapa.<\/a><\/p>","protected":false},"featured_media":56980,"template":"","meta":[],"product_brand":[],"product_cat":[340,332,948,315,1356,243,322,1137],"product_tag":[],"class_list":{"0":"post-56962","1":"product","2":"type-product","3":"status-publish","4":"has-post-thumbnail","6":"product_cat-basilicata","7":"product_cat-campania","8":"product_cat-sicilie","9":"product_cat-apulia","10":"product_cat-calabria","11":"product_cat-italy","12":"product_cat-location-packs","13":"product_cat-maps-italy","15":"first","16":"instock","17":"taxable","18":"shipping-taxable","19":"purchasable","20":"product-type-variable"},"jetpack_sharing_enabled":true,"_links":{"self":[{"href":"https:\/\/urbex.direct\/es\/wp-json\/wp\/v2\/product\/56962","targetHints":{"allow":["GET"]}}],"collection":[{"href":"https:\/\/urbex.direct\/es\/wp-json\/wp\/v2\/product"}],"about":[{"href":"https:\/\/urbex.direct\/es\/wp-json\/wp\/v2\/types\/product"}],"wp:featuredmedia":[{"embeddable":true,"href":"https:\/\/urbex.direct\/es\/wp-json\/wp\/v2\/media\/56980"}],"wp:attachment":[{"href":"https:\/\/urbex.direct\/es\/wp-json\/wp\/v2\/media?parent=56962"}],"wp:term":[{"taxonomy":"product_brand","embeddable":true,"href":"https:\/\/urbex.direct\/es\/wp-json\/wp\/v2\/product_brand?post=56962"},{"taxonomy":"product_cat","embeddable":true,"href":"https:\/\/urbex.direct\/es\/wp-json\/wp\/v2\/product_cat?post=56962"},{"taxonomy":"product_tag","embeddable":true,"href":"https:\/\/urbex.direct\/es\/wp-json\/wp\/v2\/product_tag?post=56962"}],"curies":[{"name":"wp","href":"https:\/\/api.w.org\/{rel}","templated":true}]}}