{"id":56959,"date":"2024-06-30T18:26:55","date_gmt":"2024-06-30T17:26:55","guid":{"rendered":"https:\/\/urbex.direct\/?post_type=product&#038;p=56959"},"modified":"2025-05-22T17:26:11","modified_gmt":"2025-05-22T16:26:11","slug":"mapa-urbex-italia-abruzzo-lazio-marche-umbria-y-molise-1-ano-de-acceso","status":"publish","type":"product","link":"https:\/\/urbex.direct\/es\/product\/urbex-map-italy-abruzzo-lazio-marche-umbria-and-molise-1-year-access\/","title":{"rendered":"Mapa Urbex Italia: Abruzos, Lacio, Las Marcas, Umbr\u00eda y Molise (1 o 2 a\u00f1os de acceso)"},"content":{"rendered":"<p>Este mapa contiene los siguientes lugares: <ul><li>Casa Mysteria<\/li><li>Convento SM<\/li><li>Hospital CS \/ Ospedale CS<\/li><li>Centro termal<\/li><li>Villa Ranalli<\/li><li>Vilaaggio Perduto Fara<\/li><li>Notte del villaggio abbandonato<\/li><li>Villa Atelier Della Scultrice<\/li><li>Palacio del Cardenal<\/li><li>Ex Istituto Geso Devino Operaio<\/li><li>Convento B<\/li><li>Monasterio Di Fara<\/li><li>Villa Ponam<\/li><li>Pista D&#039;oro<\/li><li>Orfanotrofio Marcigliana<\/li><li>Villa Mario<\/li><li>Manicomio Psiqui\u00e1trico<\/li><li>Elixir de la aldea perdida<\/li><li>Peque\u00f1o Zoo \/ Piccolo Zoo<\/li><li>Escuela de Gigantes<\/li><li>Villa Status Quo<\/li><li>Ippodromo di Lafuente<\/li><li>Casa Sperimentale<\/li><li>Cine con estatuas<\/li><li>Fabricca SIA<\/li><li>Hotel Bonifacev<\/li><li>Cimenterie Cerrano<\/li><li>Raffineria di zucchero<\/li><li>F\u00e1brica de abastecimiento<\/li><li>Casa Scarpa<\/li><li>Castillo de los Ciclopi<\/li><li>Capannone invaso dalla vegetazione<\/li><li>Serre Aurelia 1<\/li><li>Serre Aurelia 2<\/li><li>Colonia Pyrgi<\/li><li>Octogonus<\/li><li>Mercati Centrali con gru<\/li><li>Moulin \u00c0 Huile<\/li><li>Gran Hotel Primus<\/li><li>Central Hidroel\u00e9ctrica<\/li><li>F\u00e1brica de medicamentos<\/li><li>Usine Cecconi<\/li><li>Villa su Strada<\/li><li>Piscina blanca<\/li><li>Saponificio<\/li><li>Campo Interno<\/li><li>Colonia Firenza<\/li><li>Fabbrica di Teschi<\/li><li>Hotel Nico<\/li><li>Castillo en el bosque<\/li><li>Fabbrica Mistral<\/li><li>Ferme Aux Pigeons<\/li><li>Fabricca di Mira<\/li><li>Ex Cartiera AP<\/li><li>Alloggi dei lavoratori<\/li><li>El monasterio abandonado al agua<\/li><li>Fabbrica Vita<\/li><li>Cartiera e centro congressi<\/li><li>Villa La Quiete<\/li><li>Villa Pasa<\/li><li>Villa Vina<\/li><li>Villa Botticelli<\/li><li>Iglesia del Parocco<\/li><li>Convento Corridonia<\/li><li>Aquaparc Adri\u00e1tico<\/li><li>Villa Vespa<\/li><li>Villa Dei Volatili<\/li><li>Villa Milanov<\/li><li>Villa Dei Poeti<\/li><li>Iglesia de los \u00c1ngeles<\/li><li>Disco Sophistica<\/li><li>Allenamento di calcio<\/li><li>Chiesa Verde \/ Chiesa del cane pazzo<\/li><li>La chiesa a casa<\/li><li>La chiesa rimane<\/li><li>Monastero nella nebbia<\/li><li>Discoteca Frank<\/li><li>Convento de F<\/li><li>Ospedale Gallo<\/li><li>Ristorante Della Nave<\/li><li>L&#039;hotel con 2 torri<\/li><li>Grupo motopropulsor V<\/li><li>Centrale elettrica ENEL<\/li><li>Iglesia de A<\/li><li>Villa Palma<\/li><li>La Casa Della Nonna<\/li><li>Villa Compresso<\/li><li>Estaci\u00f3n de Magazzini<\/li><li>La vecchia scuola di aviazione<\/li><li>Hotel Torre<\/li><li>Convento Verde<\/li><li>Abad\u00eda Angelo<\/li><li>Fabbrica di polveri<\/li><li>Chiesa rosa verde<\/li><li>Fortezza Ginevra<\/li><li>Villaggio della doppia chiesa<\/li><li>Matadero de palomas<\/li><li>El Burgage perdido<\/li><\/ul><br><\/p>\n\n\n\n<p><\/p>","protected":false},"excerpt":{"rendered":"<p>Este mapa urbex le ofrece todos los lugares de exploraci\u00f3n urbana (urbex) en <strong>Italia<\/strong><strong>Abruzos, Lacio, Las Marcas, Umbr\u00eda y Molise<\/strong><strong>.<\/strong> <\/p>\n<p>Este mapa de lugares perdidos permanecer\u00e1 actualizado y accesible durante al menos 365 d\u00edas despu\u00e9s de la compra. Este mapa tiene actualmente 98 de los lugares m\u00e1s singulares de exploraci\u00f3n urbana en Italia, Abruzzo, Lazio, Marche, Umbr\u00eda y Molise y es accesible desde cualquier lugar con nuestro mapa f\u00e1cil de usar<strong>. <\/p>\n<p><\/strong><strong>Si ya tiene este paquete, puede acceder a \u00e9l a trav\u00e9s de <\/strong><a href=\"\/es\/mi-cuenta-2\/area-de-miembros\/43905\/mi-contenido-de-afiliacion\/\"><strong>Mis mapas &gt; Ver.<\/strong><\/a> <\/p>\n<p><a href=\"#tab-description\">Lista de todas las ubicaciones de Urbex en este mapa.<\/a><\/p>","protected":false},"featured_media":56976,"template":"","meta":[],"product_brand":[],"product_cat":[339,243,951,322,1137,247,1362,949],"product_tag":[],"class_list":{"0":"post-56959","1":"product","2":"type-product","3":"status-publish","4":"has-post-thumbnail","6":"product_cat-abruzzen","7":"product_cat-italy","8":"product_cat-lazio","9":"product_cat-location-packs","10":"product_cat-maps-italy","11":"product_cat-marche-2","12":"product_cat-molise","13":"product_cat-umbrie","15":"first","16":"instock","17":"taxable","18":"shipping-taxable","19":"purchasable","20":"product-type-variable"},"jetpack_sharing_enabled":true,"_links":{"self":[{"href":"https:\/\/urbex.direct\/es\/wp-json\/wp\/v2\/product\/56959","targetHints":{"allow":["GET"]}}],"collection":[{"href":"https:\/\/urbex.direct\/es\/wp-json\/wp\/v2\/product"}],"about":[{"href":"https:\/\/urbex.direct\/es\/wp-json\/wp\/v2\/types\/product"}],"wp:featuredmedia":[{"embeddable":true,"href":"https:\/\/urbex.direct\/es\/wp-json\/wp\/v2\/media\/56976"}],"wp:attachment":[{"href":"https:\/\/urbex.direct\/es\/wp-json\/wp\/v2\/media?parent=56959"}],"wp:term":[{"taxonomy":"product_brand","embeddable":true,"href":"https:\/\/urbex.direct\/es\/wp-json\/wp\/v2\/product_brand?post=56959"},{"taxonomy":"product_cat","embeddable":true,"href":"https:\/\/urbex.direct\/es\/wp-json\/wp\/v2\/product_cat?post=56959"},{"taxonomy":"product_tag","embeddable":true,"href":"https:\/\/urbex.direct\/es\/wp-json\/wp\/v2\/product_tag?post=56959"}],"curies":[{"name":"wp","href":"https:\/\/api.w.org\/{rel}","templated":true}]}}