{"id":54382,"date":"2024-03-12T16:40:36","date_gmt":"2024-03-12T16:40:36","guid":{"rendered":"https:\/\/urbex.direct\/?post_type=product&#038;p=54382"},"modified":"2025-05-21T20:57:08","modified_gmt":"2025-05-21T19:57:08","slug":"mapa-de-situacion-baja-sajonia-alemania","status":"publish","type":"product","link":"https:\/\/urbex.direct\/es\/product\/location-map-lower-saxony-germany\/","title":{"rendered":"Urbex Map Alemania, Baja Sajonia (1 \u00f3 2 a\u00f1os de acceso)"},"content":{"rendered":"<p>Este mapa contiene los siguientes lugares: <ul><li>Hotel B\u00e4renstark<\/li><li>Kurklinik am Bomberg<\/li><li>Castillo de Olderhausen<\/li><li>Sprengstofffabrik Tanne<\/li><li>Villa Kunzima<\/li><li>Zucherfabrik<\/li><li>Panzers<\/li><li>Haus der S\u00e4ngerin \/ Haus der Nachtigall \/ Haus der Blumen<\/li><li>Almacenamiento perdido<\/li><li>Luftmunitionslager<\/li><li>Casa de la perla blanca<\/li><li>C\u00e1rcel<\/li><li>Tren amarillo<\/li><li>Pensi\u00f3n Das Retro<\/li><li>Hotel Eden R<\/li><li>Ferienwohnungen<\/li><li>Das Alte Retro Hotel<\/li><li>Alte Bergbaureste<\/li><li>Prisi\u00f3n Nittle<\/li><li>Hotel de las L\u00e1mparas<\/li><li>Jugar al tren<\/li><li>Gro\u00dfes Haus am Waldrand<\/li><li>Die getarnte Scheune<\/li><li>Invernaderos colapsados<\/li><li>Happy Meal<\/li><li>Casa de la Libertad<\/li><li>Bunker Bassum<\/li><li>Paja y tractor \/ Stroh und Traktor<\/li><li>Naufragio (Localizaci\u00f3n de drones)<\/li><li>Bater\u00eda Flak \/ Flakbatterie<\/li><li>Sanatorio Bernhardi y central el\u00e9ctrica<\/li><li>Mausoleo des B\u00e4ren<\/li><li>Das Waldhaus<\/li><li>Klinik wintermoor<\/li><li>Geistervilla<\/li><li>Wald Bunker Eib<\/li><li>El viejo tranv\u00eda<\/li><li>Casa Wolf<\/li><li>Alte Mahlwerk<\/li><li>Sanatorio de Konigsberg<\/li><li>El peque\u00f1o b\u00fanker<\/li><li>Katholisch Keller<\/li><li>Zoogehege<\/li><li>Arztpraxis verlassene<\/li><li>Panzer rusos<\/li><li>Piscina Roter<\/li><li>Los ni\u00f1os de la nada<\/li><li>Cementerio Illuminati<\/li><li>Hotel Waldkater<\/li><li>Casa Sombra<\/li><li>Pensi\u00f3n Isolda<\/li><\/ul><\/p>","protected":false},"excerpt":{"rendered":"<p>Este mapa urbex le ofrece todos los lugares de exploraci\u00f3n urbana (urbex) en <strong>Alemania<\/strong><strong>, Baja Sajonia<\/strong><strong>.<\/strong> <\/p>\n<p>This lost places map will remain updated and accessible for at least 365 days after purchase. This map has currently 51 of the most unique urban exploring locations in Germany, Lower Saxony and is accessible from anywhere with our easy to use map<strong>. <\/p>\n<p><\/strong><strong>Si ya tiene este paquete, puede acceder a \u00e9l a trav\u00e9s de <a href=\"\/es\/mi-cuenta-2\/area-de-miembros\/43905\/mi-contenido-de-afiliacion\/\">Mis mapas &gt; Ver.<\/a><\/strong> <\/p>\n<p><a href=\"#tab-description\">Lista de todas las ubicaciones de Urbex en este mapa.<\/a><\/p>","protected":false},"featured_media":54910,"template":"","meta":[],"product_brand":[],"product_cat":[210,322,217,1229],"product_tag":[],"class_list":{"0":"post-54382","1":"product","2":"type-product","3":"status-publish","4":"has-post-thumbnail","6":"product_cat-germany","7":"product_cat-location-packs","8":"product_cat-lower-saxony","9":"product_cat-maps-germany","11":"first","12":"instock","13":"taxable","14":"shipping-taxable","15":"purchasable","16":"product-type-variable"},"jetpack_sharing_enabled":true,"_links":{"self":[{"href":"https:\/\/urbex.direct\/es\/wp-json\/wp\/v2\/product\/54382","targetHints":{"allow":["GET"]}}],"collection":[{"href":"https:\/\/urbex.direct\/es\/wp-json\/wp\/v2\/product"}],"about":[{"href":"https:\/\/urbex.direct\/es\/wp-json\/wp\/v2\/types\/product"}],"wp:featuredmedia":[{"embeddable":true,"href":"https:\/\/urbex.direct\/es\/wp-json\/wp\/v2\/media\/54910"}],"wp:attachment":[{"href":"https:\/\/urbex.direct\/es\/wp-json\/wp\/v2\/media?parent=54382"}],"wp:term":[{"taxonomy":"product_brand","embeddable":true,"href":"https:\/\/urbex.direct\/es\/wp-json\/wp\/v2\/product_brand?post=54382"},{"taxonomy":"product_cat","embeddable":true,"href":"https:\/\/urbex.direct\/es\/wp-json\/wp\/v2\/product_cat?post=54382"},{"taxonomy":"product_tag","embeddable":true,"href":"https:\/\/urbex.direct\/es\/wp-json\/wp\/v2\/product_tag?post=54382"}],"curies":[{"name":"wp","href":"https:\/\/api.w.org\/{rel}","templated":true}]}}