{"id":54380,"date":"2024-03-12T16:39:21","date_gmt":"2024-03-12T16:39:21","guid":{"rendered":"https:\/\/urbex.direct\/?post_type=product&#038;p=54380"},"modified":"2025-05-21T20:55:04","modified_gmt":"2025-05-21T19:55:04","slug":"mapa-de-situacion-de-brandeburgo-alemania","status":"publish","type":"product","link":"https:\/\/urbex.direct\/es\/product\/location-map-brandenburg-germany\/","title":{"rendered":"Urbex Map Alemania, Brandenburgo (1 o 2 a\u00f1os de acceso)"},"content":{"rendered":"<p>Este mapa contiene los siguientes lugares: <ul><li>Maravilla azul<\/li><li>Elstal Wustermark<\/li><li>Castillo de Dammsm\u00fchle<\/li><li>Castillo de Gentzrode<\/li><li>Milit\u00e4rkrankenhaus<\/li><li>Filtros<\/li><li>Verbotene Stadt<\/li><li>Colossus<\/li><li>Oranien Heilst\u00e4tte<\/li><li>Manicomio T<\/li><li>Garaje en el mar<\/li><li>Kaserne Joter<\/li><li>Bar Veget<\/li><li>Escuela de Vuelo Zeppelin<\/li><li>Zinna-Schule III<\/li><li>Experiment der Armee<\/li><li>Flugplatz Sperenberg<\/li><li>Schloss F<\/li><li>Trenes de batalla<\/li><li>Haus Maus<\/li><li>Wilhelm Pieck<\/li><li>Haus Templ<\/li><li>Dominio Geron<\/li><li>Casa Denkmal<\/li><li>El viejo Zirkus<\/li><li>Pflegeheim Ru<\/li><li>La lecher\u00eda<\/li><li>Cl\u00ednica K<\/li><li>Krafwerk P<\/li><li>Cementerio T-Mobile<\/li><li>Schloss SH<\/li><li>Flugplatz O<\/li><li>Libertad Brige<\/li><li>Walking Dead Road 2.0<\/li><li>Campo de tiro Graffity<\/li><li>Campamento de las SS<\/li><li>Flugabwehr-Raketenabteilung<\/li><li>Infanter\u00eda en servicio<\/li><li>Die Party ist vorbei<\/li><li>Campamento Nick<\/li><li>Campamento Bomb\u00f3dromo<\/li><li>Versteckter Flugplatz<\/li><li>Furstenberg lager<\/li><li>Las casas abandonadas de la SS<\/li><li>Stasi Krankenhaus<\/li><\/ul><\/p>","protected":false},"excerpt":{"rendered":"<p>Este mapa urbex le ofrece todos los lugares de exploraci\u00f3n urbana (urbex) en <strong>Alemania<\/strong><strong>, <\/strong><strong>Brandemburgo<\/strong><strong>.<\/strong> <\/p>\n<p>Este mapa de lugares perdidos permanecer\u00e1 actualizado y accesible durante al menos 365 d\u00edas despu\u00e9s de la compra. Este mapa tiene actualmente 45 de los lugares m\u00e1s singulares de exploraci\u00f3n urbana en Alemania, Brandenburgo y es accesible desde cualquier lugar con nuestro mapa f\u00e1cil de usar<strong>. <\/p>\n<p><\/strong><strong>Si ya tiene este paquete, puede acceder a \u00e9l a trav\u00e9s de <a href=\"\/es\/mi-cuenta-2\/area-de-miembros\/43905\/mi-contenido-de-afiliacion\/\">Mis mapas &gt; Ver.<\/a><\/strong> <\/p>\n<p><a href=\"#tab-description\">Lista de todas las ubicaciones de Urbex en este mapa.<\/a><\/p>","protected":false},"featured_media":54901,"template":"","meta":[],"product_brand":[],"product_cat":[214,210,322,1229],"product_tag":[],"class_list":{"0":"post-54380","1":"product","2":"type-product","3":"status-publish","4":"has-post-thumbnail","6":"product_cat-brandenburg-2","7":"product_cat-germany","8":"product_cat-location-packs","9":"product_cat-maps-germany","11":"first","12":"instock","13":"taxable","14":"shipping-taxable","15":"purchasable","16":"product-type-variable"},"jetpack_sharing_enabled":true,"_links":{"self":[{"href":"https:\/\/urbex.direct\/es\/wp-json\/wp\/v2\/product\/54380","targetHints":{"allow":["GET"]}}],"collection":[{"href":"https:\/\/urbex.direct\/es\/wp-json\/wp\/v2\/product"}],"about":[{"href":"https:\/\/urbex.direct\/es\/wp-json\/wp\/v2\/types\/product"}],"wp:featuredmedia":[{"embeddable":true,"href":"https:\/\/urbex.direct\/es\/wp-json\/wp\/v2\/media\/54901"}],"wp:attachment":[{"href":"https:\/\/urbex.direct\/es\/wp-json\/wp\/v2\/media?parent=54380"}],"wp:term":[{"taxonomy":"product_brand","embeddable":true,"href":"https:\/\/urbex.direct\/es\/wp-json\/wp\/v2\/product_brand?post=54380"},{"taxonomy":"product_cat","embeddable":true,"href":"https:\/\/urbex.direct\/es\/wp-json\/wp\/v2\/product_cat?post=54380"},{"taxonomy":"product_tag","embeddable":true,"href":"https:\/\/urbex.direct\/es\/wp-json\/wp\/v2\/product_tag?post=54380"}],"curies":[{"name":"wp","href":"https:\/\/api.w.org\/{rel}","templated":true}]}}