{"id":53179,"date":"2024-02-07T08:22:32","date_gmt":"2024-02-07T08:22:32","guid":{"rendered":"https:\/\/urbex.direct\/?post_type=product&#038;p=53179"},"modified":"2026-05-09T12:22:17","modified_gmt":"2026-05-09T11:22:17","slug":"maginot-bunkers-lifetime","status":"publish","type":"product","link":"https:\/\/urbex.direct\/es\/product\/maginot-bunkers-lifetime\/","title":{"rendered":"B\u00fankeres Maginot (de por vida)"},"content":{"rendered":"","protected":false},"excerpt":{"rendered":"<p>Descubre los secretos de la L\u00ednea Maginot con nuestro mapa Urbex \u00fanico. Este mapa cuidadosamente curado revela las ubicaciones de los b\u00fankeres de Maginot en el norte de Francia, que han sido extensamente investigados por nuestros expertos para brindarte una experiencia urbex aut\u00e9ntica. Incluso se han marcado la historia y las entradas de varios b\u00fankeres.<\/p>\n<p><strong>Este mapa contiene 103 lugares activos.<\/strong><\/p>","protected":false},"featured_media":53425,"template":"","meta":[],"product_brand":[],"product_cat":[226,231,1135,1341],"product_tag":[834,153],"class_list":{"0":"post-53179","1":"product","2":"type-product","3":"status-publish","4":"has-post-thumbnail","6":"product_cat-france","7":"product_cat-grand-est","8":"product_cat-maps-france","9":"product_cat-maps-grand-est","10":"product_tag-excellence","11":"product_tag-recommended","13":"first","14":"instock","15":"virtual","16":"taxable","17":"purchasable","18":"product-type-simple"},"jetpack_sharing_enabled":true,"_links":{"self":[{"href":"https:\/\/urbex.direct\/es\/wp-json\/wp\/v2\/product\/53179","targetHints":{"allow":["GET"]}}],"collection":[{"href":"https:\/\/urbex.direct\/es\/wp-json\/wp\/v2\/product"}],"about":[{"href":"https:\/\/urbex.direct\/es\/wp-json\/wp\/v2\/types\/product"}],"wp:featuredmedia":[{"embeddable":true,"href":"https:\/\/urbex.direct\/es\/wp-json\/wp\/v2\/media\/53425"}],"wp:attachment":[{"href":"https:\/\/urbex.direct\/es\/wp-json\/wp\/v2\/media?parent=53179"}],"wp:term":[{"taxonomy":"product_brand","embeddable":true,"href":"https:\/\/urbex.direct\/es\/wp-json\/wp\/v2\/product_brand?post=53179"},{"taxonomy":"product_cat","embeddable":true,"href":"https:\/\/urbex.direct\/es\/wp-json\/wp\/v2\/product_cat?post=53179"},{"taxonomy":"product_tag","embeddable":true,"href":"https:\/\/urbex.direct\/es\/wp-json\/wp\/v2\/product_tag?post=53179"}],"curies":[{"name":"wp","href":"https:\/\/api.w.org\/{rel}","templated":true}]}}