{"id":53135,"date":"2024-02-05T17:31:01","date_gmt":"2024-02-05T17:31:01","guid":{"rendered":"https:\/\/urbex.direct\/?post_type=product&#038;p=53135"},"modified":"2024-06-20T08:59:37","modified_gmt":"2024-06-20T07:59:37","slug":"location-map-haute-vienne-87-france","status":"publish","type":"product","link":"https:\/\/urbex.direct\/es\/product\/location-map-haute-vienne-87-france\/","title":{"rendered":"Mapa Urbex Francia, Nouvelle-Aquitaine: Haute-Vienne (87) (1 a\u00f1o de acceso)"},"content":{"rendered":"<p>Este mapa contiene los siguientes lugares:<\/p>\n\n\n\n<ul><li>Serres V\u00e9drine<\/li><li>Manoir Melomane<\/li><li>Castillo de Bagnac<\/li><li>Chateau S\u00e9r\u00e9nade<\/li><li>Hospital Thomas<\/li><li>Usine Vienne<\/li><li>Casa Scorpial<\/li><li>La Demeure l\u00e9gion d'horreur<\/li><li>H\u00f4tel \u00e0 c\u00f4t\u00e9 de l&#039;autoroute<\/li><li>Castillo Distop\u00eda<\/li><\/ul>","protected":false},"excerpt":{"rendered":"<p>Este mapa urbex le ofrece todos los lugares de exploraci\u00f3n urbana (urbex) en<strong> Francia, Nouvelle-Aquitaine: Haute-Vienne (87).<\/strong> Este mapa de lugares perdidos permanecer\u00e1 actualizado y accesible durante al menos 365 d\u00edas despu\u00e9s de la compra.<\/p>\n<p>Este mapa tiene actualmente 10 de los lugares m\u00e1s singulares de exploraci\u00f3n urbana en Francia, Nouvelle-Aquitaine: Haute-Vienne (87) y es accesible desde cualquier lugar con nuestro mapa f\u00e1cil de usar<strong>.<\/p>\n<p><\/strong><strong>Si ya tiene este paquete, puede acceder a \u00e9l a trav\u00e9s de <a href=\"\/es\/mi-cuenta-2\/area-de-miembros\/43905\/mi-contenido-de-afiliacion\/\">Mis mapas &gt; Ver.<\/a><\/strong><strong><\/p>\n<p><\/strong><a href=\"#tab-description\">Lista de todas las ubicaciones de Urbex en este mapa.<\/a><\/p>","protected":false},"featured_media":53149,"template":"","meta":[],"product_brand":[],"product_cat":[226,322,1135,1349,235],"product_tag":[],"class_list":{"0":"post-53135","1":"product","2":"type-product","3":"status-publish","4":"has-post-thumbnail","6":"product_cat-france","7":"product_cat-location-packs","8":"product_cat-maps-france","9":"product_cat-maps-nouvelle-aquitaine","10":"product_cat-nouvelle-aquitaine","12":"first","13":"instock","14":"virtual","15":"taxable","16":"purchasable","17":"product-type-simple"},"jetpack_sharing_enabled":true,"_links":{"self":[{"href":"https:\/\/urbex.direct\/es\/wp-json\/wp\/v2\/product\/53135","targetHints":{"allow":["GET"]}}],"collection":[{"href":"https:\/\/urbex.direct\/es\/wp-json\/wp\/v2\/product"}],"about":[{"href":"https:\/\/urbex.direct\/es\/wp-json\/wp\/v2\/types\/product"}],"wp:featuredmedia":[{"embeddable":true,"href":"https:\/\/urbex.direct\/es\/wp-json\/wp\/v2\/media\/53149"}],"wp:attachment":[{"href":"https:\/\/urbex.direct\/es\/wp-json\/wp\/v2\/media?parent=53135"}],"wp:term":[{"taxonomy":"product_brand","embeddable":true,"href":"https:\/\/urbex.direct\/es\/wp-json\/wp\/v2\/product_brand?post=53135"},{"taxonomy":"product_cat","embeddable":true,"href":"https:\/\/urbex.direct\/es\/wp-json\/wp\/v2\/product_cat?post=53135"},{"taxonomy":"product_tag","embeddable":true,"href":"https:\/\/urbex.direct\/es\/wp-json\/wp\/v2\/product_tag?post=53135"}],"curies":[{"name":"wp","href":"https:\/\/api.w.org\/{rel}","templated":true}]}}