{"id":52590,"date":"2024-01-21T17:38:14","date_gmt":"2024-01-21T17:38:14","guid":{"rendered":"https:\/\/urbex.direct\/?post_type=product&#038;p=52590"},"modified":"2024-06-20T08:55:24","modified_gmt":"2024-06-20T07:55:24","slug":"mapa-de-situacion-calvados-14-francia","status":"publish","type":"product","link":"https:\/\/urbex.direct\/es\/product\/location-map-calvados-14-france\/","title":{"rendered":"Mapa Urbex Francia, Normand\u00eda: Calvados (14) (1 a\u00f1o de acceso)"},"content":{"rendered":"<p>Este mapa contiene los siguientes lugares:<\/p>\n\n\n\n<ul><li>Manoir Dalida<\/li><li>Usine Mathis<\/li><li>Chateau Eva &amp; Co<\/li><li>Capilla de los Pilotos<\/li><li>Plaza Hopitall<\/li><li>Antiguo Cimeti\u00e8re<\/li><li>Castillo de Cur\u00e9<\/li><li>Manoir du Nomade \/ Maison Foresti\u00e8re<\/li><li>Manoir Franc ma\u00e7on<\/li><li>Maison Cat<\/li><li>Ferme effondr\u00e9e<\/li><li>Maison Cadran \/ Maison vieille cuisini\u00e8re<\/li><li>Manoir Nazi<\/li><li>Usine Fromage Maxi<\/li><li>Manoir Cardhu Manoir Cardhu<\/li><li>Casa Meslin<\/li><li>Casa de los Patitos<\/li><li>Maison Canop\u00e9e verte<\/li><li>El taller secreto<\/li><li>La d\u00e9saffect\u00e9e eglise<\/li><li>Usine Ornaise<\/li><li>Chateau Trop Vert<\/li><li>Le Maison Ronces<\/li><li>Maison Brique Rouge<\/li><li>Usine Edipo<\/li><li>Usine Dynamite<\/li><li>Las bellas ruinas de la iglesia<\/li><li>Usine FP<\/li><li>F\u00e1brica de enanos<\/li><li>Casa Coss \/ Casa Lamia<\/li><li>Iglesia del Mundo Rojo<\/li><li>Mina de Erebor<\/li><li>Maison la Vache<\/li><li>Maison des Livres Calvados<\/li><li>Manoir Tong<\/li><li>La vie \u00e0 la ferme<\/li><li>Granja de toallas<\/li><li>Maison \u00e0 colombages<\/li><li>Ferme avec portail rouge<\/li><\/ul>","protected":false},"excerpt":{"rendered":"<p>Este mapa urbex le ofrece todos los lugares de exploraci\u00f3n urbana (urbex) en<strong> Francia, <\/strong><strong>Normand\u00eda<\/strong><strong>: Calvados (14).<\/strong> Este mapa de lugares perdidos permanecer\u00e1 actualizado y accesible durante al menos 365 d\u00edas despu\u00e9s de la compra.<\/p>\n<p>Este mapa cuenta actualmente con 39 de los lugares de exploraci\u00f3n urbana m\u00e1s singulares de Francia, Normand\u00eda: Calvados (14) y es accesible desde cualquier lugar con nuestro mapa f\u00e1cil de usar<strong>.<\/p>\n<p><\/strong><strong>Si ya tiene este paquete, puede acceder a \u00e9l a trav\u00e9s de <a href=\"\/es\/mi-cuenta-2\/area-de-miembros\/43905\/mi-contenido-de-afiliacion\/\">Mis mapas &gt; Ver.<\/a><\/strong><strong><\/p>\n<p><\/strong><a href=\"#tab-description\">Lista de todas las ubicaciones de Urbex en este mapa.<\/a><\/p>","protected":false},"featured_media":52607,"template":"","meta":[],"product_brand":[],"product_cat":[1068,226,322,1135,1344,234],"product_tag":[],"class_list":{"0":"post-52590","1":"product","2":"type-product","3":"status-publish","4":"has-post-thumbnail","6":"product_cat-calvados-14","7":"product_cat-france","8":"product_cat-location-packs","9":"product_cat-maps-france","10":"product_cat-maps-normandie","11":"product_cat-normandie","13":"first","14":"instock","15":"virtual","16":"taxable","17":"purchasable","18":"product-type-simple"},"jetpack_sharing_enabled":true,"_links":{"self":[{"href":"https:\/\/urbex.direct\/es\/wp-json\/wp\/v2\/product\/52590","targetHints":{"allow":["GET"]}}],"collection":[{"href":"https:\/\/urbex.direct\/es\/wp-json\/wp\/v2\/product"}],"about":[{"href":"https:\/\/urbex.direct\/es\/wp-json\/wp\/v2\/types\/product"}],"wp:featuredmedia":[{"embeddable":true,"href":"https:\/\/urbex.direct\/es\/wp-json\/wp\/v2\/media\/52607"}],"wp:attachment":[{"href":"https:\/\/urbex.direct\/es\/wp-json\/wp\/v2\/media?parent=52590"}],"wp:term":[{"taxonomy":"product_brand","embeddable":true,"href":"https:\/\/urbex.direct\/es\/wp-json\/wp\/v2\/product_brand?post=52590"},{"taxonomy":"product_cat","embeddable":true,"href":"https:\/\/urbex.direct\/es\/wp-json\/wp\/v2\/product_cat?post=52590"},{"taxonomy":"product_tag","embeddable":true,"href":"https:\/\/urbex.direct\/es\/wp-json\/wp\/v2\/product_tag?post=52590"}],"curies":[{"name":"wp","href":"https:\/\/api.w.org\/{rel}","templated":true}]}}