{"id":49318,"date":"2023-10-11T09:02:18","date_gmt":"2023-10-11T08:02:18","guid":{"rendered":"https:\/\/urbex.direct\/?post_type=product&#038;p=49318"},"modified":"2024-06-20T08:47:20","modified_gmt":"2024-06-20T07:47:20","slug":"mapa-de-situacion-bas-rhin-67-francia","status":"publish","type":"product","link":"https:\/\/urbex.direct\/es\/product\/location-map-bas-rhin-67-france\/","title":{"rendered":"Mapa Urbex Francia, Grand Est: Bas-Rhin (67) (1 a\u00f1o de acceso)"},"content":{"rendered":"<p>Este mapa contiene los siguientes lugares:<\/p>\n\n\n\n<ul><li>Centro M\u00e9dico H<\/li><li>Casas de la Selva y la Liana \/ Les Maisons Savane et Peluche<\/li><li>Mansi\u00f3n Accrobranche \/ Casa en el \u00e1rbol<\/li><li>Manoir General<\/li><li>Villa Des Ours<\/li><li>Lock Hotel \/ Hotel del puerto<\/li><li>Los Barracones Largos<\/li><li>Usine Coloree \/ Aserradero W<\/li><li>Manoir des Anglais \/ La nueva mansi\u00f3n inglesa<\/li><li>La Petite Maison dans la Prairie<\/li><li>Maison Picture<\/li><li>Maison Fanatique des oiseaux<\/li><li>La salle de f\u00eates \/ Th\u00e9atre du chien<\/li><li>Le Tram jaune \/ El tranv\u00eda amarillo<\/li><li>Cimeti\u00e8re sur la colline \/ Cementerio en la colina<\/li><li>Maison Piscine<\/li><li>La casa del coleccionista de libros<\/li><\/ul>","protected":false},"excerpt":{"rendered":"<p>&nbsp;<\/p>\n<p>Este mapa urbex le ofrece todos los lugares de exploraci\u00f3n urbana (urbex) en<strong> Francia, <\/strong><strong>Gran Este<\/strong><strong>: Bajo Rin (67).<\/strong> Este mapa de lugares perdidos permanecer\u00e1 actualizado y accesible durante al menos 365 d\u00edas despu\u00e9s de la compra.<\/p>\n<p>Este mapa cuenta actualmente con 17 de los lugares de exploraci\u00f3n urbana m\u00e1s singulares de Francia, Grand Est: Bas-Rhin (67) y es accesible desde cualquier lugar con nuestro mapa f\u00e1cil de usar<strong>.<\/p>\n<p><\/strong><strong>Si ya tiene este paquete, puede acceder a \u00e9l a trav\u00e9s de <a href=\"\/es\/mi-cuenta-2\/area-de-miembros\/43905\/mi-contenido-de-afiliacion\/\">Mis mapas &gt; Ver.<\/a><\/strong><\/p>\n<p>&nbsp;<\/p>","protected":false},"featured_media":49325,"template":"","meta":[],"product_brand":[],"product_cat":[1043,226,231,322,1135,1341],"product_tag":[],"class_list":{"0":"post-49318","1":"product","2":"type-product","3":"status-publish","4":"has-post-thumbnail","6":"product_cat-bas-rhin-67","7":"product_cat-france","8":"product_cat-grand-est","9":"product_cat-location-packs","10":"product_cat-maps-france","11":"product_cat-maps-grand-est","13":"first","14":"instock","15":"virtual","16":"taxable","17":"purchasable","18":"product-type-simple"},"jetpack_sharing_enabled":true,"_links":{"self":[{"href":"https:\/\/urbex.direct\/es\/wp-json\/wp\/v2\/product\/49318","targetHints":{"allow":["GET"]}}],"collection":[{"href":"https:\/\/urbex.direct\/es\/wp-json\/wp\/v2\/product"}],"about":[{"href":"https:\/\/urbex.direct\/es\/wp-json\/wp\/v2\/types\/product"}],"wp:featuredmedia":[{"embeddable":true,"href":"https:\/\/urbex.direct\/es\/wp-json\/wp\/v2\/media\/49325"}],"wp:attachment":[{"href":"https:\/\/urbex.direct\/es\/wp-json\/wp\/v2\/media?parent=49318"}],"wp:term":[{"taxonomy":"product_brand","embeddable":true,"href":"https:\/\/urbex.direct\/es\/wp-json\/wp\/v2\/product_brand?post=49318"},{"taxonomy":"product_cat","embeddable":true,"href":"https:\/\/urbex.direct\/es\/wp-json\/wp\/v2\/product_cat?post=49318"},{"taxonomy":"product_tag","embeddable":true,"href":"https:\/\/urbex.direct\/es\/wp-json\/wp\/v2\/product_tag?post=49318"}],"curies":[{"name":"wp","href":"https:\/\/api.w.org\/{rel}","templated":true}]}}