{"id":49317,"date":"2023-10-11T09:01:08","date_gmt":"2023-10-11T08:01:08","guid":{"rendered":"https:\/\/urbex.direct\/?post_type=product&#038;p=49317"},"modified":"2024-06-20T08:43:39","modified_gmt":"2024-06-20T07:43:39","slug":"mapa-localizacion-morbihan-56-francia","status":"publish","type":"product","link":"https:\/\/urbex.direct\/es\/product\/location-map-morbihan-56-france\/","title":{"rendered":"Mapa Urbex Francia, Breta\u00f1a: Morbihan (56) (1 a\u00f1o de acceso)"},"content":{"rendered":"<p>Este mapa contiene los siguientes lugares:<\/p>\n\n\n\n<ul><li>Cementerio de pecios<\/li><li>Manoir Yves Dandonneau \/ Mansi\u00f3n Yves Dandonneau<\/li><li>Castillo Sequoia<\/li><li>Clinique SC<\/li><li>Maison de Lac<\/li><li>Cimeti\u00e8re de Bateaux Rivi\u00e8re<\/li><li>Jardin Aux Papillons \/ El jard\u00edn de las mariposas<\/li><li>Otro cementerio de barcos naufragados<\/li><li>Pecios esquel\u00e9ticos<\/li><li>El parque e\u00f3lico<\/li><li>Casa e iglesia abandonadas<\/li><li>Casas de vacaciones a orillas del lago<\/li><li>Maison Tourelle Nord<\/li><li>Base fluvial<\/li><li>Manoir Piano 56<\/li><\/ul>","protected":false},"excerpt":{"rendered":"<p>&nbsp;<\/p>\n<p>Este mapa urbex le ofrece todos los lugares de exploraci\u00f3n urbana (urbex) en<strong> Francia, Bretagne: Morbihan (56).<\/strong> Este mapa de lugares perdidos permanecer\u00e1 actualizado y accesible durante al menos 365 d\u00edas despu\u00e9s de la compra.<\/p>\n<p>Este mapa cuenta actualmente con 15 de los lugares de exploraci\u00f3n urbana m\u00e1s singulares de Francia, Bretagne: Morbihan (56) y es accesible desde cualquier lugar con nuestro mapa f\u00e1cil de usar<strong>.<\/p>\n<p><\/strong><strong>Si ya tiene este paquete, puede acceder a \u00e9l a trav\u00e9s de <a href=\"\/es\/mi-cuenta-2\/area-de-miembros\/43905\/mi-contenido-de-afiliacion\/\">Mis mapas &gt; Ver.<\/a><\/strong><strong><\/p>\n<p><\/strong><a href=\"#tab-description\">Lista de todas las ubicaciones de Urbex en este mapa.<\/a><\/p>\n<p>&nbsp;<\/p>","protected":false},"featured_media":49321,"template":"","meta":[],"product_brand":[],"product_cat":[229,226,322,1339,1135,1042],"product_tag":[],"class_list":{"0":"post-49317","1":"product","2":"type-product","3":"status-publish","4":"has-post-thumbnail","6":"product_cat-bretagne","7":"product_cat-france","8":"product_cat-location-packs","9":"product_cat-maps-bretagne","10":"product_cat-maps-france","11":"product_cat-morbihan-56","13":"first","14":"instock","15":"virtual","16":"taxable","17":"purchasable","18":"product-type-simple"},"jetpack_sharing_enabled":true,"_links":{"self":[{"href":"https:\/\/urbex.direct\/es\/wp-json\/wp\/v2\/product\/49317","targetHints":{"allow":["GET"]}}],"collection":[{"href":"https:\/\/urbex.direct\/es\/wp-json\/wp\/v2\/product"}],"about":[{"href":"https:\/\/urbex.direct\/es\/wp-json\/wp\/v2\/types\/product"}],"wp:featuredmedia":[{"embeddable":true,"href":"https:\/\/urbex.direct\/es\/wp-json\/wp\/v2\/media\/49321"}],"wp:attachment":[{"href":"https:\/\/urbex.direct\/es\/wp-json\/wp\/v2\/media?parent=49317"}],"wp:term":[{"taxonomy":"product_brand","embeddable":true,"href":"https:\/\/urbex.direct\/es\/wp-json\/wp\/v2\/product_brand?post=49317"},{"taxonomy":"product_cat","embeddable":true,"href":"https:\/\/urbex.direct\/es\/wp-json\/wp\/v2\/product_cat?post=49317"},{"taxonomy":"product_tag","embeddable":true,"href":"https:\/\/urbex.direct\/es\/wp-json\/wp\/v2\/product_tag?post=49317"}],"curies":[{"name":"wp","href":"https:\/\/api.w.org\/{rel}","templated":true}]}}