{"id":49167,"date":"2023-10-02T13:44:20","date_gmt":"2023-10-02T12:44:20","guid":{"rendered":"https:\/\/urbex.direct\/?post_type=product&#038;p=49167"},"modified":"2024-08-11T11:07:10","modified_gmt":"2024-08-11T10:07:10","slug":"mapa-de-situacion-loiret-45-francia","status":"publish","type":"product","link":"https:\/\/urbex.direct\/es\/product\/location-map-loiret-45-france\/","title":{"rendered":"Urbex Map France, Centre-Val de Loire: Loiret (45) (1 a\u00f1o de acceso)"},"content":{"rendered":"<p>Este mapa contiene los siguientes lugares:<\/p>\n<ul><li>Castillo Hallier<\/li><li>Usine Loing<\/li><li>Gasolinera<\/li><li>Castillo Anglois<\/li><li>Castillo de la Decrepitud<\/li><li>Castillo Chasseur<\/li><li>Casa Faons<\/li><li>Manoir Meuble<\/li><li>Casa Soupir<\/li><li>Ch\u00e2teau darkface<\/li><li>Ch\u00e2teau des mouches<\/li><li>Maison de Retraite Verdure<\/li><li>Castillo de agua<\/li><li>Manoir Ma\u00e2t<\/li><li>Naufragios 1<\/li><li>Naufragios 2<\/li><li>Maison v\u00e9randa<\/li><li>Casa Skrim<\/li><li>Maison verri\u00e8re<\/li><li>Maison Power<\/li><li>Escuela de Polic\u00eda<\/li><li>Ruta de las Monta\u00f1as<\/li><li>L&#039;antigua estaci\u00f3n de tranv\u00eda<\/li><li>Castillo sin nombre<\/li><li>Centre de soins Richard Labatt<\/li><li>Universiter biologique<\/li><li>Tri\u00e1ngulo de Usine<\/li><li>Manoir chat noir<\/li><li>Manoir pirata<\/li><li>Piscina municipal<\/li><li>Usine Roulin<\/li><li>Manoir Fosse<\/li><li>Casa Bout de Bois<\/li><li>Granja de helados<\/li><\/ul>\n\n\n<p><\/p>","protected":false},"excerpt":{"rendered":"<p>Este mapa urbex le ofrece todos los lugares de exploraci\u00f3n urbana (urbex) en<strong> Francia, <\/strong><strong>Centro del Valle del Loira<\/strong><strong>: Loiret (45).<\/strong> Este mapa de lugares perdidos permanecer\u00e1 actualizado y accesible durante al menos 365 d\u00edas despu\u00e9s de la compra.<\/p>\n<p>This map has currently 34 of the most unique urban exploring locations in France, Centre-Val de Loire: Loiret (45) and is accessible from anywhere with our easy to use map<strong>.<\/strong><\/p>\n<p><strong>Si ya tiene este paquete, puede acceder a \u00e9l a trav\u00e9s de <a href=\"\/es\/mi-cuenta-2\/area-de-miembros\/43905\/mi-contenido-de-afiliacion\/\">Mis mapas &gt; Ver.<\/a><\/strong><\/p>\n<p><a href=\"#tab-description\">Lista de todas las ubicaciones de Urbex en este mapa.<\/a><\/p>","protected":false},"featured_media":49174,"template":"","meta":[],"product_brand":[],"product_cat":[230,226,322,1038,1340,1135],"product_tag":[],"class_list":{"0":"post-49167","1":"product","2":"type-product","3":"status-publish","4":"has-post-thumbnail","6":"product_cat-centre-val-de-loire","7":"product_cat-france","8":"product_cat-location-packs","9":"product_cat-loiret-45","10":"product_cat-maps-centre-val-de-loire","11":"product_cat-maps-france","13":"first","14":"instock","15":"virtual","16":"taxable","17":"purchasable","18":"product-type-simple"},"jetpack_sharing_enabled":true,"_links":{"self":[{"href":"https:\/\/urbex.direct\/es\/wp-json\/wp\/v2\/product\/49167","targetHints":{"allow":["GET"]}}],"collection":[{"href":"https:\/\/urbex.direct\/es\/wp-json\/wp\/v2\/product"}],"about":[{"href":"https:\/\/urbex.direct\/es\/wp-json\/wp\/v2\/types\/product"}],"wp:featuredmedia":[{"embeddable":true,"href":"https:\/\/urbex.direct\/es\/wp-json\/wp\/v2\/media\/49174"}],"wp:attachment":[{"href":"https:\/\/urbex.direct\/es\/wp-json\/wp\/v2\/media?parent=49167"}],"wp:term":[{"taxonomy":"product_brand","embeddable":true,"href":"https:\/\/urbex.direct\/es\/wp-json\/wp\/v2\/product_brand?post=49167"},{"taxonomy":"product_cat","embeddable":true,"href":"https:\/\/urbex.direct\/es\/wp-json\/wp\/v2\/product_cat?post=49167"},{"taxonomy":"product_tag","embeddable":true,"href":"https:\/\/urbex.direct\/es\/wp-json\/wp\/v2\/product_tag?post=49167"}],"curies":[{"name":"wp","href":"https:\/\/api.w.org\/{rel}","templated":true}]}}