{"id":48862,"date":"2023-09-21T09:17:14","date_gmt":"2023-09-21T08:17:14","guid":{"rendered":"https:\/\/urbex.direct\/?post_type=product&#038;p=48862"},"modified":"2024-06-20T08:58:19","modified_gmt":"2024-06-20T07:58:19","slug":"location-map-alpes-maritimes-06-france","status":"publish","type":"product","link":"https:\/\/urbex.direct\/es\/product\/location-map-alpes-maritimes-06-france\/","title":{"rendered":"Mapa Urbex Francia, Provenza-Alpes-Costa Azul: Alpes Mar\u00edtimos (06) (1 a\u00f1o de acceso)"},"content":{"rendered":"<p>Este mapa contiene los siguientes lugares:<\/p>\n<ul><li>Maison de l&#039;Assassin<\/li><li>Chapelle G<\/li><li>Hospital Felix Zehetner<\/li><li>Villa Sharon<\/li><li>Hotel con piscina privada<\/li><li>Villa Valor<\/li><li>Manoir Cuba<\/li><li>Casa Fara\u00f3n<\/li><li>Hopital des Vents<\/li><li>Villa del Dictador<\/li><li>Villa August Sangret<\/li><li>Hotel de l&#039;Anneau<\/li><li>Chateau Robert Hansen<\/li><li>Observatorio en el mar<\/li><\/ul>","protected":false},"excerpt":{"rendered":"<p>Este mapa urbex le ofrece todos los lugares de exploraci\u00f3n urbana (urbex) en<strong> Francia, <\/strong><strong>Provenza-Alpes-Costa Azul<\/strong><strong>: Alpes-Maritimes (06).<\/strong> Este mapa de lugares perdidos permanecer\u00e1 actualizado y accesible durante al menos 365 d\u00edas despu\u00e9s de la compra.<\/p>\n<p>This map has currently 14 of the most unique urban exploring locations in France, Provence-Alpes-C\u00f4te d&#8217;Azur: Alpes-Maritimes (06) and is accessible from anywhere with our easy to use map<strong>.<\/strong><\/p>\n<p><strong>Si ya tiene este paquete, puede acceder a \u00e9l a trav\u00e9s de <a href=\"\/es\/mi-cuenta-2\/area-de-miembros\/43905\/mi-contenido-de-afiliacion\/\">Mis mapas &gt; Ver.<\/a><\/strong><\/p>\n<p><a href=\"#tab-description\">Lista de todas las ubicaciones de Urbex en este mapa.<\/a><\/p>","protected":false},"featured_media":49061,"template":"","meta":[],"product_brand":[],"product_cat":[1022,226,322,1135,1348,317],"product_tag":[],"class_list":{"0":"post-48862","1":"product","2":"type-product","3":"status-publish","4":"has-post-thumbnail","6":"product_cat-alpes-maritimes-06","7":"product_cat-france","8":"product_cat-location-packs","9":"product_cat-maps-france","10":"product_cat-maps-provence-alpes-cote-dazur","11":"product_cat-provence-alpes-cote-dazur","13":"first","14":"instock","15":"virtual","16":"taxable","17":"purchasable","18":"product-type-simple"},"jetpack_sharing_enabled":true,"_links":{"self":[{"href":"https:\/\/urbex.direct\/es\/wp-json\/wp\/v2\/product\/48862","targetHints":{"allow":["GET"]}}],"collection":[{"href":"https:\/\/urbex.direct\/es\/wp-json\/wp\/v2\/product"}],"about":[{"href":"https:\/\/urbex.direct\/es\/wp-json\/wp\/v2\/types\/product"}],"wp:featuredmedia":[{"embeddable":true,"href":"https:\/\/urbex.direct\/es\/wp-json\/wp\/v2\/media\/49061"}],"wp:attachment":[{"href":"https:\/\/urbex.direct\/es\/wp-json\/wp\/v2\/media?parent=48862"}],"wp:term":[{"taxonomy":"product_brand","embeddable":true,"href":"https:\/\/urbex.direct\/es\/wp-json\/wp\/v2\/product_brand?post=48862"},{"taxonomy":"product_cat","embeddable":true,"href":"https:\/\/urbex.direct\/es\/wp-json\/wp\/v2\/product_cat?post=48862"},{"taxonomy":"product_tag","embeddable":true,"href":"https:\/\/urbex.direct\/es\/wp-json\/wp\/v2\/product_tag?post=48862"}],"curies":[{"name":"wp","href":"https:\/\/api.w.org\/{rel}","templated":true}]}}