{"id":48860,"date":"2023-09-21T09:15:55","date_gmt":"2023-09-21T08:15:55","guid":{"rendered":"https:\/\/urbex.direct\/?post_type=product&#038;p=48860"},"modified":"2024-06-20T08:57:02","modified_gmt":"2024-06-20T07:57:02","slug":"location-map-tarn-81-france","status":"publish","type":"product","link":"https:\/\/urbex.direct\/es\/product\/location-map-tarn-81-france\/","title":{"rendered":"Mapa Urbex Francia, Occitanie: Tarn (81) (1 a\u00f1o de acceso)"},"content":{"rendered":"<p>Este mapa contiene los siguientes lugares:<\/p>\n<ul><li>Eglise P<\/li><li>Castillo de L\u00e9z<\/li><li>Castillo la B<\/li><li>Usine du Seigneur<\/li><li>Manoir de la Rivi\u00e8re<\/li><li>Usine Infierno<\/li><li>Usine Migro<\/li><li>Villa Cubac<\/li><li>Casa del Roucan<\/li><li>Le Lavoir a Charbon<\/li><li>Gendarmer\u00eda<\/li><li>Capilla Arlequ\u00edn<\/li><li>Casa Tri\u00e1ngulo<\/li><li>Restaurante Catal\u00e1n<\/li><li>Castillo de V\u00e9t\u00e9rinaire<\/li><li>L'ancienne caserne<\/li><li>Mineurs d'entrep\u00f4ts<\/li><li>Usine Naudy<\/li><li>Casa Bug<\/li><li>Casa Alzheimer<\/li><li>Usine Chatlana \/ Usine PZM<\/li><li>Castillo de Montpinier<\/li><li>Moulin sur la berge<\/li><\/ul>","protected":false},"excerpt":{"rendered":"<p>Este mapa urbex le ofrece todos los lugares de exploraci\u00f3n urbana (urbex) en<strong> Francia, <\/strong><strong>Occitanie<\/strong><strong>: Tarn (81).<\/strong> Este mapa de lugares perdidos permanecer\u00e1 actualizado y accesible durante al menos 365 d\u00edas despu\u00e9s de la compra.<\/p>\n<p>Este mapa tiene actualmente 23 de los lugares m\u00e1s singulares de exploraci\u00f3n urbana en Francia, Occitanie: Tarn (81) y es accesible desde cualquier lugar con nuestro mapa f\u00e1cil de usar<strong>.<\/strong><\/p>\n<p><strong>Si ya tiene este paquete, puede acceder a \u00e9l a trav\u00e9s de <a href=\"\/es\/mi-cuenta-2\/area-de-miembros\/43905\/mi-contenido-de-afiliacion\/\">Mis mapas &gt; Ver.<\/a><\/strong><\/p>\n<p><a href=\"#tab-description\">Lista de todas las ubicaciones de Urbex en este mapa.<\/a><\/p>","protected":false},"featured_media":49065,"template":"","meta":[],"product_brand":[],"product_cat":[226,322,1135,1346,236,1096],"product_tag":[],"class_list":{"0":"post-48860","1":"product","2":"type-product","3":"status-publish","4":"has-post-thumbnail","6":"product_cat-france","7":"product_cat-location-packs","8":"product_cat-maps-france","9":"product_cat-maps-occitanie","10":"product_cat-occitanie","11":"product_cat-tarn-81","13":"first","14":"instock","15":"virtual","16":"taxable","17":"purchasable","18":"product-type-simple"},"jetpack_sharing_enabled":true,"_links":{"self":[{"href":"https:\/\/urbex.direct\/es\/wp-json\/wp\/v2\/product\/48860","targetHints":{"allow":["GET"]}}],"collection":[{"href":"https:\/\/urbex.direct\/es\/wp-json\/wp\/v2\/product"}],"about":[{"href":"https:\/\/urbex.direct\/es\/wp-json\/wp\/v2\/types\/product"}],"wp:featuredmedia":[{"embeddable":true,"href":"https:\/\/urbex.direct\/es\/wp-json\/wp\/v2\/media\/49065"}],"wp:attachment":[{"href":"https:\/\/urbex.direct\/es\/wp-json\/wp\/v2\/media?parent=48860"}],"wp:term":[{"taxonomy":"product_brand","embeddable":true,"href":"https:\/\/urbex.direct\/es\/wp-json\/wp\/v2\/product_brand?post=48860"},{"taxonomy":"product_cat","embeddable":true,"href":"https:\/\/urbex.direct\/es\/wp-json\/wp\/v2\/product_cat?post=48860"},{"taxonomy":"product_tag","embeddable":true,"href":"https:\/\/urbex.direct\/es\/wp-json\/wp\/v2\/product_tag?post=48860"}],"curies":[{"name":"wp","href":"https:\/\/api.w.org\/{rel}","templated":true}]}}