{"id":48858,"date":"2023-09-21T09:14:43","date_gmt":"2023-09-21T08:14:43","guid":{"rendered":"https:\/\/urbex.direct\/?post_type=product&#038;p=48858"},"modified":"2024-06-20T08:56:41","modified_gmt":"2024-06-20T07:56:41","slug":"mapa-de-situacion-aude-11-francia","status":"publish","type":"product","link":"https:\/\/urbex.direct\/es\/product\/location-map-aude-11-france\/","title":{"rendered":"Mapa Urbex Francia, Occitanie: Aude (11) (1 a\u00f1o de acceso)"},"content":{"rendered":"<p>Este mapa contiene los siguientes lugares:<\/p>\n<ul><li>Resto Kowloon<\/li><li>Morgue del hospital<\/li><li>Restaurant le Bistrot \/ H\u00f4tel capitaine Haddock<\/li><li>Casa Museo\/ Casa Gendarmer\u00eda<\/li><li>Las minas de oro<\/li><li>Castillo Ecole<\/li><li>Castillo Valgros<\/li><li>Villa des Orangers<\/li><li>Voitures Rouill\u00e9es<\/li><li>Discoteca\nBon<\/li><li>Manoir RBNSD<\/li><li>Casa Champignon<\/li><li>Manoir Escalier<\/li><li>La Chapelle de L'ange au Violon<\/li><li>Spa Isis \/ Therme Isis<\/li><li>Ancienne Gare SML<\/li><li>Ruinas del b\u00fanker en las dunas<\/li><li>Hotel Eleven<\/li><li>Desguace de coches<\/li><li>Casa Bosch<\/li><li>Manoir vitrail<\/li><li>Casa Vide<\/li><li>Casas del Mundo<\/li><li>Castillo Horus<\/li><li>Anciennes serres \u00e0 raisins<\/li><li>Casa de Nauda<\/li><li>Karting Perdue<\/li><\/ul>","protected":false},"excerpt":{"rendered":"<p>Este mapa urbex le ofrece todos los lugares de exploraci\u00f3n urbana (urbex) en<strong> Francia, <\/strong><strong>Occitanie<\/strong><strong>: Aude (11).<\/strong> Este mapa de lugares perdidos permanecer\u00e1 actualizado y accesible durante al menos 365 d\u00edas despu\u00e9s de la compra.<\/p>\n<p>Este mapa tiene actualmente 27 de los m\u00e1s singulares lugares de exploraci\u00f3n urbana en Francia, Occitanie: Aude (11) y es accesible desde cualquier lugar con nuestro mapa f\u00e1cil de usar<strong>.<\/strong><\/p>\n<p><strong>Si ya tiene este paquete, puede acceder a \u00e9l a trav\u00e9s de <a href=\"\/es\/mi-cuenta-2\/area-de-miembros\/43905\/mi-contenido-de-afiliacion\/\">Mis mapas &gt; Ver.<\/a><\/strong><\/p>\n<p><a href=\"#tab-description\">Lista de todas las ubicaciones de Urbex en este mapa.<\/a><\/p>","protected":false},"featured_media":49135,"template":"","meta":[],"product_brand":[],"product_cat":[1085,226,322,1135,1346,236],"product_tag":[],"class_list":{"0":"post-48858","1":"product","2":"type-product","3":"status-publish","4":"has-post-thumbnail","6":"product_cat-aude-11","7":"product_cat-france","8":"product_cat-location-packs","9":"product_cat-maps-france","10":"product_cat-maps-occitanie","11":"product_cat-occitanie","13":"first","14":"instock","15":"virtual","16":"taxable","17":"purchasable","18":"product-type-simple"},"jetpack_sharing_enabled":true,"_links":{"self":[{"href":"https:\/\/urbex.direct\/es\/wp-json\/wp\/v2\/product\/48858","targetHints":{"allow":["GET"]}}],"collection":[{"href":"https:\/\/urbex.direct\/es\/wp-json\/wp\/v2\/product"}],"about":[{"href":"https:\/\/urbex.direct\/es\/wp-json\/wp\/v2\/types\/product"}],"wp:featuredmedia":[{"embeddable":true,"href":"https:\/\/urbex.direct\/es\/wp-json\/wp\/v2\/media\/49135"}],"wp:attachment":[{"href":"https:\/\/urbex.direct\/es\/wp-json\/wp\/v2\/media?parent=48858"}],"wp:term":[{"taxonomy":"product_brand","embeddable":true,"href":"https:\/\/urbex.direct\/es\/wp-json\/wp\/v2\/product_brand?post=48858"},{"taxonomy":"product_cat","embeddable":true,"href":"https:\/\/urbex.direct\/es\/wp-json\/wp\/v2\/product_cat?post=48858"},{"taxonomy":"product_tag","embeddable":true,"href":"https:\/\/urbex.direct\/es\/wp-json\/wp\/v2\/product_tag?post=48858"}],"curies":[{"name":"wp","href":"https:\/\/api.w.org\/{rel}","templated":true}]}}