{"id":48857,"date":"2023-09-21T09:14:06","date_gmt":"2023-09-21T08:14:06","guid":{"rendered":"https:\/\/urbex.direct\/?post_type=product&#038;p=48857"},"modified":"2024-06-20T08:59:59","modified_gmt":"2024-06-20T07:59:59","slug":"mapa-de-situacion-pirineos-atlanticos-64-francia","status":"publish","type":"product","link":"https:\/\/urbex.direct\/es\/product\/location-map-pyrenees-atlantiques-64-france\/","title":{"rendered":"Mapa Urbex Francia, Nouvelle-Aquitaine: Pyr\u00e9n\u00e9es-Atlantiques (64) (1 a\u00f1o de acceso)"},"content":{"rendered":"<p>Este mapa contiene los siguientes lugares:<\/p>\n<ul><li>Castillo Bijoux<\/li><li>Hotel d'Angleterre<\/li><li>Usine L\u00e9on<\/li><li>Ch\u00e2teau Affranchis \/ Chateau Aristo \/ Chateau Mirador<\/li><li>Castillo NP<\/li><li>Hotel de los Pr\u00edncipes<\/li><li>Castillo Matti Haapoja<\/li><li>Sanatorio Thierry Paulin<\/li><li>Maison Rouge<\/li><li>Bo\u00eete de Nuit Jalousie<\/li><li>Ch\u00e2teau du mage blanc<\/li><li>La Belle Maison<\/li><li>Casa de la peste<\/li><li>Casa invisible<\/li><li>Villa Winsti<\/li><li>Casa Les Flots<\/li><li>Ferme Fifi<\/li><li>Casa Pissenlit<\/li><li>Maison 7 jumelles<\/li><li>Cl\u00ednica Beaulieu<\/li><\/ul>","protected":false},"excerpt":{"rendered":"<p>Este mapa urbex le ofrece todos los lugares de exploraci\u00f3n urbana (urbex) en<strong> Francia, Nouvelle-Aquitaine: Pyr\u00e9n\u00e9es-Atlantiques (64).<\/strong> Este mapa de lugares perdidos permanecer\u00e1 actualizado y accesible durante al menos 365 d\u00edas despu\u00e9s de la compra.<\/p>\n<p>Este mapa cuenta actualmente con 20 de los lugares de exploraci\u00f3n urbana m\u00e1s singulares de Francia, Nouvelle-Aquitaine: Pyr\u00e9n\u00e9es-Atlantiques (64) y es accesible desde cualquier lugar con nuestro mapa f\u00e1cil de usar<strong>.<\/strong><\/p>\n<p><strong>Si ya tiene este paquete, puede acceder a \u00e9l a trav\u00e9s de <a href=\"\/es\/mi-cuenta-2\/area-de-miembros\/43905\/mi-contenido-de-afiliacion\/\">Mis mapas &gt; Ver.<\/a><\/strong><\/p>\n<p><a href=\"#tab-description\">Lista de todas las ubicaciones de Urbex en este mapa.<\/a><\/p>","protected":false},"featured_media":49140,"template":"","meta":[],"product_brand":[],"product_cat":[226,322,1135,1349,235,1077],"product_tag":[],"class_list":{"0":"post-48857","1":"product","2":"type-product","3":"status-publish","4":"has-post-thumbnail","6":"product_cat-france","7":"product_cat-location-packs","8":"product_cat-maps-france","9":"product_cat-maps-nouvelle-aquitaine","10":"product_cat-nouvelle-aquitaine","11":"product_cat-pyrenees-atlantiques-64","13":"first","14":"instock","15":"virtual","16":"taxable","17":"purchasable","18":"product-type-simple"},"jetpack_sharing_enabled":true,"_links":{"self":[{"href":"https:\/\/urbex.direct\/es\/wp-json\/wp\/v2\/product\/48857","targetHints":{"allow":["GET"]}}],"collection":[{"href":"https:\/\/urbex.direct\/es\/wp-json\/wp\/v2\/product"}],"about":[{"href":"https:\/\/urbex.direct\/es\/wp-json\/wp\/v2\/types\/product"}],"wp:featuredmedia":[{"embeddable":true,"href":"https:\/\/urbex.direct\/es\/wp-json\/wp\/v2\/media\/49140"}],"wp:attachment":[{"href":"https:\/\/urbex.direct\/es\/wp-json\/wp\/v2\/media?parent=48857"}],"wp:term":[{"taxonomy":"product_brand","embeddable":true,"href":"https:\/\/urbex.direct\/es\/wp-json\/wp\/v2\/product_brand?post=48857"},{"taxonomy":"product_cat","embeddable":true,"href":"https:\/\/urbex.direct\/es\/wp-json\/wp\/v2\/product_cat?post=48857"},{"taxonomy":"product_tag","embeddable":true,"href":"https:\/\/urbex.direct\/es\/wp-json\/wp\/v2\/product_tag?post=48857"}],"curies":[{"name":"wp","href":"https:\/\/api.w.org\/{rel}","templated":true}]}}