{"id":48855,"date":"2023-09-21T09:12:29","date_gmt":"2023-09-21T08:12:29","guid":{"rendered":"https:\/\/urbex.direct\/?post_type=product&#038;p=48855"},"modified":"2024-06-20T08:59:17","modified_gmt":"2024-06-20T07:59:17","slug":"location-map-dordogne-24-france","status":"publish","type":"product","link":"https:\/\/urbex.direct\/es\/product\/location-map-dordogne-24-france\/","title":{"rendered":"Mapa Urbex Francia, Nouvelle-Aquitaine: Dordogne (24) (1 a\u00f1o de acceso)"},"content":{"rendered":"<p>Este mapa contiene los siguientes lugares:<\/p>\n<ul><li>Casa de retiro Dennis Nilsen<\/li><li>Ch\u00e2teau Repaire<\/li><li>Castillo L<\/li><li>Castillo de Tatou\u00e9<\/li><li>Castillo Herm<\/li><li>Maisons Dronne<\/li><li>Bo\u00eete de Nuit Le Scoop<\/li><li>Usine Couze<\/li><li>Castillo de la Lira<\/li><li>Hotel des Suites<\/li><li>Horror Hospital \/ H\u00f4pital de l'horreur<\/li><li>Maison de l&#039;Eglise<\/li><li>Maison Nains Jaune<\/li><li>Hospital nazi<\/li><li>Hotel Laurent \/ Hotel du Canard<\/li><li>Iglesia Ruine Gothique<\/li><li>Maison Sans Pareil<\/li><li>Castillo\nPaloma<\/li><li>F\u00e1brica Streetart<\/li><li>Parque La Guinguette<\/li><li>Centro de vacaciones Sombre<\/li><li>Manoir Asian Hornet \/ Manoir Frelon Asiatique<\/li><li>Ferme FRTE<\/li><li>Chateau Indio<\/li><li>Casa Bernier<\/li><\/ul>","protected":false},"excerpt":{"rendered":"<p>Este mapa urbex le ofrece todos los lugares de exploraci\u00f3n urbana (urbex) en<strong> Francia, Nouvelle-Aquitaine: Dordogne (24).<\/strong> Este mapa de lugares perdidos permanecer\u00e1 actualizado y accesible durante al menos 365 d\u00edas despu\u00e9s de la compra.<\/p>\n<p>Este mapa cuenta actualmente con 25 de los lugares de exploraci\u00f3n urbana m\u00e1s singulares de Francia, Nouvelle-Aquitaine: Dordo\u00f1a (24) y es accesible desde cualquier lugar con nuestro mapa f\u00e1cil de usar<strong>.<\/strong><\/p>\n<p><strong>Si ya tiene este paquete, puede acceder a \u00e9l a trav\u00e9s de <a href=\"\/es\/mi-cuenta-2\/area-de-miembros\/43905\/mi-contenido-de-afiliacion\/\">Mis mapas &gt; Ver.<\/a><\/strong><\/p>\n<p><a href=\"#tab-description\">Lista de todas las ubicaciones de Urbex en este mapa.<\/a><\/p>","protected":false},"featured_media":49091,"template":"","meta":[],"product_brand":[],"product_cat":[1073,226,322,1135,1349,235],"product_tag":[],"class_list":{"0":"post-48855","1":"product","2":"type-product","3":"status-publish","4":"has-post-thumbnail","6":"product_cat-dordogne-24","7":"product_cat-france","8":"product_cat-location-packs","9":"product_cat-maps-france","10":"product_cat-maps-nouvelle-aquitaine","11":"product_cat-nouvelle-aquitaine","13":"first","14":"instock","15":"virtual","16":"taxable","17":"purchasable","18":"product-type-simple"},"jetpack_sharing_enabled":true,"_links":{"self":[{"href":"https:\/\/urbex.direct\/es\/wp-json\/wp\/v2\/product\/48855","targetHints":{"allow":["GET"]}}],"collection":[{"href":"https:\/\/urbex.direct\/es\/wp-json\/wp\/v2\/product"}],"about":[{"href":"https:\/\/urbex.direct\/es\/wp-json\/wp\/v2\/types\/product"}],"wp:featuredmedia":[{"embeddable":true,"href":"https:\/\/urbex.direct\/es\/wp-json\/wp\/v2\/media\/49091"}],"wp:attachment":[{"href":"https:\/\/urbex.direct\/es\/wp-json\/wp\/v2\/media?parent=48855"}],"wp:term":[{"taxonomy":"product_brand","embeddable":true,"href":"https:\/\/urbex.direct\/es\/wp-json\/wp\/v2\/product_brand?post=48855"},{"taxonomy":"product_cat","embeddable":true,"href":"https:\/\/urbex.direct\/es\/wp-json\/wp\/v2\/product_cat?post=48855"},{"taxonomy":"product_tag","embeddable":true,"href":"https:\/\/urbex.direct\/es\/wp-json\/wp\/v2\/product_tag?post=48855"}],"curies":[{"name":"wp","href":"https:\/\/api.w.org\/{rel}","templated":true}]}}