{"id":48853,"date":"2023-09-21T09:10:06","date_gmt":"2023-09-21T08:10:06","guid":{"rendered":"https:\/\/urbex.direct\/?post_type=product&#038;p=48853"},"modified":"2024-06-20T08:55:32","modified_gmt":"2024-06-20T07:55:32","slug":"mapa-de-situacion-eure-27-france","status":"publish","type":"product","link":"https:\/\/urbex.direct\/es\/product\/location-map-eure-27-france\/","title":{"rendered":"Mapa Urbex Francia, Normand\u00eda: Eure (27) (1 a\u00f1o de acceso)"},"content":{"rendered":"<p>Este mapa contiene los siguientes lugares:<\/p>\n<ul><li>Casa oculta 4<\/li><li>Chateau PSP<\/li><li>Castillo Villa Dilme<\/li><li>Usine Magnifique<\/li><li>Castillo de Anzeray<\/li><li>Castillo de Singes<\/li><li>Garaje Jaguar<\/li><li>Casa Bernou<\/li><li>Manoir Jules<\/li><li>Manoir Christelle<\/li><li>Castillo de Bustes<\/li><li>Castillo Japon\u00e9s<\/li><li>Manoir Crochet \/ Maison Broderie \/ Maison Autotunne \/ Maison Peluche<\/li><li>Manoir du Riche Physicien<\/li><li>Casa del Taxidermista<\/li><li>Manoir du Chien Mort<\/li><li>Maison Sentier \/ Maison du Chasseur<\/li><li>Manoir Haringford \/ La Habitaci\u00f3n 2.0<\/li><li>Manoir Simca<\/li><li>Maison Paulette \/ Maison Dames<\/li><li>Manoir des Lumieres<\/li><li>Maison vie Sauvage<\/li><li>Maison Synth\u00e9 \/ Villa Rose<\/li><li>Casa de los hermanos Jumeaux<\/li><li>Castillo de los ni\u00f1os perdidos<\/li><li>Casa Tete de Chien<\/li><li>Cimentiere des Fous<\/li><li>Manoir Freya<\/li><li>Casa Peugeot<\/li><li>Villa T<\/li><li>Usine du D\u00e9sespoir<\/li><li>Casa Avre<\/li><li>Maison Firedamage<\/li><li>Casa Ginger<\/li><li>Graneros de jard\u00edn<\/li><li>El Museo Ferroviario incendiado<\/li><li>Almacenamiento de pasas<\/li><li>Grange de la brocanteuse<\/li><li>Casa Torreta<\/li><li>Casa del mec\u00e1nico<\/li><li>Casa WE<\/li><li>La granja de los acaparadores<\/li><\/ul>","protected":false},"excerpt":{"rendered":"<p>Este mapa urbex le ofrece todos los lugares de exploraci\u00f3n urbana (urbex) en<strong> Francia, <\/strong><strong>Normand\u00eda<\/strong><strong>: Eure (27).<\/strong> Este mapa de lugares perdidos permanecer\u00e1 actualizado y accesible durante al menos 365 d\u00edas despu\u00e9s de la compra.<\/p>\n<p>Este mapa cuenta actualmente con 42 de los lugares de exploraci\u00f3n urbana m\u00e1s singulares de Francia, Normand\u00eda: Eure (27) y es accesible desde cualquier lugar con nuestro mapa f\u00e1cil de usar<strong>.<\/strong><\/p>\n<p><strong>Si ya tiene este paquete, puede acceder a \u00e9l a trav\u00e9s de <a href=\"\/es\/mi-cuenta-2\/area-de-miembros\/43905\/mi-contenido-de-afiliacion\/\">Mis mapas &gt; Ver.<\/a><\/strong><\/p>\n<p><a href=\"#tab-description\">Lista de todas las ubicaciones de Urbex en este mapa.<\/a><\/p>","protected":false},"featured_media":49090,"template":"","meta":[],"product_brand":[],"product_cat":[1071,226,322,1135,1344,234],"product_tag":[],"class_list":{"0":"post-48853","1":"product","2":"type-product","3":"status-publish","4":"has-post-thumbnail","6":"product_cat-eure-27","7":"product_cat-france","8":"product_cat-location-packs","9":"product_cat-maps-france","10":"product_cat-maps-normandie","11":"product_cat-normandie","13":"first","14":"instock","15":"virtual","16":"taxable","17":"purchasable","18":"product-type-simple"},"jetpack_sharing_enabled":true,"_links":{"self":[{"href":"https:\/\/urbex.direct\/es\/wp-json\/wp\/v2\/product\/48853","targetHints":{"allow":["GET"]}}],"collection":[{"href":"https:\/\/urbex.direct\/es\/wp-json\/wp\/v2\/product"}],"about":[{"href":"https:\/\/urbex.direct\/es\/wp-json\/wp\/v2\/types\/product"}],"wp:featuredmedia":[{"embeddable":true,"href":"https:\/\/urbex.direct\/es\/wp-json\/wp\/v2\/media\/49090"}],"wp:attachment":[{"href":"https:\/\/urbex.direct\/es\/wp-json\/wp\/v2\/media?parent=48853"}],"wp:term":[{"taxonomy":"product_brand","embeddable":true,"href":"https:\/\/urbex.direct\/es\/wp-json\/wp\/v2\/product_brand?post=48853"},{"taxonomy":"product_cat","embeddable":true,"href":"https:\/\/urbex.direct\/es\/wp-json\/wp\/v2\/product_cat?post=48853"},{"taxonomy":"product_tag","embeddable":true,"href":"https:\/\/urbex.direct\/es\/wp-json\/wp\/v2\/product_tag?post=48853"}],"curies":[{"name":"wp","href":"https:\/\/api.w.org\/{rel}","templated":true}]}}